{"id":3825,"date":"2022-11-23T12:06:43","date_gmt":"2022-11-23T11:06:43","guid":{"rendered":"https:\/\/jednostki.uksw.edu.pl\/ewaluacja\/ewaluacja\/"},"modified":"2023-01-19T13:02:21","modified_gmt":"2023-01-19T12:02:21","slug":"ewaluacja","status":"publish","type":"page","link":"https:\/\/ewaluacja.uksw.edu.pl\/ewaluacja\/","title":{"rendered":"Ewaluacja"},"content":{"rendered":"\n<h2 class=\"wp-block-heading\">NAJLEPSZY WYNIK EWALUACJI JAKO\u015aCI DZIA\u0141ALNO\u015aCI NAUKOWEJ \u2013 NASZYM WSP\u00d3LNYM CELEM.<\/h2>\n\n\n\n<p>Ewaluacji, w my\u015bl obowi\u0105zuj\u0105cych przepis\u00f3w, podlega cyklicznie\u00a0<strong>jako\u015b\u0107 dzia\u0142alno\u015bci naukowej<\/strong>\u00a0prowadzonej przez uczelni\u0119 akademick\u0105 w\u00a0ramach realizowanych\u00a0<a rel=\"noreferrer noopener\" href=\"http:\/\/isap.sejm.gov.pl\/isap.nsf\/DocDetails.xsp?id=WDU20180001818\" target=\"_blank\"><strong>dyscyplin naukowych<\/strong><\/a>. W ocenie uwzgl\u0119dniane s\u0105<strong>\u00a0indywidualne osi\u0105gni\u0119cia wszystkich pracownik\u00f3w prowadz\u0105cych dzia\u0142alno\u015b\u0107 naukow\u0105<\/strong>\u00a0reprezentuj\u0105cych dan\u0105 dyscyplin\u0119. W wyniku oceny, poszczeg\u00f3lnym dyscyplinom przyznawane s\u0105 kategorie naukowe:\u00a0<strong>A+, A, B+, B\u00a0<\/strong>albo<strong>\u00a0C<\/strong>. Uzyskana kategoria\u00a0 pozostaje niezmienna i obowi\u0105zuje przez kolejne lata, do momentu przeprowadzenia kolejnej ewaluacji i wydania w zwi\u0105zku z tym procesem, nast\u0119pnej decyzji.<\/p>\n\n\n\n<p>Je\u015bli uczelnia zatrudnia\u00a0<strong>co najmniej 12 pracownik\u00f3w prowadz\u0105cych dzia\u0142alno\u015b\u0107 naukow\u0105<\/strong>\u00a0w danej dyscyplinie naukowej, w przeliczeniu na pe\u0142ny wymiar czasu pracy, wed\u0142ug stanu zatrudnienia na dzie\u0144 31 grudnia roku poprzedzaj\u0105cego rok przeprowadzania oceny, w\u00f3wczas podlega\u00a0<strong>obowi\u0105zkowej ewaluacji<\/strong>. Nie\u00a0jest to\u00a0zatem kwestia deklaracji czy\u00a0wyboru.<\/p>\n\n\n\n<div style=\"height:16px\" aria-hidden=\"true\" class=\"wp-block-spacer\"><\/div>\n\n\n\n<p>Od&nbsp;<strong>wyniku ewaluacji<\/strong>&nbsp;i&nbsp;<strong>uzyskanej&nbsp;<a href=\"https:\/\/ewaluacja.uksw.edu.pl\/ewaluacja\/kategorie-ewaluacji\/\" target=\"_blank\" data-type=\"page\" data-id=\"3830\" rel=\"noreferrer noopener\">kategorii<\/a><\/strong>&nbsp;zale\u017c\u0105 m.in.:<\/p>\n\n\n\n<ul class=\"wp-block-list\">\n<li>uprawnienia do&nbsp;prowadzenia studi\u00f3w i szk\u00f3\u0142 doktorskich,<\/li>\n\n\n\n<li>uprawnienia do nadawania stopni i&nbsp;tytu\u0142\u00f3w naukowych,<\/li>\n\n\n\n<li>kwota subwencji, czyli \u015brodk\u00f3w finansowych, kt\u00f3re jednostki naukowe otrzymuj\u0105 z&nbsp;bud\u017cetu pa\u0144stwa.<\/li>\n<\/ul>\n\n\n\n<p>Wa\u017cnym zatem jest uzyskanie jak najlepszego rezultatu, plasuj\u0105cego dyscyplin\u0119&nbsp;<strong>w kategorii B+ i powy\u017cej<\/strong>.<\/p>\n\n\n\n<p><strong>Pierwsza ewaluacja jako\u015bci dzia\u0142alno\u015bci naukowej wed\u0142ug nowych zasad zostanie przeprowadzona w 2022 roku. Obejmie okres od 2017 do 2021 roku (5 lat).<\/strong><\/p>\n\n\n\n<p><strong>Uniwersytet Kardyna\u0142a Stefana Wyszy\u0144skiego (UKSW)<\/strong>&nbsp;jako uczelnia akademicka, w my\u015bl obowi\u0105zuj\u0105cych przepis\u00f3w,&nbsp; podlega obowi\u0105zkowej ewaluacji jako\u015bci dzia\u0142alno\u015bci naukowej<strong>&nbsp;<\/strong><a href=\"https:\/\/ewaluacja.uksw.edu.pl\/wp-content\/uploads\/sites\/20\/2022\/11\/lista-ewaluowanych-dyscyplin-12_2020.pdf\" target=\"_blank\" data-type=\"URL\" data-id=\"https:\/\/ewaluacja.uksw.edu.pl\/wp-content\/uploads\/sites\/20\/2022\/11\/lista-ewaluowanych-dyscyplin-12_2020.pdf\" rel=\"noreferrer noopener\">w ramach dyscyplin naukowych<\/a>&nbsp;w nim realizowanych, wed\u0142ug trzech podstawowych kryteri\u00f3w:<\/p>\n\n\n\n<ul class=\"wp-block-list\">\n<li><a href=\"https:\/\/ewaluacja.uksw.edu.pl\/ewaluacja\/kryterium-1\/\" target=\"_blank\" data-type=\"page\" data-id=\"3831\" rel=\"noreferrer noopener\"><strong>kryterium 1<\/strong><\/a> \u2013 poziomu naukowego prowadzonej dzia\u0142alno\u015bci,<\/li>\n\n\n\n<li><a href=\"https:\/\/ewaluacja.uksw.edu.pl\/ewaluacja\/kryterium-2\/\" target=\"_blank\" data-type=\"page\" data-id=\"3832\" rel=\"noreferrer noopener\"><strong>kryterium 2<\/strong><\/a>&nbsp;\u2013 efekt\u00f3w finansowych bada\u0144 naukowych lub prac rozwojowych,<\/li>\n\n\n\n<li><a href=\"https:\/\/ewaluacja.uksw.edu.pl\/ewaluacja\/kryterium-3\/\" target=\"_blank\" data-type=\"page\" data-id=\"3833\" rel=\"noreferrer noopener\"><strong>kryterium 3<\/strong><\/a>&nbsp;\u2013 wp\u0142ywu dzia\u0142alno\u015bci naukowej na funkcjonowanie spo\u0142ecze\u0144stwa i gospodarki.<\/li>\n<\/ul>\n\n\n\n<h3 class=\"wp-block-heading\">Wagi kryteri\u00f3w ewaluacji dla poszczeg\u00f3lnych dziedzin i dyscyplin naukowych:<\/h3>\n\n\n\n<figure class=\"wp-block-table\"><table><thead><tr><th>kryteria<\/th><th class=\"has-text-align-center\" data-align=\"center\">nauki humanistyczne, spo\u0142eczne, teologiczne<\/th><th class=\"has-text-align-center\" data-align=\"center\">nauki \u015bcis\u0142e i przyrodnicze, medyczne i o zdrowiu<\/th><th class=\"has-text-align-center\" data-align=\"center\">nauki in\u017cynieryjno-techniczne, rolnicze<\/th><th class=\"has-text-align-center\" data-align=\"center\">dyscypliny artystyczne<\/th><\/tr><\/thead><tbody><tr><td><strong>kryterium 1<\/strong> \u2014 poziom naukowy lub artystyczny<\/td><td class=\"has-text-align-center\" data-align=\"center\"><strong>70%<\/strong><\/td><td class=\"has-text-align-center\" data-align=\"center\"><strong>60%<\/strong><\/td><td class=\"has-text-align-center\" data-align=\"center\"><strong>50%<\/strong><\/td><td class=\"has-text-align-center\" data-align=\"center\"><strong>80%<\/strong><\/td><\/tr><tr><td><strong>kryterium <\/strong>2 \u2014 efekty finansowe bada\u0144 i prac rozwojowych<\/td><td class=\"has-text-align-center\" data-align=\"center\"><strong>10%<\/strong><\/td><td class=\"has-text-align-center\" data-align=\"center\"><strong>20%<\/strong><\/td><td class=\"has-text-align-center\" data-align=\"center\"><strong>35%<\/strong><\/td><td class=\"has-text-align-center\" data-align=\"center\">\u2014<\/td><\/tr><tr><td><strong>kryterium <\/strong>3 \u2014 wp\u0142yw dzia\u0142alno\u015bci naukowej na spo\u0142ecze\u0144stwo lub gospodark\u0119<\/td><td class=\"has-text-align-center\" data-align=\"center\"><strong>20%<\/strong><\/td><td class=\"has-text-align-center\" data-align=\"center\"><strong>20%<\/strong><\/td><td class=\"has-text-align-center\" data-align=\"center\"><strong>15%<\/strong><\/td><td class=\"has-text-align-center\" data-align=\"center\"><strong>20%<\/strong><\/td><\/tr><\/tbody><\/table><\/figure>\n\n\n\n<p><strong>Uwaga:<\/strong>&nbsp;Ewaluacj\u0119 przeprowadza&nbsp;<strong><a href=\"https:\/\/www.bip.nauka.gov.pl\/komisja-ewaluacji-nauki\/komisja-ewaluacji-nauki.html\" target=\"_blank\" rel=\"noreferrer noopener\">Komisja Ewaluacji Nauki (KEN)<\/a><\/strong>&nbsp;na podstawie informacji zawartych w<strong>&nbsp;Zintegrowanym Systemie Informacji o Szkolnictwie Wy\u017cszymi Nauce \u2013 POL-on<\/strong>, kt\u00f3rego podsystemy stanowi\u0105: modu\u0142&nbsp;<a href=\"https:\/\/polon.nauka.gov.pl\/siec-polon\" target=\"_blank\" rel=\"noreferrer noopener\"><strong>POL-on<\/strong><\/a>,&nbsp;repozytorium Polskiej Bibliografii Naukowej \u2013&nbsp;<strong><a href=\"https:\/\/pbn.nauka.gov.pl\/core\/#\/home\" target=\"_blank\" rel=\"noreferrer noopener\">PBN<\/a>&nbsp;<\/strong>i System Ewaluacji Dorobku Naukowego \u2013&nbsp;<a href=\"https:\/\/sedn-demo.opi.org.pl\/\" target=\"_blank\" rel=\"noreferrer noopener\"><strong>SEDN<\/strong><\/a>, co w praktyce wskazuje, jak wa\u017cne jest&nbsp;<strong>zamieszczanie poprawnych i aktualnych danych<\/strong>&nbsp;w niniejszych systemach,&nbsp; a tak\u017ce umieszczanie informacji na indywidualnych kontach portalu&nbsp;<a href=\"http:\/\/orcid.org\/\" target=\"_blank\" rel=\"noreferrer noopener\"><strong>ORCID<\/strong><\/a>&nbsp;przez nauczycieli akademickich.<\/p>\n\n\n\n<h3 class=\"wp-block-heading\">Wi\u0119cej informacji:<\/h3>\n\n\n\n<ul class=\"wp-block-list\">\n<li><a rel=\"noreferrer noopener\" href=\"https:\/\/ewaluacja.uksw.edu.pl\/wp-content\/uploads\/sites\/20\/2022\/11\/ewaluacja-jakosci-dzialalnosci-naukowej-przewodnik20190305.pdf\" data-type=\"URL\" data-id=\"https:\/\/ewaluacja.uksw.edu.pl\/wp-content\/uploads\/sites\/20\/2022\/11\/ewaluacja-jakosci-dzialalnosci-naukowej-przewodnik20190305.pdf\" target=\"_blank\">Przewodnik po ewaluacji MNiSW \u2013<\/a>\u00a0Materia\u0142y sprzed nowelizacji rozporz\u0105dzenia w sprawie ewaluacji,\n<ul class=\"wp-block-list\">\n<li><\/li>\n<\/ul>\n<\/li>\n\n\n\n<li><a rel=\"noreferrer noopener\" href=\"https:\/\/konstytucjadlanauki.gov.pl\/ewaluacja\" target=\"_blank\">Konstytucja dla nauki: ewaluacja \u2013 strona MNiSW<\/a>\u00a0\u2013 Materia\u0142y sprzed nowelizacji,<\/li>\n\n\n\n<li><a rel=\"noreferrer noopener\" href=\"https:\/\/ewaluacja.uksw.edu.pl\/ewaluacja\/akty-prawne\/\" data-type=\"page\" data-id=\"3835\" target=\"_blank\">Akty prawne zewn\u0119trzne i wewn\u0119trzne<\/a>.<\/li>\n<\/ul>\n\n\n\r\n<div class=\"\">\r\n\r\n<div class=\"page_heading\"> <img decoding=\"async\" src=\"https:\/\/ewaluacja.uksw.edu.pl\/wp-content\/themes\/uksw\/images\/note-2_white.svg\" alt=\"\"> Wybierz interesuj\u0105cy Ci\u0119 dzia\u0142:<\/div>\r\n<div class=\"candidate_box_sec\">\r\n<div class=\"row\">\r\n\r\n    \r\n                                \r\n                            <div class=\"col-xl-6 col-lg-6 col-md-12 col-sm-12 project\">\r\n                                <a href=\"https:\/\/ewaluacja.uksw.edu.pl\/?post_type=page&#038;p=3830\" class=\"project_box\">\r\n                                    <div class=\"candidate_box project_box\">\r\n                                        <div class=\"candidate_box_title\">Kategorie<\/div>\r\n                                                                                <div class=\"candidate_box_sub_title\">Ewaluacji<\/div>\r\n                                                                                <img decoding=\"async\" src=\"https:\/\/ewaluacja.uksw.edu.pl\/wp-content\/themes\/uksw\/images\/arrow_more1.svg\" alt=\"\">  \r\n                                    <\/div>\r\n                                <\/a>\r\n                            <\/div>\r\n                      \r\n                        \r\n                            \r\n                                \r\n                            <div class=\"col-xl-6 col-lg-6 col-md-12 col-sm-12 project\">\r\n                                <a href=\"https:\/\/ewaluacja.uksw.edu.pl\/?post_type=page&#038;p=3831\" class=\"project_box\">\r\n                                    <div class=\"candidate_box project_box\">\r\n                                        <div class=\"candidate_box_title\">Kryterium<\/div>\r\n                                                                                <div class=\"candidate_box_sub_title\">1<\/div>\r\n                                                                                <img decoding=\"async\" src=\"https:\/\/ewaluacja.uksw.edu.pl\/wp-content\/themes\/uksw\/images\/arrow_more1.svg\" alt=\"\">  \r\n                                    <\/div>\r\n                                <\/a>\r\n                            <\/div>\r\n                      \r\n                        \r\n                            \r\n                                \r\n                            <div class=\"col-xl-6 col-lg-6 col-md-12 col-sm-12 project\">\r\n                                <a href=\"https:\/\/ewaluacja.uksw.edu.pl\/?post_type=page&#038;p=3832\" class=\"project_box\">\r\n                                    <div class=\"candidate_box project_box\">\r\n                                        <div class=\"candidate_box_title\">Kryterium<\/div>\r\n                                                                                <div class=\"candidate_box_sub_title\">2<\/div>\r\n                                                                                <img decoding=\"async\" src=\"https:\/\/ewaluacja.uksw.edu.pl\/wp-content\/themes\/uksw\/images\/arrow_more1.svg\" alt=\"\">  \r\n                                    <\/div>\r\n                                <\/a>\r\n                            <\/div>\r\n                      \r\n                        \r\n                            \r\n                                \r\n                            <div class=\"col-xl-6 col-lg-6 col-md-12 col-sm-12 project\">\r\n                                <a href=\"https:\/\/ewaluacja.uksw.edu.pl\/?post_type=page&#038;p=3833\" class=\"project_box\">\r\n                                    <div class=\"candidate_box project_box\">\r\n                                        <div class=\"candidate_box_title\">Kryterium<\/div>\r\n                                                                                <div class=\"candidate_box_sub_title\">3<\/div>\r\n                                                                                <img decoding=\"async\" src=\"https:\/\/ewaluacja.uksw.edu.pl\/wp-content\/themes\/uksw\/images\/arrow_more1.svg\" alt=\"\">  \r\n                                    <\/div>\r\n                                <\/a>\r\n                            <\/div>\r\n                      \r\n                        \r\n                            \r\n                                \r\n                            <div class=\"col-xl-6 col-lg-6 col-md-12 col-sm-12 project\">\r\n                                <a href=\"https:\/\/ewaluacja.uksw.edu.pl\/?post_type=page&#038;p=3834\" class=\"project_box\">\r\n                                    <div class=\"candidate_box project_box\">\r\n                                        <div class=\"candidate_box_title\">Liczba<\/div>\r\n                                                                                <div class=\"candidate_box_sub_title\">N<\/div>\r\n                                                                                <img decoding=\"async\" src=\"https:\/\/ewaluacja.uksw.edu.pl\/wp-content\/themes\/uksw\/images\/arrow_more1.svg\" alt=\"\">  \r\n                                    <\/div>\r\n                                <\/a>\r\n                            <\/div>\r\n                      \r\n                        \r\n                            \r\n                                \r\n                            <div class=\"col-xl-6 col-lg-6 col-md-12 col-sm-12 project\">\r\n                                <a href=\"https:\/\/ewaluacja.uksw.edu.pl\/?post_type=page&#038;p=3835\" class=\"project_box\">\r\n                                    <div class=\"candidate_box project_box\">\r\n                                        <div class=\"candidate_box_title\">Akty<\/div>\r\n                                                                                <div class=\"candidate_box_sub_title\">prawne<\/div>\r\n                                                                                <img decoding=\"async\" src=\"https:\/\/ewaluacja.uksw.edu.pl\/wp-content\/themes\/uksw\/images\/arrow_more1.svg\" alt=\"\">  \r\n                                    <\/div>\r\n                                <\/a>\r\n                            <\/div>\r\n                      \r\n                        \r\n                            <\/div>\r\n<\/div>\r\n\r\n<\/div>","protected":false},"excerpt":{"rendered":"<p>NAJLEPSZY WYNIK EWALUACJI JAKO\u015aCI DZIA\u0141ALNO\u015aCI NAUKOWEJ \u2013 NASZYM WSP\u00d3LNYM CELEM. Ewaluacji, w my\u015bl obowi\u0105zuj\u0105cych przepis\u00f3w, podlega cyklicznie\u00a0jako\u015b\u0107 dzia\u0142alno\u015bci naukowej\u00a0prowadzonej przez uczelni\u0119 akademick\u0105 w\u00a0ramach realizowanych\u00a0dyscyplin naukowych. W ocenie uwzgl\u0119dniane s\u0105\u00a0indywidualne osi\u0105gni\u0119cia wszystkich pracownik\u00f3w prowadz\u0105cych dzia\u0142alno\u015b\u0107 naukow\u0105\u00a0reprezentuj\u0105cych dan\u0105 dyscyplin\u0119. W wyniku oceny, poszczeg\u00f3lnym dyscyplinom przyznawane s\u0105 kategorie naukowe:\u00a0A+, A, B+, B\u00a0albo\u00a0C. Uzyskana kategoria\u00a0 pozostaje niezmienna i obowi\u0105zuje [&hellip;]<\/p>\n","protected":false},"author":1,"featured_media":4277,"parent":0,"menu_order":1,"comment_status":"closed","ping_status":"closed","template":"page-templates\/template-sub-page.php","meta":{"_acf_changed":false,"inline_featured_image":false,"footnotes":"","_links_to":"","_links_to_target":""},"class_list":["post-3825","page","type-page","status-publish","has-post-thumbnail","hentry"],"acf":[],"_links":{"self":[{"href":"https:\/\/ewaluacja.uksw.edu.pl\/pl\/wp-json\/wp\/v2\/pages\/3825","targetHints":{"allow":["GET"]}}],"collection":[{"href":"https:\/\/ewaluacja.uksw.edu.pl\/pl\/wp-json\/wp\/v2\/pages"}],"about":[{"href":"https:\/\/ewaluacja.uksw.edu.pl\/pl\/wp-json\/wp\/v2\/types\/page"}],"author":[{"embeddable":true,"href":"https:\/\/ewaluacja.uksw.edu.pl\/pl\/wp-json\/wp\/v2\/users\/1"}],"replies":[{"embeddable":true,"href":"https:\/\/ewaluacja.uksw.edu.pl\/pl\/wp-json\/wp\/v2\/comments?post=3825"}],"version-history":[{"count":42,"href":"https:\/\/ewaluacja.uksw.edu.pl\/pl\/wp-json\/wp\/v2\/pages\/3825\/revisions"}],"predecessor-version":[{"id":4305,"href":"https:\/\/ewaluacja.uksw.edu.pl\/pl\/wp-json\/wp\/v2\/pages\/3825\/revisions\/4305"}],"wp:featuredmedia":[{"embeddable":true,"href":"https:\/\/ewaluacja.uksw.edu.pl\/pl\/wp-json\/wp\/v2\/media\/4277"}],"wp:attachment":[{"href":"https:\/\/ewaluacja.uksw.edu.pl\/pl\/wp-json\/wp\/v2\/media?parent=3825"}],"curies":[{"name":"wp","href":"https:\/\/api.w.org\/{rel}","templated":true}]}}