{"id":3826,"date":"2022-11-23T12:06:44","date_gmt":"2022-11-23T11:06:44","guid":{"rendered":"https:\/\/jednostki.uksw.edu.pl\/ewaluacja\/nauczyciel-akademicki\/"},"modified":"2022-12-20T09:10:38","modified_gmt":"2022-12-20T08:10:38","slug":"nauczyciel-akademicki","status":"publish","type":"page","link":"https:\/\/ewaluacja.uksw.edu.pl\/nauczyciel-akademicki\/","title":{"rendered":"Nauczyciel akademicki"},"content":{"rendered":"\n<p><strong>Zadania nauczyciela akademickiego<\/strong>&nbsp;(osoby prowadz\u0105cej dzia\u0142alno\u015b\u0107 naukow\u0105*), zatrudnionego w UKSW w grupie stanowisk badawczych lub badawczo-dydaktycznych, w procesie ewaluacji \u2013&nbsp;w wyznaczonych ramach czasowych:<\/p>\n\n\n\n<ul class=\"wp-block-list\">\n<li><strong>za\u0142o\u017cenie konta&nbsp;<a href=\"https:\/\/orcid.org\/\" target=\"_blank\" rel=\"noreferrer noopener\">ORCID<\/a><\/strong> i&nbsp;pozyskanie numeru (je\u015bli jeszcze nie posiada) \u2013 niezw\u0142ocznie od daty zatrudnienia, numer podaje si\u0119 wraz ze sk\u0142adanymi o\u015bwiadczeniami, o kt\u00f3rych mowa poni\u017cej (<strong>Uwaga:&nbsp;<\/strong>przy zak\u0142adaniu konta nale\u017cy w ustawieniach widoczno\u015bci, pami\u0119ta\u0107 o wyborze opcji konta publicznego:&nbsp;<strong>\u201eEveryone\u201d<\/strong>, co umo\u017cliwi wymian\u0119 informacji pomi\u0119dzy systemami bior\u0105cymi udzia\u0142 w procesie ewaluacji),<\/li>\n\n\n\n<li><strong>z\u0142o\u017cenie<\/strong>&nbsp;<a href=\"https:\/\/ewaluacja.uksw.edu.pl\/nauczyciel-akademicki\/oswiadczenia\/\" target=\"_blank\" data-type=\"page\" data-id=\"3838\" rel=\"noreferrer noopener\"><strong>o\u015bwiadczenia o zaliczeniu do liczby N<\/strong>&nbsp;<\/a>(art. 265 ust. 4 i 5 ustawy 2.0 oraz&nbsp;<a href=\"https:\/\/monitor.uksw.edu.pl\/docs\/5678\" target=\"_blank\" rel=\"noreferrer noopener\">Zarz\u0105dzenie Nr 86\/2020 Rektora UKSW<\/a>&nbsp;z dnia 17 grudnia 2020 r.) \u2013 14 dni od daty zatrudnienia,&nbsp;nie p\u00f3\u017aniej&nbsp;ni\u017c do dnia 31 grudnia roku rozpocz\u0119cia zatrudnienia, w przypadku zatrudnienia w stosunku pracy podstawowym miejscu pracy,<\/li>\n\n\n\n<li><strong>z\u0142o\u017cenie<\/strong>&nbsp;<a href=\"https:\/\/ewaluacja.uksw.edu.pl\/nauczyciel-akademicki\/oswiadczenia\/\" target=\"_blank\" data-type=\"page\" data-id=\"3838\" rel=\"noreferrer noopener\"><strong>o\u015bwiadczenia o dyscyplinach<\/strong><\/a>&nbsp;(art. 343 ust. 7-10 ustawy 2.0 oraz&nbsp;<a href=\"https:\/\/monitor.uksw.edu.pl\/docs\/5678\" target=\"_blank\" rel=\"noreferrer noopener\">Zarz\u0105dzenie Nr 86\/2020 Rektora UKSW<\/a>&nbsp;z dnia 17 grudnia 2020 r.) \u2013 14 dni od daty zatrudnienia,&nbsp;nie p\u00f3\u017aniej&nbsp;ni\u017c do dnia 31 grudnia roku rozpocz\u0119cia zatrudnienia,<\/li>\n\n\n\n<li><strong>sk\u0142adanie<\/strong> <a href=\"https:\/\/ewaluacja.uksw.edu.pl\/nauczyciel-akademicki\/oswiadczenia\/\" data-type=\"page\" data-id=\"3838\" target=\"_blank\" rel=\"noreferrer noopener\"><strong>o\u015bwiadcze\u0144 upowa\u017cniaj\u0105cych UKSW<\/strong>&nbsp;<strong>do wykazania osi\u0105gni\u0119\u0107 naukowych<\/strong><\/a>&nbsp;z wykazami osi\u0105gni\u0119\u0107 (art. 265 ust.13 ustawy 2.0 oraz&nbsp;<a href=\"https:\/\/monitor.uksw.edu.pl\/docs\/5685\" target=\"_blank\" rel=\"noreferrer noopener\">Zarz\u0105dzenie Nr 45\/2020 Rektora UKSW<\/a>&nbsp;z dnia 10 lipca 2020 r. z p\u00f3\u017an. zmianami) wraz&nbsp;<strong>z wykazami publikacji<\/strong>&nbsp;oraz przypisywanie osi\u0105gni\u0119\u0107 publikacyjnych zatrudniaj\u0105cemu podmiotowi \u2013 zgodnie z terminami uregulowanymi&nbsp;<a href=\"https:\/\/monitor.uksw.edu.pl\/docs\/5685\" target=\"_blank\" rel=\"noreferrer noopener\">przepisami wewn\u0119trznymi UKSW<\/a>,<\/li>\n\n\n\n<li><strong>wykazanie przynajmniej jednej publikacji naukowej z wykazu ministerialnego czasopism lub wydawnictw<\/strong>, gdy\u017c niewykazanie takowej wi\u0105\u017ce si\u0119 z obni\u017ceniem punktacji dla dyscypliny \u2013 zmniejszenie sumy udzia\u0142\u00f3w jednostkowych o 3 za ka\u017cdego pracownika (Rozporz\u0105dzenie MNiSW z dnia 22 lutego 2019 roku w sprawie ewaluacji jako\u015bci dzia\u0142alno\u015bci naukowej z p\u00f3\u017an. zmianami \u00a7 17 ust. 8 pkt 1 lit. d).<\/li>\n\n\n\n<li><strong><a href=\"https:\/\/pbn.nauka.gov.pl\/centrum-pomocy\/baza-wiedzy\/polska-bibliografia-naukowa-pbn-przewodnik-dla-naukowcow\/\" target=\"_blank\" rel=\"noreferrer noopener\">za\u0142o\u017cenie konta i Profilu Autora<\/a>&nbsp;<\/strong>na portalu Polskiej Bibliografii Naukowej \u2013 PBN oraz&nbsp;<strong>po\u0142\u0105czenie profili PBN i ORCID<\/strong>,<\/li>\n\n\n\n<li><strong>bie\u017c\u0105ce uzupe\u0142nianie dorobku naukowego<\/strong><strong>na indywidualnych kontach ORCID i PBN,&nbsp;<\/strong>w taki spos\u00f3b, aby na ww. portalach znajdowa\u0142y si\u0119&nbsp;<strong>wszystkie publikacje wykazane<\/strong>&nbsp;wraz z o\u015bwiadczeniami upowa\u017cniaj\u0105cymi\n<ul class=\"wp-block-list\">\n<li><strong><a href=\"https:\/\/ewaluacja.uksw.edu.pl\/wp-content\/uploads\/sites\/20\/2022\/11\/PBN-przewodnik-dla-autorow-1.pdf\" target=\"_blank\" data-type=\"URL\" data-id=\"https:\/\/ewaluacja.uksw.edu.pl\/wp-content\/uploads\/sites\/20\/2022\/11\/PBN-przewodnik-dla-autorow-1.pdf\" rel=\"noreferrer noopener\">PBN-przewodnik dla autor\u00f3w [PDF].<\/a><\/strong><\/li>\n<\/ul>\n<\/li>\n\n\n\n<li>wsp\u00f3\u0142praca z&nbsp;<a href=\"https:\/\/ewaluacja.uksw.edu.pl\/wp-content\/uploads\/sites\/20\/2022\/11\/2021_04_28-Impoterzy-Publikacji.pdf\" target=\"_blank\" data-type=\"URL\" data-id=\"https:\/\/ewaluacja.uksw.edu.pl\/wp-content\/uploads\/sites\/20\/2022\/11\/2021_04_28-Impoterzy-Publikacji.pdf\" rel=\"noreferrer noopener\">Importerem Publikacji<\/a>&nbsp;powo\u0142anym dla reprezentowanej dyscypliny\/dyscyplin naukowych.<\/li>\n<\/ul>\n\n\n\n<hr class=\"wp-block-separator has-alpha-channel-opacity\"\/>\n\n\n\n<p><strong>*Osoba prowadz\u0105ca dzia\u0142alno\u015b\u0107 naukow\u0105 i osoba bior\u0105ca udzia\u0142 w dzia\u0142alno\u015bci naukowej<\/strong><\/p>\n\n\n\n<p><strong>Osoba prowadz\u0105ca dzia\u0142alno\u015b\u0107 naukow\u0105<\/strong>&nbsp;to pracownik, kt\u00f3ry prowadzi badania naukowe, prace rozwojowe lub dzia\u0142alno\u015b\u0107 w zakresie tw\u00f3rczo\u015bci artystycznej. Jest ni\u0105 w rozumieniu ww. ustawy nauczyciel akademicki zatrudniony w grupie stanowisk badawczych lub badawczo-dydaktycznych. Taka osoba jest zobowi\u0105zana do&nbsp;z\u0142o\u017cenia o\u015bwiadczenia o reprezentowanej dyscyplinie\/reprezentowanych dyscyplinach oraz&nbsp;o\u015bwiadczenia o&nbsp;zaliczeniu do liczby N w co najmniej jednej z reprezentowanych dyscyplin.<\/p>\n\n\n\n<p>Dorobek tych os\u00f3b b\u0119dzie podlega\u0142 ewaluacji jako\u015bci dzia\u0142alno\u015bci naukowej. Osoby te s\u0105 uwzgl\u0119dniane w &nbsp;algorytmie podzia\u0142u \u015brodk\u00f3w z subwencji na utrzymanie i rozw\u00f3j potencja\u0142u badawczego.<\/p>\n\n\n\n<p>Ustawa nie wyklucza mo\u017cliwo\u015bci z\u0142o\u017cenia o\u015bwiadcze\u0144 (o dyscyplinie oraz o\u015bwiadczenia N) tak\u017ce przez pracownik\u00f3w uczelni, zatrudnionych na innych ni\u017c ww. grupach stanowisk, je\u017celi faktycznie prowadz\u0105 oni dzia\u0142alno\u015b\u0107 naukow\u0105 (zgodnie z w art. 4 ustawy) i posiadaj\u0105 w tym zakresie osi\u0105gni\u0119cia b\u0119d\u0105ce przedmiotem ewaluacji.\u200b&nbsp;<strong>Pracownikiem prowadz\u0105cym dzia\u0142alno\u015b\u0107 naukow\u0105 mo\u017ce r\u00f3wnie\u017c by\u0107 pracownik zatrudniony na stanowisku innym ni\u017c te okre\u015blone powy\u017cej (czyli np. na stanowisku wy\u0142\u0105cznie dydaktycznym), je\u017celi taki pracownik z\u0142o\u017cy\u0142 dwa wy\u017cej wskazane o\u015bwiadczenia.<\/strong><\/p>\n\n\n\n<hr class=\"wp-block-separator has-alpha-channel-opacity\"\/>\n\n\n\n<p><strong>Osoba bior\u0105ca udzia\u0142 w prowadzeniu dzia\u0142alno\u015bci naukowej&nbsp;<\/strong>to pracownik pe\u0142ni\u0105cy funkcje pomocnicze w&nbsp;stosunku do os\u00f3b prowadz\u0105cych dzia\u0142alno\u015b\u0107 naukow\u0105 i nieposiadaj\u0105ca w\u0142asnych (samodzielnych) osi\u0105gni\u0119\u0107 naukowych lub artystycznych. Aktywno\u015b\u0107 os\u00f3b bior\u0105cych udzia\u0142 w prowadzeniu dzia\u0142alno\u015bci naukowej w&nbsp;danej dyscyplinie nie jest obj\u0119ta ewaluacj\u0105 jako\u015bci dzia\u0142alno\u015bci naukowej.<\/p>\n\n\n\n<p><strong>Obowi\u0105zek z\u0142o\u017cenia o\u015bwiadczenia<\/strong><\/p>\n\n\n\n<p>Obowi\u0105zek z\u0142o\u017cenia o\u015bwiadczenia o dyscyplinie dotyczy tylko os\u00f3b zatrudnionych na podstawie stosunku pracy w UKSW.<\/p>\n\n\n\r\n<div class=\"\">\r\n\r\n<div class=\"page_heading\"> <img decoding=\"async\" src=\"https:\/\/ewaluacja.uksw.edu.pl\/wp-content\/themes\/uksw\/images\/note-2_white.svg\" alt=\"\"> Wybierz interesuj\u0105cy Ci\u0119 dzia\u0142:<\/div>\r\n<div class=\"candidate_box_sec\">\r\n<div class=\"row\">\r\n\r\n    \r\n                                \r\n                            <div class=\"col-xl-4 col-lg-6 col-md-12 col-sm-12 project\">\r\n                                <a href=\"https:\/\/ewaluacja.uksw.edu.pl\/?post_type=page&#038;p=3838\" class=\"project_box\">\r\n                                    <div class=\"candidate_box project_box\">\r\n                                        <div class=\"candidate_box_title\">O\u015bwiadczenia<\/div>\r\n                                                                                <img decoding=\"async\" src=\"https:\/\/ewaluacja.uksw.edu.pl\/wp-content\/themes\/uksw\/images\/arrow_more1.svg\" alt=\"\">  \r\n                                    <\/div>\r\n                                <\/a>\r\n                            <\/div>\r\n                      \r\n                        \r\n                            \r\n                                \r\n                            <div class=\"col-xl-4 col-lg-6 col-md-12 col-sm-12 project\">\r\n                                <a href=\"https:\/\/ewaluacja.uksw.edu.pl\/?post_type=page&#038;p=3839\" class=\"project_box\">\r\n                                    <div class=\"candidate_box project_box\">\r\n                                        <div class=\"candidate_box_title\">Zmiana<\/div>\r\n                                                                                <div class=\"candidate_box_sub_title\">dyscypliny<\/div>\r\n                                                                                <img decoding=\"async\" src=\"https:\/\/ewaluacja.uksw.edu.pl\/wp-content\/themes\/uksw\/images\/arrow_more1.svg\" alt=\"\">  \r\n                                    <\/div>\r\n                                <\/a>\r\n                            <\/div>\r\n                      \r\n                        \r\n                            \r\n                                \r\n                            <div class=\"col-xl-4 col-lg-6 col-md-12 col-sm-12 project\">\r\n                                <a href=\"https:\/\/ewaluacja.uksw.edu.pl\/?post_type=page&#038;p=3840\" class=\"project_box\">\r\n                                    <div class=\"candidate_box project_box\">\r\n                                        <div class=\"candidate_box_title\">ORCID<\/div>\r\n                                                                                <img decoding=\"async\" src=\"https:\/\/ewaluacja.uksw.edu.pl\/wp-content\/themes\/uksw\/images\/arrow_more1.svg\" alt=\"\">  \r\n                                    <\/div>\r\n                                <\/a>\r\n                            <\/div>\r\n                      \r\n                        \r\n                            <\/div>\r\n<\/div>\r\n\r\n<\/div>","protected":false},"excerpt":{"rendered":"<p>Zadania nauczyciela akademickiego&nbsp;(osoby prowadz\u0105cej dzia\u0142alno\u015b\u0107 naukow\u0105*), zatrudnionego w UKSW w grupie stanowisk badawczych lub badawczo-dydaktycznych, w procesie ewaluacji \u2013&nbsp;w wyznaczonych ramach czasowych: *Osoba prowadz\u0105ca dzia\u0142alno\u015b\u0107 naukow\u0105 i osoba bior\u0105ca udzia\u0142 w dzia\u0142alno\u015bci naukowej Osoba prowadz\u0105ca dzia\u0142alno\u015b\u0107 naukow\u0105&nbsp;to pracownik, kt\u00f3ry prowadzi badania naukowe, prace rozwojowe lub dzia\u0142alno\u015b\u0107 w zakresie tw\u00f3rczo\u015bci artystycznej. Jest ni\u0105 w rozumieniu ww. [&hellip;]<\/p>\n","protected":false},"author":1,"featured_media":4281,"parent":0,"menu_order":2,"comment_status":"closed","ping_status":"closed","template":"page-templates\/template-sub-page.php","meta":{"_acf_changed":false,"inline_featured_image":false,"footnotes":"","_links_to":"","_links_to_target":""},"class_list":["post-3826","page","type-page","status-publish","has-post-thumbnail","hentry"],"acf":[],"_links":{"self":[{"href":"https:\/\/ewaluacja.uksw.edu.pl\/pl\/wp-json\/wp\/v2\/pages\/3826","targetHints":{"allow":["GET"]}}],"collection":[{"href":"https:\/\/ewaluacja.uksw.edu.pl\/pl\/wp-json\/wp\/v2\/pages"}],"about":[{"href":"https:\/\/ewaluacja.uksw.edu.pl\/pl\/wp-json\/wp\/v2\/types\/page"}],"author":[{"embeddable":true,"href":"https:\/\/ewaluacja.uksw.edu.pl\/pl\/wp-json\/wp\/v2\/users\/1"}],"replies":[{"embeddable":true,"href":"https:\/\/ewaluacja.uksw.edu.pl\/pl\/wp-json\/wp\/v2\/comments?post=3826"}],"version-history":[{"count":4,"href":"https:\/\/ewaluacja.uksw.edu.pl\/pl\/wp-json\/wp\/v2\/pages\/3826\/revisions"}],"predecessor-version":[{"id":4283,"href":"https:\/\/ewaluacja.uksw.edu.pl\/pl\/wp-json\/wp\/v2\/pages\/3826\/revisions\/4283"}],"wp:featuredmedia":[{"embeddable":true,"href":"https:\/\/ewaluacja.uksw.edu.pl\/pl\/wp-json\/wp\/v2\/media\/4281"}],"wp:attachment":[{"href":"https:\/\/ewaluacja.uksw.edu.pl\/pl\/wp-json\/wp\/v2\/media?parent=3826"}],"curies":[{"name":"wp","href":"https:\/\/api.w.org\/{rel}","templated":true}]}}