{"id":3827,"date":"2022-11-23T12:06:44","date_gmt":"2022-11-23T11:06:44","guid":{"rendered":"https:\/\/jednostki.uksw.edu.pl\/ewaluacja\/doktorant\/"},"modified":"2023-01-23T10:04:54","modified_gmt":"2023-01-23T09:04:54","slug":"doktorant","status":"publish","type":"page","link":"https:\/\/ewaluacja.uksw.edu.pl\/doktorant\/","title":{"rendered":"Doktorant"},"content":{"rendered":"\n<h2 class=\"wp-block-heading\">Doktorant Szko\u0142y Doktorskiej UKSW a ewaluacja jako\u015bci dzia\u0142alno\u015bci naukowej<\/h2>\n\n\n<div class=\"wp-block-image\">\n<figure class=\"alignleft size-large is-resized\"><img decoding=\"async\" src=\"https:\/\/ewaluacja.uksw.edu.pl\/wp-content\/uploads\/sites\/20\/2022\/11\/AdobeStock_315310767-e1606738966507-1024x684.jpeg\" alt=\"Doktorant\" class=\"wp-image-4068\" width=\"256\" height=\"171\" srcset=\"https:\/\/ewaluacja.uksw.edu.pl\/wp-content\/uploads\/sites\/20\/2022\/11\/AdobeStock_315310767-e1606738966507-1024x684.jpeg 1024w, https:\/\/ewaluacja.uksw.edu.pl\/wp-content\/uploads\/sites\/20\/2022\/11\/AdobeStock_315310767-e1606738966507-300x200.jpeg 300w, https:\/\/ewaluacja.uksw.edu.pl\/wp-content\/uploads\/sites\/20\/2022\/11\/AdobeStock_315310767-e1606738966507-768x513.jpeg 768w, https:\/\/ewaluacja.uksw.edu.pl\/wp-content\/uploads\/sites\/20\/2022\/11\/AdobeStock_315310767-e1606738966507-1536x1026.jpeg 1536w, https:\/\/ewaluacja.uksw.edu.pl\/wp-content\/uploads\/sites\/20\/2022\/11\/AdobeStock_315310767-e1606738966507-2048x1367.jpeg 2048w, https:\/\/ewaluacja.uksw.edu.pl\/wp-content\/uploads\/sites\/20\/2022\/11\/AdobeStock_315310767-e1606738966507-251x168.jpeg 251w, https:\/\/ewaluacja.uksw.edu.pl\/wp-content\/uploads\/sites\/20\/2022\/11\/AdobeStock_315310767-e1606738966507-343x229.jpeg 343w, https:\/\/ewaluacja.uksw.edu.pl\/wp-content\/uploads\/sites\/20\/2022\/11\/AdobeStock_315310767-e1606738966507-526x351.jpeg 526w, https:\/\/ewaluacja.uksw.edu.pl\/wp-content\/uploads\/sites\/20\/2022\/11\/AdobeStock_315310767-e1606738966507-423x283.jpeg 423w, https:\/\/ewaluacja.uksw.edu.pl\/wp-content\/uploads\/sites\/20\/2022\/11\/AdobeStock_315310767-e1606738966507-848x567.jpeg 848w\" sizes=\"(max-width: 256px) 100vw, 256px\" \/><\/figure><\/div>\n\n\n<p>W ewaluacji mog\u0105 by\u0107 brane pod uwag\u0119 osi\u0105gni\u0119cia os\u00f3b, kt\u00f3re nie s\u0105 zaliczane do liczby N. W tej grupie znajduj\u0105 si\u0119 doktoranci (ze szk\u00f3\u0142 doktorskich), kt\u00f3rzy w okresie obj\u0119tym ewaluacj\u0105 odbywali kszta\u0142cenie w szkole doktorskiej prowadzonej lub wsp\u00f3\u0142prowadzonej przez dany podmiot i przygotowywali rozpraw\u0119 doktorsk\u0105 w dyscyplinie poddawanej ewaluacji albo w dziedzinie, w kt\u00f3rej zawiera si\u0119 taka dyscyplina. Mo\u017cliwo\u015b\u0107 zg\u0142oszenia osi\u0105gni\u0119\u0107 doktorant\u00f3w ze szk\u00f3\u0142 doktorskich&nbsp;<strong>nie dotyczy osi\u0105gni\u0119\u0107 tych doktorant\u00f3w, kt\u00f3rzy s\u0105 jednocze\u015bnie zatrudnieni w podmiocie obj\u0119tym ewaluacj\u0105 i prowadz\u0105 w nim dzia\u0142alno\u015b\u0107 naukow\u0105<\/strong>. Je\u017celi doktorant b\u0119d\u0105cy uczestnikiem szko\u0142y doktorskiej jest pracownikiem w podmiocie i z\u0142o\u017cy o\u015bwiadczenie o zaliczeniu do liczby N, to jego osi\u0105gni\u0119cia s\u0105 uwzgl\u0119dniane w podmiocie, na tych samych zasadach, co osi\u0105gni\u0119cia pozosta\u0142ych pracownik\u00f3w.<\/p>\n\n\n\n<p>Warunkiem uwzgl\u0119dnienia osi\u0105gni\u0119\u0107 w ewaluacji jest z\u0142o\u017cenie&nbsp;<strong>o\u015bwiadczenia upowa\u017cniaj\u0105cego zatrudniaj\u0105cy je podmiot do ich wykazania.<\/strong><\/p>\n\n\n\n<hr class=\"wp-block-separator has-alpha-channel-opacity\"\/>\n\n\n\n<p>Ewaluacj\u0105 obejmuje si\u0119 osi\u0105gni\u0119cia<strong> zwi\u0105zane z odbywaniem kszta\u0142cenia w danym podmiocie.<\/strong>\u00a0Osoba, kt\u00f3rej to dotyczy sk\u0142ada o\u015bwiadczenie upowa\u017cniaj\u0105ce dany podmiot do wykazania jej osi\u0105gni\u0119\u0107 w poszczeg\u00f3lnych dyscyplinach, o kt\u00f3rych mowa w art. 343 ust. 7 i 8. W przypadku doktoranta &#8211; w dyscyplinie, w kt\u00f3rej jest przygotowywana rozprawa doktorska albo w jednej z dyscyplin zawieraj\u0105cych si\u0119 w dziedzinie, w kt\u00f3rej jest przygotowywana rozprawa doktorska.<\/p>\n\n\n\n<p>W ewaluacji uwzgl\u0119dnia si\u0119 osi\u0105gni\u0119cia naukowe os\u00f3b, kt\u00f3re z\u0142o\u017cy\u0142y o\u015bwiadczenie, o kt\u00f3rym mowa w art. 265 ust. 13 ustawy,&nbsp; w okresie obj\u0119tym ewaluacj\u0105 odbywa\u0142y kszta\u0142cenie w szkole doktorskiej prowadzonej przez ewaluowany podmiot i przygotowywa\u0142y rozpraw\u0119 doktorsk\u0105 w dyscyplinie naukowej albo w dziedzinie nauki, do kt\u00f3rej nale\u017cy dana dyscyplina naukowa, z wy\u0142\u0105czeniem os\u00f3b, kt\u00f3re z\u0142o\u017cy\u0142y o\u015bwiadczenie, o kt\u00f3rym mowa w art. 265 ust. 5 ustawy.<\/p>\n\n\n\n<hr class=\"wp-block-separator has-alpha-channel-opacity\"\/>\n\n\n\n<p><strong>Zadania doktoranta&nbsp;<a href=\"http:\/\/szkoladoktorska.uksw.edu.pl\/\">Szko\u0142y Doktorskiej UKSW<\/a>&nbsp;w \u015bwietle ewaluacji jako\u015bci dzia\u0142alno\u015bci naukowej UKSW, s\u0105 okre\u015blone w&nbsp;<a href=\"https:\/\/monitor.uksw.edu.pl\/docs\/5951\" target=\"_blank\" rel=\"noreferrer noopener\">Regulaminie Szko\u0142y Doktorskiej,<\/a>&nbsp;a ponadto w przepisach odr\u0119bnych:<\/strong><\/p>\n\n\n\n<ul class=\"wp-block-list\">\n<li>z\u0142o\u017cenie\u00a0o\u015bwiadczenia o dyscyplinie, w kt\u00f3rej jest przygotowywana rozprawa doktorska \u2013\u00a0<strong>w terminie 30 dni<\/strong>\u00a0od rozpocz\u0119cia kszta\u0142cenia w Szkole Doktorskiej, zgodnie ze wzorem nr 2 do Regulaminu,<\/li>\n\n\n\n<li>obowi\u0105zek posiadania elektronicznego identyfikatora&nbsp;<a href=\"https:\/\/ewaluacja.uksw.edu.pl\/nauczyciel-akademicki\/orcid\/\" target=\"_blank\" data-type=\"page\" data-id=\"3840\" rel=\"noreferrer noopener\"><strong>ORCID \u2013 Open Researcher and Contributor ID:<\/strong><\/a>\n<ul class=\"wp-block-list\">\n<li>za\u0142o\u017cenie konta&nbsp;<a href=\"https:\/\/orcid.org\/\">ORCID<\/a>&nbsp;i pozyskanie 16-cyfrowego numeru identyfikacyjnego,<\/li>\n\n\n\n<li>podanie numeru&nbsp;ORCID&nbsp;w o\u015bwiadczeniu upowa\u017cniaj\u0105cym oraz o\u015bwiadczeniu okre\u015blonym w&nbsp;<a href=\"https:\/\/monitor.uksw.edu.pl\/docs\/5951\" target=\"_blank\" rel=\"noreferrer noopener\">Regulaminie Szko\u0142y Doktorskiej<\/a>,<\/li>\n\n\n\n<li>bie\u017c\u0105ca aktualizacja informacji o publikacjach naukowych,<\/li>\n<\/ul>\n<\/li>\n\n\n\n<li>za\u0142o\u017cenie Profilu Autora w PBN i&nbsp;<a href=\"https:\/\/pbn.nauka.gov.pl\/centrum-pomocy\/faq\/co-zrobic-w-sytuacji-gdy-moj-doktorant-nie-moze-powiazac-sie-w-pol-on\/\" target=\"_blank\" rel=\"noreferrer noopener\">powi\u0105zanie z POL-on<\/a>,<\/li>\n\n\n\n<li>z\u0142o\u017cenie z\u0142o\u017cenie\u00a0<strong>Dyrektorowi\u00a0<\/strong>w\u0142a\u015bciwego<strong>\u00a0Instytutu UKSW<\/strong>\u00a0<strong>o\u015bwiadczenia upowa\u017cniaj\u0105cego podmiot do wykazania osi\u0105gni\u0119\u0107 naukowych<\/strong>\u00a0(o kt\u00f3rym mowa w art. 265 ust.13 ustawy) wraz z wykazem publikacji naukowych, napisanych w zwi\u0105zku z odbywaniem kszta\u0142cenia w Szkole Doktorskiej UKSW. Kopi\u0119 o\u015bwiadczenia wraz z wykazem publikacji nale\u017cy przekaza\u0107 do Biura Szko\u0142y Doktorskiej.<\/li>\n<\/ul>\n\n\n\n<hr class=\"wp-block-separator has-alpha-channel-opacity\"\/>\n\n\n\n<p><strong>Doktoranci \u201edawnego trybu\u201d, uczestnicy studi\u00f3w doktoranckich na dotychczasowych zasadach<\/strong><\/p>\n\n\n\n<p>Czy dorobek uczestnik\u00f3w obecnych studi\u00f3w doktoranckich mo\u017ce zosta\u0107 uwzgl\u0119dniony w najbli\u017cszej ewaluacji? Czy uczestnicy studi\u00f3w doktoranckich mog\u0105 z\u0142o\u017cy\u0107 o\u015bwiadczenie np. z dniem zako\u0144czenia studi\u00f3w?<\/p>\n\n\n\n<p>W ewaluacji uwzgl\u0119dnia si\u0119 te osi\u0105gni\u0119cia naukowe, kt\u00f3rych autorzy albo wsp\u00f3\u0142autorzy byli pracownikami podmiotu zatrudnionymi na umow\u0119 o prac\u0119 i zostali uwzgl\u0119dnieni przy okre\u015bleniu liczby N w danej dyscyplinie artystycznej lub te\u017c je\u017celi w okresie obj\u0119tym ewaluacj\u0105 odbywali kszta\u0142cenie w szkole doktorskiej prowadzonej przez dany podmiot.&nbsp;<strong>Nie dotyczy to uczestnik\u00f3w studi\u00f3w doktoranckich prowadzonych na dotychczasowych zasadach.<\/strong>&nbsp;[odp. z 7.01.2019 r.]<\/p>\n\n\n\n<p>za:&nbsp;<a href=\"https:\/\/konstytucjadlanauki.gov.pl\/ewaluacja-i-dyscypliny-naukowe\" target=\"_blank\" rel=\"noreferrer noopener\">https:\/\/konstytucjadlanauki.gov.pl\/ewaluacja-i-dyscypliny-naukowe<\/a><\/p>\n\n\n\n<hr class=\"wp-block-separator has-alpha-channel-opacity\"\/>\n\n\n\r\n<div class=\"\">\r\n\r\n\r\n<div class=\"row\">\r\n\r\n  \r\n<div class=\"col-xl-12 col-lg-12 col-md-12 col-sm-12 \">\r\n\t\t<div class=\"download_detils\">\r\n\t\t\t<a href=\"https:\/\/ewaluacja.uksw.edu.pl\/wp-content\/uploads\/sites\/20\/2022\/11\/ewaluacja-jakosci-dzialalnosci-naukowej-przewodnik20190305.pdf\"  target=\"_blank\" >\r\n\t\t\t<img decoding=\"async\" src=\"https:\/\/ewaluacja.uksw.edu.pl\/wp-content\/themes\/uksw\/images\/import.svg\" alt=\"\"> Ewaluacja jako\u015bci dzia\u0142alno\u015bci naukowej. Przewodnik MNiSW. Zesp\u00f3\u0142\nDepartamentu ds. Nauki. Rozdzia\u0142 I. Podstawowe za\u0142o\u017cenia nowego systemu\newaluacji, s. 22-23 [PDF,  2.65 MB]<\/a>\r\n\t\t<\/div>\r\n<\/div>\r\n\r\n\r\n\t\t\r\n\t\t \r\n\r\n<\/div>\r\n<\/div>\r\n<div class=\"space20\"><\/div>\r\n\r\n\n\n\n<p><a href=\"https:\/\/isap.sejm.gov.pl\/isap.nsf\/DocDetails.xsp?id=WDU20180001668\" target=\"_blank\" rel=\"noreferrer noopener\">USTAWA z dnia 20 lipca 2018 r. Prawo o szkolnictwie wy\u017cszym i nauce Rozdzia\u0142 3 Ewaluacja jako\u015bci dzia\u0142alno\u015bci naukowej.<\/a><\/p>\n\n\n\n<p><a href=\"http:\/\/isap.sejm.gov.pl\/isap.nsf\/DocDetails.xsp?id=WDU20190000392\" target=\"_blank\" rel=\"noreferrer noopener\">ROZPORZ\u0104DZENIE MINISTRA NAUKI I SZKOLNICTWA WY\u017bSZEGO z dnia 22 lutego 2019 r. w sprawie ewaluacji jako\u015bci dzia\u0142alno\u015bci naukowej \u00a7 11.<\/a><\/p>\n","protected":false},"excerpt":{"rendered":"<p>Doktorant Szko\u0142y Doktorskiej UKSW a ewaluacja jako\u015bci dzia\u0142alno\u015bci naukowej W ewaluacji mog\u0105 by\u0107 brane pod uwag\u0119 osi\u0105gni\u0119cia os\u00f3b, kt\u00f3re nie s\u0105 zaliczane do liczby N. W tej grupie znajduj\u0105 si\u0119 doktoranci (ze szk\u00f3\u0142 doktorskich), kt\u00f3rzy w okresie obj\u0119tym ewaluacj\u0105 odbywali kszta\u0142cenie w szkole doktorskiej prowadzonej lub wsp\u00f3\u0142prowadzonej przez dany podmiot i przygotowywali rozpraw\u0119 doktorsk\u0105 w [&hellip;]<\/p>\n","protected":false},"author":1,"featured_media":4284,"parent":0,"menu_order":3,"comment_status":"closed","ping_status":"closed","template":"page-templates\/template-sub-page.php","meta":{"_acf_changed":false,"inline_featured_image":false,"footnotes":"","_links_to":"","_links_to_target":""},"class_list":["post-3827","page","type-page","status-publish","has-post-thumbnail","hentry"],"acf":[],"_links":{"self":[{"href":"https:\/\/ewaluacja.uksw.edu.pl\/pl\/wp-json\/wp\/v2\/pages\/3827","targetHints":{"allow":["GET"]}}],"collection":[{"href":"https:\/\/ewaluacja.uksw.edu.pl\/pl\/wp-json\/wp\/v2\/pages"}],"about":[{"href":"https:\/\/ewaluacja.uksw.edu.pl\/pl\/wp-json\/wp\/v2\/types\/page"}],"author":[{"embeddable":true,"href":"https:\/\/ewaluacja.uksw.edu.pl\/pl\/wp-json\/wp\/v2\/users\/1"}],"replies":[{"embeddable":true,"href":"https:\/\/ewaluacja.uksw.edu.pl\/pl\/wp-json\/wp\/v2\/comments?post=3827"}],"version-history":[{"count":17,"href":"https:\/\/ewaluacja.uksw.edu.pl\/pl\/wp-json\/wp\/v2\/pages\/3827\/revisions"}],"predecessor-version":[{"id":4322,"href":"https:\/\/ewaluacja.uksw.edu.pl\/pl\/wp-json\/wp\/v2\/pages\/3827\/revisions\/4322"}],"wp:featuredmedia":[{"embeddable":true,"href":"https:\/\/ewaluacja.uksw.edu.pl\/pl\/wp-json\/wp\/v2\/media\/4284"}],"wp:attachment":[{"href":"https:\/\/ewaluacja.uksw.edu.pl\/pl\/wp-json\/wp\/v2\/media?parent=3827"}],"curies":[{"name":"wp","href":"https:\/\/api.w.org\/{rel}","templated":true}]}}