{"id":3828,"date":"2022-11-23T12:06:45","date_gmt":"2022-11-23T11:06:45","guid":{"rendered":"https:\/\/jednostki.uksw.edu.pl\/ewaluacja\/iporter-publikacji\/"},"modified":"2024-10-14T09:26:06","modified_gmt":"2024-10-14T07:26:06","slug":"importer-publikacji","status":"publish","type":"page","link":"https:\/\/ewaluacja.uksw.edu.pl\/importer-publikacji\/","title":{"rendered":"Importer publikacji"},"content":{"rendered":"\n<p>To<strong>&nbsp;rola systemowa Polskiej Bibliografii Naukowej<\/strong>, w skr\u00f3cie&nbsp;<strong><a href=\"https:\/\/pbn.nauka.gov.pl\/core\/#\/home\" target=\"_blank\" rel=\"noreferrer noopener\">PBN<\/a><\/strong>. Osoba pe\u0142ni\u0105ca t\u0119 funkcj\u0119 uznawana jest za oficjalnie oddelegowan\u0105 przez Dyrektora w\u0142a\u015bciwego Instytutu do sprawozdawczo\u015bci UKSW w zakresie danych o publikacjach wybranej dyscypliny lub dyscyplin naukowych. Odpowiada za prawid\u0142owo\u015b\u0107, zgodno\u015b\u0107 i kompletno\u015b\u0107 informacji pracownik\u00f3w UKSW oraz doktorant\u00f3w Szko\u0142y Doktorskiej&nbsp;UKSW w zakresie&nbsp;dorobku publikacyjnego,&nbsp;wprowadzonego do system\u00f3w zwi\u0105zanych z ewaluacj\u0105,&nbsp;w ramach danej dyscypliny lub dyscyplin naukowych.<\/p>\n\n\n\n<h2 class=\"wp-block-heading\">G\u0142\u00f3wne obowi\u0105zki Importera Publikacji:<\/h2>\n\n\n\n<ul class=\"wp-block-list\">\n<li><strong>weryfikacja zgodno\u015bci i poprawno\u015bci informacji<\/strong>&nbsp;z o\u015bwiadcze\u0144 upowa\u017cniaj\u0105cych podmiot do wykazania dorobku naukowego oraz wykaz\u00f3w z\u0142o\u017conych przez nauczycieli akademickich i doktorant\u00f3w&nbsp;z aktualnymi danymi zawartymi w systemach&nbsp;<a href=\"https:\/\/pbn.nauka.gov.pl\/core\/#\/home\" target=\"_blank\" rel=\"noreferrer noopener\">PBN i&nbsp;<\/a><a href=\"https:\/\/orcid.org\/\" target=\"_blank\" rel=\"noreferrer noopener\">ORCID&nbsp;<\/a>oraz<a href=\"https:\/\/sedn-demo.opi.org.pl\/\" target=\"_blank\" rel=\"noreferrer noopener\">&nbsp;SEDN<\/a>.<\/li>\n\n\n\n<li><strong>znajomo\u015b\u0107 aktualnych funkcjonalno\u015bci<\/strong>&nbsp;system\u00f3w sprawozdawczych poprzez uczestnictwo w dost\u0119pnych&nbsp;<a rel=\"noreferrer noopener\" href=\"https:\/\/szkolenia.opi.org.pl\/\" target=\"_blank\">szkoleniach OPI PIB<\/a>,<\/li>\n\n\n\n<li><strong>szczeg\u00f3lna dba\u0142o\u015b\u0107 o informacje zawarte w&nbsp;<a href=\"https:\/\/pbn.nauka.gov.pl\/institution\/#\/home\" target=\"_blank\" rel=\"noreferrer noopener\">Profilu Instytucji PBN<\/a>&nbsp;<\/strong>reprezentowanej dyscypliny lub dyscyplin naukowych pod wzgl\u0119dem aktualno\u015bci, kompletno\u015bci, poprawno\u015bci, sp\u00f3jno\u015bci i zgodno\u015bci z wymogami system\u00f3w ewaluacyjnych w tym m.in.:\n<ul class=\"wp-block-list\">\n<li><strong>powi\u0105zanie<\/strong>&nbsp;ju\u017c istniej\u0105cych oraz nowych wpis\u00f3w publikacji z autorem i w\u0142a\u015bciw\u0105 dyscyplin\u0105, zgodnie z o\u015bwiadczeniami pracownik\u00f3w i doktorant\u00f3w,<\/li>\n\n\n\n<li><strong>dba\u0142o\u015b\u0107 o prawid\u0142owe relacje<\/strong>&nbsp;mi\u0119dzy danymi z system\u00f3w (konta autor\u00f3w powi\u0105zane z profilami odpowiednich os\u00f3b z POL-on),<\/li>\n\n\n\n<li><strong>zapewnienie prawid\u0142owego powi\u0105zania<\/strong>&nbsp;profili autor\u00f3w z ich kontami ORCID, a tak\u017ce&nbsp;sprawdzanie czy wszystkie wykazane publikacje naukowe znajduj\u0105 si\u0119 na wskazanym koncie ORCID nauczyciela akademickiego,<\/li>\n\n\n\n<li><strong>o\u015bwiadczanie w systemie PBN<\/strong>, \u017ce poszczeg\u00f3lne publikacje pracownik\u00f3w UKSW, kt\u00f3ry reprezentuje, znajduj\u0105 si\u0119 na ich kontach w&nbsp;<a rel=\"noreferrer noopener\" href=\"https:\/\/orcid.org\/\" target=\"_blank\">ORCID<\/a>&nbsp;(w przypadku gdy autor nie prze\u015ble\/nie powi\u0105\u017ce publikacji w&nbsp;<a rel=\"noreferrer noopener\" href=\"https:\/\/pbn.nauka.gov.pl\/core\/#\/home\" target=\"_blank\">PBN<\/a>&nbsp;z publikacj\u0105 w&nbsp;<a rel=\"noreferrer noopener\" href=\"https:\/\/orcid.org\/\" target=\"_blank\">ORCID<\/a>&nbsp;przy pomocy systemu&nbsp;<a rel=\"noreferrer noopener\" href=\"https:\/\/pbn.nauka.gov.pl\/core\/#\/home\" target=\"_blank\">PBN<\/a>),<\/li>\n\n\n\n<li><strong>wprowadzanie do&nbsp;<a href=\"https:\/\/pbn.nauka.gov.pl\/core\/#\/home\" target=\"_blank\" rel=\"noreferrer noopener\">PBN<\/a>,<\/strong>&nbsp;w uzasadnionych przypadkach,&nbsp;<strong>pe\u0142nych informacji o publikacjach UKSW<\/strong>, uzupe\u0142nianie i aktualizacja p\u00f3l wymaganych w prawid\u0142owym sprawozdaniu publikacji naukowych w zale\u017cno\u015bci od rodzaju osi\u0105gni\u0119cia naukowego (m.in.:&nbsp;<a href=\"https:\/\/www.doi.org\/\" target=\"_blank\" rel=\"noreferrer noopener\">DOI<\/a>, URL,&nbsp;<a href=\"https:\/\/portal.issn.org\/\" target=\"_blank\" rel=\"noreferrer noopener\">ISSN<\/a>,&nbsp;<a href=\"https:\/\/www.isbn-international.org\/content\/what-isbn\" target=\"_blank\" rel=\"noreferrer noopener\">ISBN<\/a>, itp.);<\/li>\n\n\n\n<li><strong>sprawdzanie<\/strong>&nbsp;dla poszczeg\u00f3lnych osi\u0105gni\u0119\u0107 naukowych&nbsp;<strong>w\u0142a\u015bciwej afiliacji do podmiotu<\/strong>&nbsp;\u2013&nbsp;<strong>Uniwersytetu Kardyna\u0142a Stefana Wyszy\u0144skiego w Warszawie<\/strong>, a w przypadku jej braku,&nbsp;<strong>dokonywanie uzupe\u0142nienia<\/strong>&nbsp;poprzez \u201etechniczne potwierdzenie\u201d w systemie&nbsp;<a rel=\"noreferrer noopener\" href=\"https:\/\/pbn.nauka.gov.pl\/core\/#\/home\" target=\"_blank\">PBN&nbsp;<\/a>upowa\u017cnie\u0144, na podstawie z\u0142o\u017conych w o\u015bwiadcze\u0144,<\/li>\n<\/ul>\n<\/li>\n\n\n\n<li><strong>niezw\u0142oczne zg\u0142aszanie<\/strong>&nbsp;stwierdzonych rozbie\u017cno\u015bci&nbsp;<strong>Dyrektorowi<\/strong>&nbsp;w\u0142a\u015bciwego&nbsp;<strong>Instytutu<\/strong>, kt\u00f3ry informuje nauczyciela akademickiego lub doktoranta o pilnej konieczno\u015bci dokonania stosownych korekt.<\/li>\n<\/ul>\n\n\n\n<p>Z powy\u017cszych wzgl\u0119d\u00f3w Importer Publikacji ma dost\u0119p do danych takich jak lista publikacji przypisanych do UKSW wraz z informacjami o pracownikach (dyscypliny, kt\u00f3re reprezentuj\u0105, numery&nbsp;<a href=\"https:\/\/orcid.org\/\" target=\"_blank\" rel=\"noreferrer noopener\">ORCID<\/a>&nbsp;oraz fakt powi\u0105zania przez nich kont&nbsp;<a href=\"https:\/\/orcid.org\/\" target=\"_blank\" rel=\"noreferrer noopener\">ORCID<\/a>&nbsp;i<a href=\"https:\/\/pbn.nauka.gov.pl\/core\/#\/home\" target=\"_blank\" rel=\"noreferrer noopener\">&nbsp;PBN<\/a>). Importer Publikacji posiada r\u00f3wnie\u017c dost\u0119p do&nbsp;<a href=\"https:\/\/sedn-demo.opi.org.pl\/\" target=\"_blank\" rel=\"noreferrer noopener\">SEDN<\/a>&nbsp;w zakresie reprezentowanej dyscypliny naukowej.<\/p>\n\n\n\n<p>Technicznie rol\u0119 w Importera Publikacji w systemie&nbsp;<a href=\"https:\/\/pbn.nauka.gov.pl\/core\/#\/home\" target=\"_blank\" rel=\"noreferrer noopener\">PBN<\/a>&nbsp;nadaje\/zak\u0142ada Administrator Systemu POLON dla UKSW.<\/p>\n\n\n\n<p>Na podstawie:&nbsp;<a href=\"https:\/\/pbn.nauka.gov.pl\/centrum-pomocy\/baza-wiedzy\/rola-importera-publikacji\/\" target=\"_blank\" rel=\"noreferrer noopener\">Importer Publikacji PBN<\/a>&nbsp;oraz Zarz\u0105dzenia zmieniaj\u0105cego Zarz\u0105dzenie nr 45\/2020 Rektora UKSW<\/p>\n\n\n\n<p><a href=\"https:\/\/pbn.nauka.gov.pl\/centrum-pomocy\/baza-wiedzy-kategoria\/dodawanie-publikacji\/\" target=\"_blank\" rel=\"noreferrer noopener\"><strong>Jak prawid\u0142owo wprowadzi\u0107 publikacje naukowe poddawane ewaluacji?<\/strong><\/a><\/p>\n\n\n\r\n<div class=\"\">\r\n\r\n\r\n<div class=\"row\">\r\n\r\n  \r\n<div class=\"col-xl-12 col-lg-12 col-md-12 col-sm-12 \">\r\n\t\t<div class=\"download_detils\">\r\n\t\t\t<a href=\"https:\/\/ewaluacja.uksw.edu.pl\/wp-content\/uploads\/sites\/20\/2022\/11\/2021_04_28-Impoterzy-Publikacji-1.pdf\"  target=\"_blank\" >\r\n\t\t\t<img decoding=\"async\" src=\"https:\/\/ewaluacja.uksw.edu.pl\/wp-content\/themes\/uksw\/images\/import.svg\" alt=\"\"> Lista Importer\u00f3w Publikacji UKSW [PDF,  0.10 MB]<\/a>\r\n\t\t<\/div>\r\n<\/div>\r\n\r\n\r\n\t\t\r\n\t\t \r\n\r\n<\/div>\r\n<\/div>\r\n<div class=\"space20\"><\/div>\r\n\r\n\n\n\n<h3 class=\"wp-block-heading\">Szkolenia:<\/h3>\n\n\n\n<ul class=\"wp-block-list\">\n<li><a href=\"https:\/\/szkolenia.opi.org.pl\/\" target=\"_blank\" rel=\"noreferrer noopener\">Szkolenia OPI PIB<\/a><\/li>\n\n\n\n<li><a href=\"https:\/\/www.youtube.com\/watch?v=12wxvF5bujk&amp;list=PLhrk1HkrMtpweO6v9c9_wFGOig0SY7Brt\" target=\"_blank\" rel=\"noreferrer noopener\">PBN 2.0 \u2013 Profil Instytucji \u2013 rola Importera Publikacji \u2013 czynno\u015bci w systemie<\/a><\/li>\n\n\n\n<li><a href=\"https:\/\/www.youtube.com\/watch?v=IuYxa_JCgOI&amp;list=PLhrk1HkrMtpweO6v9c9_wFGOig0SY7Brt&amp;index=2\" target=\"_blank\" rel=\"noreferrer noopener\">PBN 2.0 \u2013 Profil Instytucji \u2013 rola Importera Publikacji. Czynno\u015bci w systemie \u2013 pytania i odpowiedzi<\/a><\/li>\n<\/ul>\n\n\n\n<h3 class=\"wp-block-heading\">SEDN: System Ewaluacji Dorobku Naukowego<\/h3>\n\n\n\n<ul class=\"wp-block-list\">\n<li><a href=\"https:\/\/www.youtube.com\/watch?v=mGcyOrwelOw\" target=\"_blank\" rel=\"noreferrer noopener\">SEDN \u2013 nowa aplikacja w systemie POL-on oraz om\u00f3wienie wersji demonstracyjnej<\/a><\/li>\n\n\n\n<li><a href=\"https:\/\/www.youtube.com\/watch?v=kfT2g4h4O_c&amp;list=PLhrk1HkrMtpwZoyoty5rnK_rlyjeUUaF5&amp;index=5\" target=\"_blank\" rel=\"noreferrer noopener\">SEDN dla pracownik\u00f3w jednostek [27.01.2021]<\/a><\/li>\n<\/ul>\n\n\n\r\n<div class=\"\">\r\n\r\n\r\n<div class=\"row\">\r\n\r\n  \r\n<div class=\"col-xl-12 col-lg-12 col-md-12 col-sm-12 \">\r\n\t\t<div class=\"download_detils\">\r\n\t\t\t<a href=\"https:\/\/ewaluacja.uksw.edu.pl\/wp-content\/uploads\/sites\/20\/2022\/11\/webinarium-prezentacja-sedn-09112020.pdf\"  title=\"webinarium-prezentacja-sedn-09112020\" download >\r\n\t\t\t<img decoding=\"async\" src=\"https:\/\/ewaluacja.uksw.edu.pl\/wp-content\/themes\/uksw\/images\/import.svg\" alt=\"\"> webinarium-prezentacja-sedn-09112020 [PDF,  5.30 MB]<\/a>\r\n\t\t<\/div>\r\n<\/div>\r\n\r\n\r\n\t\t\r\n\t\t \r\n\r\n<\/div>\r\n<\/div>\r\n<div class=\"space20\"><\/div>\r\n\r\n","protected":false},"excerpt":{"rendered":"<p>To&nbsp;rola systemowa Polskiej Bibliografii Naukowej, w skr\u00f3cie&nbsp;PBN. Osoba pe\u0142ni\u0105ca t\u0119 funkcj\u0119 uznawana jest za oficjalnie oddelegowan\u0105 przez Dyrektora w\u0142a\u015bciwego Instytutu do sprawozdawczo\u015bci UKSW w zakresie danych o publikacjach wybranej dyscypliny lub dyscyplin naukowych. Odpowiada za prawid\u0142owo\u015b\u0107, zgodno\u015b\u0107 i kompletno\u015b\u0107 informacji pracownik\u00f3w UKSW oraz doktorant\u00f3w Szko\u0142y Doktorskiej&nbsp;UKSW w zakresie&nbsp;dorobku publikacyjnego,&nbsp;wprowadzonego do system\u00f3w zwi\u0105zanych z ewaluacj\u0105,&nbsp;w ramach [&hellip;]<\/p>\n","protected":false},"author":1,"featured_media":4286,"parent":0,"menu_order":4,"comment_status":"closed","ping_status":"closed","template":"page-templates\/template-sub-page.php","meta":{"_acf_changed":false,"inline_featured_image":false,"footnotes":"","_links_to":"","_links_to_target":""},"class_list":["post-3828","page","type-page","status-publish","has-post-thumbnail","hentry"],"acf":[],"_links":{"self":[{"href":"https:\/\/ewaluacja.uksw.edu.pl\/pl\/wp-json\/wp\/v2\/pages\/3828","targetHints":{"allow":["GET"]}}],"collection":[{"href":"https:\/\/ewaluacja.uksw.edu.pl\/pl\/wp-json\/wp\/v2\/pages"}],"about":[{"href":"https:\/\/ewaluacja.uksw.edu.pl\/pl\/wp-json\/wp\/v2\/types\/page"}],"author":[{"embeddable":true,"href":"https:\/\/ewaluacja.uksw.edu.pl\/pl\/wp-json\/wp\/v2\/users\/1"}],"replies":[{"embeddable":true,"href":"https:\/\/ewaluacja.uksw.edu.pl\/pl\/wp-json\/wp\/v2\/comments?post=3828"}],"version-history":[{"count":11,"href":"https:\/\/ewaluacja.uksw.edu.pl\/pl\/wp-json\/wp\/v2\/pages\/3828\/revisions"}],"predecessor-version":[{"id":4367,"href":"https:\/\/ewaluacja.uksw.edu.pl\/pl\/wp-json\/wp\/v2\/pages\/3828\/revisions\/4367"}],"wp:featuredmedia":[{"embeddable":true,"href":"https:\/\/ewaluacja.uksw.edu.pl\/pl\/wp-json\/wp\/v2\/media\/4286"}],"wp:attachment":[{"href":"https:\/\/ewaluacja.uksw.edu.pl\/pl\/wp-json\/wp\/v2\/media?parent=3828"}],"curies":[{"name":"wp","href":"https:\/\/api.w.org\/{rel}","templated":true}]}}