{"id":3829,"date":"2022-11-23T12:06:45","date_gmt":"2022-11-23T11:06:45","guid":{"rendered":"https:\/\/jednostki.uksw.edu.pl\/ewaluacja\/dyrektor-instytutu\/"},"modified":"2022-12-20T09:15:36","modified_gmt":"2022-12-20T08:15:36","slug":"dyrektor-instytutu","status":"publish","type":"page","link":"https:\/\/ewaluacja.uksw.edu.pl\/dyrektor-instytutu\/","title":{"rendered":"Dyrektor instytutu"},"content":{"rendered":"\n<figure class=\"wp-block-image size-full\"><img decoding=\"async\" width=\"768\" height=\"240\" src=\"https:\/\/ewaluacja.uksw.edu.pl\/wp-content\/uploads\/sites\/20\/2022\/11\/AdobeStock_357528187-1-768x240-1.jpeg\" alt=\"Obrazek ozdobny - laptop\" class=\"wp-image-4100\" srcset=\"https:\/\/ewaluacja.uksw.edu.pl\/wp-content\/uploads\/sites\/20\/2022\/11\/AdobeStock_357528187-1-768x240-1.jpeg 768w, https:\/\/ewaluacja.uksw.edu.pl\/wp-content\/uploads\/sites\/20\/2022\/11\/AdobeStock_357528187-1-768x240-1-300x94.jpeg 300w\" sizes=\"(max-width: 768px) 100vw, 768px\" \/><\/figure>\n\n\n\n<p>W my\u015bl zapis\u00f3w Statutu UKSW&nbsp;<strong>Dyrektor Instytutu<\/strong>&nbsp;kieruje pracami instytutu i jest odpowiedzialny za jako\u015b\u0107 dzia\u0142alno\u015bci naukowej, w danej dyscyplinie, zmierzaj\u0105cej do uzyskania&nbsp;<strong>kategorii A+, A<\/strong>&nbsp;lub&nbsp;<strong>B+<\/strong>&nbsp;w ewaluacji jako\u015bci dzia\u0142alno\u015bci naukowej. Za wynik ewaluacji dyrektor odpowiada przed dziekanem.<\/p>\n\n\n\n<p><strong>Wybrane zadania Dyrektora Instytutu<\/strong>&nbsp;w zwi\u0105zku z odpowiedzialno\u015bci\u0105 za ewaluacj\u0119 jako\u015bci dzia\u0142alno\u015bci naukowej w ramach reprezentowanej dyscypliny m.in.:<\/p>\n\n\n\n<ul class=\"wp-block-list\">\n<li><strong>przestrzeganie terminowego wdro\u017cenia zalece\u0144<\/strong>&nbsp;uregulowanych wewn\u0119trznymi i zewn\u0119trznymi aktami prawnymi,<\/li>\n\n\n\n<li><strong>znajomo\u015b\u0107 aktualnej sytuacji w reprezentowanej dyscyplinie<\/strong>&nbsp;naukowej odno\u015bnie wska\u017anik\u00f3w ewaluacyjnych, bie\u017c\u0105ce rozwi\u0105zywanie zaistnia\u0142ych problem\u00f3w, odpowiedzi na zapytania dziekana i Prorektora w\u0142a\u015bciwego ds.nauki,<\/li>\n\n\n\n<li><strong>zapewnienie sprawnego i terminowego przep\u0142ywu informacji<\/strong>&nbsp;dotycz\u0105cych dyscypliny, w tym obligowanie nauczycieli akademickich oraz doktorant\u00f3w Szko\u0142y Doktorskiej do niezw\u0142ocznego uzupe\u0142nienia&nbsp;w systemach danych niezb\u0119dnych w prawid\u0142owym przeprowadzeniu ewaluacji jako\u015bci dzia\u0142alno\u015bci naukowej oraz zapewnienie dokonania tych uzupe\u0142nie\u0144,<\/li>\n\n\n\n<li><strong>powo\u0142ywanie i wsp\u00f3\u0142praca z<\/strong>&nbsp;<strong>Importerem Publikacji<\/strong>&nbsp;w zakresie dope\u0142nienia wszelkich wymog\u00f3w sprawozdawczych w zakresie kolekcjonowanych o\u015bwiadcze\u0144 oraz w systemach teleinformatycznych ministerstwa w\u0142a\u015bciwego ds. nauki w zakresie reprezentowanej dyscypliny naukowej, w tym w szczeg\u00f3lno\u015bci w SEDN, PBN i ORCID,<\/li>\n\n\n\n<li><strong>ewidencjonowanie i zapewnienie dost\u0119pu<\/strong>&nbsp;\u201ena \u017c\u0105danie\u201d do dokumentacji o\u015bwiadcze\u0144 upowa\u017cniaj\u0105cych do wykazania dorobku naukowego oraz wykaz\u00f3w publikacji w ramach dyscypliny,<\/li>\n\n\n\n<li><strong>przedstawianie dziekanowi rocznego sprawozdania<\/strong>&nbsp;z efekt\u00f3w dzia\u0142alno\u015bci naukowej instytutu, w tym z realizacji planu rozwoju naukowego bada\u0144 w dyscyplinie.<\/li>\n<\/ul>\n\n\n\n<p><a href=\"https:\/\/monitor.uksw.edu.pl\/docs\/5798\" target=\"_blank\" rel=\"noreferrer noopener\">UCHWA\u0141A Nr 127\/2019 Senatu Uniwersytetu Kardyna\u0142a Stefana Wyszy\u0144skiego w Warszawie z dnia 27 czerwca 2019r. \u00a7 44. [Dyrektor i wicedyrektor instytutu]<\/a><\/p>\n\n\n\r\n<div class=\"\">\r\n\r\n\r\n<div class=\"row\">\r\n\r\n  \r\n<div class=\"col-xl-12 col-lg-12 col-md-12 col-sm-12 \">\r\n\t\t<div class=\"download_detils\">\r\n\t\t\t<a href=\"https:\/\/ewaluacja.uksw.edu.pl\/wp-content\/uploads\/sites\/20\/2022\/11\/2021_04_lista-ewaluowanych-dyscyplin-UKSW.pdf\"  target=\"_blank\" >\r\n\t\t\t<img decoding=\"async\" src=\"https:\/\/ewaluacja.uksw.edu.pl\/wp-content\/themes\/uksw\/images\/import.svg\" alt=\"\"> Lista Dyrektor\u00f3w Instytut\u00f3w i dyscyplin naukowych UKSW poddawanych ewaluacji\njako\u015bci dzia\u0142alno\u015bci naukowej [PDF,  0.11 MB]<\/a>\r\n\t\t<\/div>\r\n<\/div>\r\n\r\n\r\n\t\t\r\n\t\t \r\n\r\n<\/div>\r\n<\/div>\r\n<div class=\"space20\"><\/div>\r\n\r\n","protected":false},"excerpt":{"rendered":"<p>W my\u015bl zapis\u00f3w Statutu UKSW&nbsp;Dyrektor Instytutu&nbsp;kieruje pracami instytutu i jest odpowiedzialny za jako\u015b\u0107 dzia\u0142alno\u015bci naukowej, w danej dyscyplinie, zmierzaj\u0105cej do uzyskania&nbsp;kategorii A+, A&nbsp;lub&nbsp;B+&nbsp;w ewaluacji jako\u015bci dzia\u0142alno\u015bci naukowej. Za wynik ewaluacji dyrektor odpowiada przed dziekanem. Wybrane zadania Dyrektora Instytutu&nbsp;w zwi\u0105zku z odpowiedzialno\u015bci\u0105 za ewaluacj\u0119 jako\u015bci dzia\u0142alno\u015bci naukowej w ramach reprezentowanej dyscypliny m.in.: UCHWA\u0141A Nr 127\/2019 Senatu [&hellip;]<\/p>\n","protected":false},"author":1,"featured_media":4289,"parent":0,"menu_order":5,"comment_status":"closed","ping_status":"closed","template":"page-templates\/template-sub-page.php","meta":{"_acf_changed":false,"inline_featured_image":false,"footnotes":"","_links_to":"","_links_to_target":""},"class_list":["post-3829","page","type-page","status-publish","has-post-thumbnail","hentry"],"acf":[],"_links":{"self":[{"href":"https:\/\/ewaluacja.uksw.edu.pl\/pl\/wp-json\/wp\/v2\/pages\/3829","targetHints":{"allow":["GET"]}}],"collection":[{"href":"https:\/\/ewaluacja.uksw.edu.pl\/pl\/wp-json\/wp\/v2\/pages"}],"about":[{"href":"https:\/\/ewaluacja.uksw.edu.pl\/pl\/wp-json\/wp\/v2\/types\/page"}],"author":[{"embeddable":true,"href":"https:\/\/ewaluacja.uksw.edu.pl\/pl\/wp-json\/wp\/v2\/users\/1"}],"replies":[{"embeddable":true,"href":"https:\/\/ewaluacja.uksw.edu.pl\/pl\/wp-json\/wp\/v2\/comments?post=3829"}],"version-history":[{"count":9,"href":"https:\/\/ewaluacja.uksw.edu.pl\/pl\/wp-json\/wp\/v2\/pages\/3829\/revisions"}],"predecessor-version":[{"id":4290,"href":"https:\/\/ewaluacja.uksw.edu.pl\/pl\/wp-json\/wp\/v2\/pages\/3829\/revisions\/4290"}],"wp:featuredmedia":[{"embeddable":true,"href":"https:\/\/ewaluacja.uksw.edu.pl\/pl\/wp-json\/wp\/v2\/media\/4289"}],"wp:attachment":[{"href":"https:\/\/ewaluacja.uksw.edu.pl\/pl\/wp-json\/wp\/v2\/media?parent=3829"}],"curies":[{"name":"wp","href":"https:\/\/api.w.org\/{rel}","templated":true}]}}