{"id":3830,"date":"2022-11-23T12:06:46","date_gmt":"2022-11-23T11:06:46","guid":{"rendered":"https:\/\/jednostki.uksw.edu.pl\/ewaluacja\/ewaluacja\/kategorie-ewaluacji\/"},"modified":"2023-01-19T12:43:27","modified_gmt":"2023-01-19T11:43:27","slug":"kategorie-ewaluacji","status":"publish","type":"page","link":"https:\/\/ewaluacja.uksw.edu.pl\/ewaluacja\/kategorie-ewaluacji\/","title":{"rendered":"Kategorie Ewaluacji"},"content":{"rendered":"\n<h2 class=\"wp-block-heading\">Kategoria przyznana dyscyplinie po ewaluacji jako\u015bci dzia\u0142alno\u015bci naukowej<\/h2>\n\n\n\n<p>W wyniku ewaluacji jako\u015bci dzia\u0142alno\u015bci naukowej podmiotowi przyznaje si\u0119 kategori\u0119&nbsp;<strong>A+<\/strong>,&nbsp;<strong>A<\/strong>,&nbsp;<strong>B+<\/strong>,&nbsp;<strong>B<\/strong>&nbsp;lub&nbsp;<strong>C<\/strong>&nbsp;w dyscyplinie, gdzie&nbsp;<strong>A+<\/strong>&nbsp;jest&nbsp;<strong>kategori\u0105 najwy\u017csz\u0105<\/strong>, a&nbsp;<strong>C kategori\u0105 najni\u017csz\u0105<\/strong>. Przyznana podmiotowi kategoria&nbsp;<strong>warunkuje jego pozycj\u0119 w systemie szkolnictwa wy\u017cszego w Polsce<\/strong>&nbsp;i od tej kategorii uzale\u017cnione s\u0105&nbsp;<strong>prawa podmiotu<\/strong>. W\u015br\u00f3d najwa\u017cniejszych s\u0105:<\/p>\n\n\n\n<ul class=\"wp-block-list\">\n<li>przynale\u017cno\u015b\u0107 do grupy uczelni akademickich (<strong>min. B+<\/strong>&nbsp;w jednej dyscyplinie, art. 14 ust.1 ustawy 2.0),<\/li>\n\n\n\n<li><strong>prowadzenie<\/strong>\u00a0w dyscyplinie lub dyscyplinie wiod\u0105cej\u00a0<strong>studi\u00f3w na okre\u015blonym kierunku<\/strong>, poziomie i profilu, bez konieczno\u015bci ubiegania si\u0119 o zgod\u0119 ministra (min. B+ w dyscyplinie, art. 53 ust. 7 ustawy 2.0),<\/li>\n\n\n\n<li><strong>uprawnienia do nadawania stopni naukowych:<\/strong>&nbsp;doktora i doktora habilitowanego (<strong>min. B+<\/strong>&nbsp;w dyscyplinie, art. 185 ust.1 i art. 219 ustawy 2.0),<\/li>\n\n\n\n<li><strong>prowadzenie szko\u0142y doktorskiej<\/strong>&nbsp;(<strong>min. B+<\/strong>&nbsp;<strong>w dw\u00f3ch<\/strong>&nbsp;dyscyplinach, art. 198 ust. 3 ustawy),<\/li>\n\n\n\n<li>zg\u0142aszanie&nbsp;<strong>kandydat\u00f3w do&nbsp;<a href=\"https:\/\/www.gov.pl\/web\/nauka\/komisja-ewaluacji-nauki\" target=\"_blank\" rel=\"noreferrer noopener\">Komisji Ewaluacji Nauki<\/a><\/strong>&nbsp;(<strong>min. B+ w dw\u00f3ch<\/strong>&nbsp;dyscyplinach&nbsp;<strong>i&nbsp;nieposiadanie C w \u017cadnej<\/strong>&nbsp;z dyscyplin, art. 271 ust. 4 ustawy 2.0),&nbsp;<\/li>\n\n\n\n<li>kategoria naukowa jest sk\u0142adow\u0105 algorytmu ustalaj\u0105cego wysoko\u015b\u0107 subwencji na utrzymanie i rozw\u00f3j potencja\u0142u dydaktycznego i badawczego (art. 368 ust 2 \u2013 3 ustawy 2.0).<\/li>\n<\/ul>\n","protected":false},"excerpt":{"rendered":"<p>Kategoria przyznana dyscyplinie po ewaluacji jako\u015bci dzia\u0142alno\u015bci naukowej W wyniku ewaluacji jako\u015bci dzia\u0142alno\u015bci naukowej podmiotowi przyznaje si\u0119 kategori\u0119&nbsp;A+,&nbsp;A,&nbsp;B+,&nbsp;B&nbsp;lub&nbsp;C&nbsp;w dyscyplinie, gdzie&nbsp;A+&nbsp;jest&nbsp;kategori\u0105 najwy\u017csz\u0105, a&nbsp;C kategori\u0105 najni\u017csz\u0105. Przyznana podmiotowi kategoria&nbsp;warunkuje jego pozycj\u0119 w systemie szkolnictwa wy\u017cszego w Polsce&nbsp;i od tej kategorii uzale\u017cnione s\u0105&nbsp;prawa podmiotu. W\u015br\u00f3d najwa\u017cniejszych s\u0105:<\/p>\n","protected":false},"author":1,"featured_media":0,"parent":3825,"menu_order":6,"comment_status":"closed","ping_status":"closed","template":"page-templates\/template-sub-page.php","meta":{"_acf_changed":false,"inline_featured_image":false,"footnotes":"","_links_to":"","_links_to_target":""},"class_list":["post-3830","page","type-page","status-publish","hentry"],"acf":[],"_links":{"self":[{"href":"https:\/\/ewaluacja.uksw.edu.pl\/pl\/wp-json\/wp\/v2\/pages\/3830","targetHints":{"allow":["GET"]}}],"collection":[{"href":"https:\/\/ewaluacja.uksw.edu.pl\/pl\/wp-json\/wp\/v2\/pages"}],"about":[{"href":"https:\/\/ewaluacja.uksw.edu.pl\/pl\/wp-json\/wp\/v2\/types\/page"}],"author":[{"embeddable":true,"href":"https:\/\/ewaluacja.uksw.edu.pl\/pl\/wp-json\/wp\/v2\/users\/1"}],"replies":[{"embeddable":true,"href":"https:\/\/ewaluacja.uksw.edu.pl\/pl\/wp-json\/wp\/v2\/comments?post=3830"}],"version-history":[{"count":5,"href":"https:\/\/ewaluacja.uksw.edu.pl\/pl\/wp-json\/wp\/v2\/pages\/3830\/revisions"}],"predecessor-version":[{"id":4299,"href":"https:\/\/ewaluacja.uksw.edu.pl\/pl\/wp-json\/wp\/v2\/pages\/3830\/revisions\/4299"}],"up":[{"embeddable":true,"href":"https:\/\/ewaluacja.uksw.edu.pl\/pl\/wp-json\/wp\/v2\/pages\/3825"}],"wp:attachment":[{"href":"https:\/\/ewaluacja.uksw.edu.pl\/pl\/wp-json\/wp\/v2\/media?parent=3830"}],"curies":[{"name":"wp","href":"https:\/\/api.w.org\/{rel}","templated":true}]}}