{"id":3831,"date":"2022-11-23T12:06:47","date_gmt":"2022-11-23T11:06:47","guid":{"rendered":"https:\/\/jednostki.uksw.edu.pl\/ewaluacja\/ewaluacja\/kryterium-1\/"},"modified":"2023-01-19T12:51:44","modified_gmt":"2023-01-19T11:51:44","slug":"kryterium-1","status":"publish","type":"page","link":"https:\/\/ewaluacja.uksw.edu.pl\/ewaluacja\/kryterium-1\/","title":{"rendered":"Kryterium 1"},"content":{"rendered":"\n<h2 class=\"wp-block-heading\">Poziom naukowy lub artystyczny prowadzonej dzia\u0142alno\u015bci naukowej<\/h2>\n\n\n<div class=\"wp-block-image\">\n<figure class=\"alignleft size-full\"><img decoding=\"async\" width=\"300\" height=\"199\" src=\"https:\/\/ewaluacja.uksw.edu.pl\/wp-content\/uploads\/sites\/20\/2022\/11\/AdobeStock_95948988-300x199-1.jpeg\" alt=\"czasopisma\" class=\"wp-image-3861\"\/><\/figure><\/div>\n\n\n<p>Ocena poziomu naukowego dotyczy artyku\u0142\u00f3w naukowych (zar\u00f3wno z wykazu, jak i spoza wykazu), monografii, redakcji monografii i autorstwa rozdzia\u0142\u00f3w w monografiach (zar\u00f3wno z wykazu, jak i spoza wykazu), a tak\u017ce przyznanych patent\u00f3w na wynalazki.<\/p>\n\n\n\n<p>W ewaluacji uwzgl\u0119dnia si\u0119 publikacje naukowe, je\u017celi ich&nbsp;<strong>tematyka jest merytorycznie zwi\u0105zana<\/strong>&nbsp;z badaniami naukowymi lub pracami rozwojowymi prowadzonymi w ramach okre\u015blonej dyscypliny naukowej oraz ewaluowany podmiot (UKSW) zosta\u0142 wykazany w o\u015bwiadczeniu, o kt\u00f3rym mowa w art. 265 ust. 13 ustawy.<\/p>\n\n\n\n<div style=\"height:16px\" aria-hidden=\"true\" class=\"wp-block-spacer\"><\/div>\n\n\n\n<p>W ramach pierwszego kryterium oceniane b\u0119d\u0105 nast\u0119puj\u0105ce&nbsp;<strong>rodzaje osi\u0105gni\u0119\u0107 naukowych<\/strong>:<\/p>\n\n\n\n<p><strong>artyku\u0142y naukowe:<\/strong><\/p>\n\n\n\n<ul class=\"wp-block-list\">\n<li>opublikowane w czasopismach naukowych lub recenzowanych materia\u0142ach z konferencji mi\u0119dzynarodowych,&nbsp;<strong>zamieszczone w ministerialnym wykazie czasopism<\/strong>&nbsp;naukowych oraz recenzowanych materia\u0142\u00f3w z konferencji mi\u0119dzynarodowych,<\/li>\n\n\n\n<li>opublikowane w czasopismach naukowych\u00a0<strong>niezamieszczonych w ministerialnym wykazie<\/strong>.<\/li>\n<\/ul>\n\n\n\n<p><strong>monografie naukowe:<\/strong><\/p>\n\n\n\n<ul class=\"wp-block-list\">\n<li>wydane przez wydawnictwa&nbsp;<strong>zamieszczone w ministerialnym wykazie wydawnictw<\/strong>&nbsp;publikuj\u0105cych recenzowane monografie naukowe,<\/li>\n\n\n\n<li>wydane przez wydawnictwa\u00a0<strong>niezamieszczone w ministerialnym wykazie wydawnictw<\/strong>.<\/li>\n<\/ul>\n\n\n\n<p><strong>rozdzia\u0142y w monografiach naukowych:<\/strong><\/p>\n\n\n\n<ul class=\"wp-block-list\">\n<li>wydanych przez wydawnictwa\u00a0<strong>zamieszczone w ministerialnym wykazie wydawnictw,<\/strong><\/li>\n\n\n\n<li>wydanych przez wydawnictwa\u00a0<strong>niezamieszczone w ministerialnym wykazie wydawnictw<\/strong>.<\/li>\n<\/ul>\n\n\n\n<p><strong>redakcja naukowa:<\/strong><\/p>\n\n\n\n<ul class=\"wp-block-list\">\n<li>monografii naukowych wydanych przez wydawnictwa&nbsp;<strong>zamieszczone w ministerialnym wykazie wydawnictw,<\/strong><\/li>\n\n\n\n<li>monografii naukowych wydanych przez wydawnictwa\u00a0<strong>niezamieszczone w ministerialnym wykazie wydawnictw<\/strong>,<\/li>\n\n\n\n<li><strong>przyznanych patent\u00f3w na wynalazki, prawa ochronne na wzory u\u017cytkowe i wy\u0142\u0105czne prawa hodowc\u00f3w do odmian ro\u015blin\u00a0<\/strong>(je\u017celi s\u0105 wynikiem dzia\u0142alno\u015bci naukowej prowadzonej w ewaluowanym podmiocie w ramach tej dyscypliny). Liczba zg\u0142aszanych osi\u0105gni\u0119\u0107 nie mo\u017ce by\u0107 wi\u0119ksza ni\u017c\u00a0<a rel=\"noreferrer noopener\" href=\"https:\/\/ewaluacja.uksw.edu.pl\/ewaluacja\/liczba-n\/\" data-type=\"page\" data-id=\"3834\" target=\"_blank\"><strong>liczba N<\/strong><\/a>\u00a0zaokr\u0105glona w g\u00f3r\u0119 do liczby ca\u0142kowitej.<\/li>\n<\/ul>\n\n\n\n<p><strong>Ocena oparta jest na wyliczeniach algorytmicznych<\/strong><\/p>\n\n\n\n<p>Osi\u0105gni\u0119cie jest przypisane do podmiotu. Do autora przypisany jest udzia\u0142 w osi\u0105gni\u0119ciu. Osi\u0105gni\u0119cie w kontek\u015bcie publikacji jest rozumiane jako rodzaj uczestnictwa w tworzeniu danego jej typu. Autorstwo i redakcja (r\u00f3wnie\u017c przek\u0142adu) s\u0105 traktowane r\u00f3wnowa\u017cnie i nie mog\u0105 wyst\u0119powa\u0107 jednocze\u015bnie w ramach jednej monografii, monografii pod redakcj\u0105 ani rozdzia\u0142u.<\/p>\n\n\n\n<p>na podstawie:&nbsp;<a href=\"https:\/\/sedn-cp.opi.org.pl\/baza-wiedzy\/osiagniecia\/\" target=\"_blank\" rel=\"noreferrer noopener\">https:\/\/sedn-cp.opi.org.pl\/baza-wiedzy\/osiagniecia\/<\/a><\/p>\n\n\n\n<p>\u2014\u2014\u2014\u2014\u2014\u2013<\/p>\n\n\n\n<p><strong>Artyku\u0142 naukowy<\/strong>, to w my\u015bl przepis\u00f3w: recenzowany artyku\u0142 opublikowany w czasopi\u015bmie naukowym albo recenzowanych materia\u0142ach z mi\u0119dzynarodowej konferencji naukowej, przedstawiaj\u0105cy okre\u015blone zagadnienie w spos\u00f3b\u00a0<strong>oryginalny, tw\u00f3rczy, problemowy<\/strong>\u00a0albo\u00a0<strong>przekrojowy,<\/strong>\u00a0opatrzony przypisami, bibliografi\u0105 lub innym w\u0142a\u015bciwym dla danej dyscypliny naukowej aparatem naukowym.<\/p>\n\n\n\n<p>Jest nim tak\u017ce:<strong>&nbsp;artyku\u0142 recenzyjny<\/strong>&nbsp;opublikowany&nbsp;<strong>w czasopi\u015bmie naukowym zamieszczonym w wykazie czasopism.<\/strong><\/p>\n\n\n\n<p><strong>Nie jest nim:<\/strong><\/p>\n\n\n\n<ul class=\"wp-block-list\">\n<li>edytorial, abstrakt, rozszerzony abstrakt, list, errata, nota redakcyjna.<\/li>\n<\/ul>\n\n\n\n<p>\u2014\u2014\u2014\u2014\u2014-<\/p>\n\n\n\n<p><strong>Monografia naukowa<\/strong>&nbsp;to recenzowana publikacja ksi\u0105\u017ckowa, kt\u00f3ra przedstawia okre\u015blone zagadnienie w spos\u00f3b&nbsp;<strong>oryginalny<\/strong>&nbsp;i&nbsp;<strong>tw\u00f3rczy,<\/strong>&nbsp;opatrzona przypisami, bibliografi\u0105 lub innym w\u0142a\u015bciwym dla danej dyscypliny naukowej aparatem naukowym.<\/p>\n\n\n\n<p><strong>Jest ni\u0105:<\/strong><\/p>\n\n\n\n<ul class=\"wp-block-list\">\n<li>recenzowany i opatrzony przypisami, bibliografi\u0105 lub innym w\u0142a\u015bciwym dla danej dyscypliny naukowej aparatem naukowym przek\u0142ad na j\u0119zyk polski lub na inny j\u0119zyk nowo\u017cytny (wydanego w j\u0119zyku polskim) dzie\u0142a istotnego dla nauki lub kultury,<\/li>\n\n\n\n<li>edycja naukowa tekst\u00f3w \u017ar\u00f3d\u0142owych.<\/li>\n<\/ul>\n\n\n\n<p><a href=\"http:\/\/isap.sejm.gov.pl\/isap.nsf\/DocDetails.xsp?id=WDU20200001352\" target=\"_blank\" rel=\"noreferrer noopener\">Rozporz\u0105dzenie Ministra Nauki i Szkolnictwa Wy\u017cszego z dnia 31 lipca 2020 r. zmieniaj\u0105ce rozporz\u0105dzenie w sprawie ewaluacji jako\u015bci dzia\u0142alno\u015bci naukowej \u2013 Dz.U. 2020 poz. 1352<\/a>, \u00a7 8, \u00a7 9, \u00a7 10, \u00a7 11<\/p>\n\n\n\r\n<div class=\"\">\r\n\r\n\r\n<div class=\"row\">\r\n\r\n  \r\n<div class=\"col-xl-12 col-lg-12 col-md-12 col-sm-12 \">\r\n\t\t<div class=\"download_detils\">\r\n\t\t\t<a href=\"https:\/\/ewaluacja.uksw.edu.pl\/wp-content\/uploads\/sites\/20\/2022\/11\/ewaluacja-jakosci-dzialalnosci-naukowej-przewodnik20190305.pdf\"  title=\"Ewaluacja jakos\u0301ci dzia\u0142alnos\u0301ci naukowej. Przewodnik. Rozdzia\u0142 II. Kryterium I, str 26-71\" download >\r\n\t\t\t<img decoding=\"async\" src=\"https:\/\/ewaluacja.uksw.edu.pl\/wp-content\/themes\/uksw\/images\/import.svg\" alt=\"\"> Ewaluacja jakos\u0301ci dzia\u0142alnos\u0301ci naukowej. Przewodnik. Rozdzia\u0142 II.\nKryterium I, str 26-71 [PDF,  2.65 MB]<\/a>\r\n\t\t<\/div>\r\n<\/div>\r\n\r\n\r\n\t\t\r\n\t\t \r\n\r\n<\/div>\r\n<\/div>\r\n<div class=\"space20\"><\/div>\r\n\r\n\n\n\n<hr class=\"wp-block-separator has-alpha-channel-opacity\"\/>\n\n\n\n<p>wi\u0119cej informacji:&nbsp;<a href=\"https:\/\/sedn-cp.opi.org.pl\/baza-wiedzy\/osiagniecia\/\" target=\"_blank\" rel=\"noreferrer noopener\">https:\/\/sedn-cp.opi.org.pl\/baza-wiedzy\/osiagniecia\/<\/a><\/p>\n\n\n\r\n<div class=\"\">\r\n\r\n<div class=\"page_heading\"> <img decoding=\"async\" src=\"https:\/\/ewaluacja.uksw.edu.pl\/wp-content\/themes\/uksw\/images\/note-2_white.svg\" alt=\"\"> Wybierz interesuj\u0105cy Ci\u0119 dzia\u0142:<\/div>\r\n<div class=\"candidate_box_sec\">\r\n<div class=\"row\">\r\n\r\n    \r\n                                \r\n                            <div class=\"col-xl-4 col-lg-6 col-md-12 col-sm-12 project\">\r\n                                <a href=\"https:\/\/ewaluacja.uksw.edu.pl\/?post_type=page&#038;p=3836\" class=\"project_box\">\r\n                                    <div class=\"candidate_box project_box\">\r\n                                        <div class=\"candidate_box_title\">Punktacja<\/div>\r\n                                                                                <img decoding=\"async\" src=\"https:\/\/ewaluacja.uksw.edu.pl\/wp-content\/themes\/uksw\/images\/arrow_more1.svg\" alt=\"\">  \r\n                                    <\/div>\r\n                                <\/a>\r\n                            <\/div>\r\n                      \r\n                        \r\n                            \r\n                                \r\n                            <div class=\"col-xl-4 col-lg-6 col-md-12 col-sm-12 project\">\r\n                                <a href=\"https:\/\/ewaluacja.uksw.edu.pl\/?post_type=page&#038;p=3837\" class=\"project_box\">\r\n                                    <div class=\"candidate_box project_box\">\r\n                                        <div class=\"candidate_box_title\">Wykaz<\/div>\r\n                                                                                <div class=\"candidate_box_sub_title\">wydawnictw i czasopism<\/div>\r\n                                                                                <img decoding=\"async\" src=\"https:\/\/ewaluacja.uksw.edu.pl\/wp-content\/themes\/uksw\/images\/arrow_more1.svg\" alt=\"\">  \r\n                                    <\/div>\r\n                                <\/a>\r\n                            <\/div>\r\n                      \r\n                        \r\n                            <\/div>\r\n<\/div>\r\n\r\n<\/div>","protected":false},"excerpt":{"rendered":"<p>Poziom naukowy lub artystyczny prowadzonej dzia\u0142alno\u015bci naukowej Ocena poziomu naukowego dotyczy artyku\u0142\u00f3w naukowych (zar\u00f3wno z wykazu, jak i spoza wykazu), monografii, redakcji monografii i autorstwa rozdzia\u0142\u00f3w w monografiach (zar\u00f3wno z wykazu, jak i spoza wykazu), a tak\u017ce przyznanych patent\u00f3w na wynalazki. W ewaluacji uwzgl\u0119dnia si\u0119 publikacje naukowe, je\u017celi ich&nbsp;tematyka jest merytorycznie zwi\u0105zana&nbsp;z badaniami naukowymi lub [&hellip;]<\/p>\n","protected":false},"author":1,"featured_media":0,"parent":3825,"menu_order":7,"comment_status":"closed","ping_status":"closed","template":"page-templates\/template-sub-page.php","meta":{"_acf_changed":false,"inline_featured_image":false,"footnotes":"","_links_to":"","_links_to_target":""},"class_list":["post-3831","page","type-page","status-publish","hentry"],"acf":[],"_links":{"self":[{"href":"https:\/\/ewaluacja.uksw.edu.pl\/pl\/wp-json\/wp\/v2\/pages\/3831","targetHints":{"allow":["GET"]}}],"collection":[{"href":"https:\/\/ewaluacja.uksw.edu.pl\/pl\/wp-json\/wp\/v2\/pages"}],"about":[{"href":"https:\/\/ewaluacja.uksw.edu.pl\/pl\/wp-json\/wp\/v2\/types\/page"}],"author":[{"embeddable":true,"href":"https:\/\/ewaluacja.uksw.edu.pl\/pl\/wp-json\/wp\/v2\/users\/1"}],"replies":[{"embeddable":true,"href":"https:\/\/ewaluacja.uksw.edu.pl\/pl\/wp-json\/wp\/v2\/comments?post=3831"}],"version-history":[{"count":9,"href":"https:\/\/ewaluacja.uksw.edu.pl\/pl\/wp-json\/wp\/v2\/pages\/3831\/revisions"}],"predecessor-version":[{"id":4302,"href":"https:\/\/ewaluacja.uksw.edu.pl\/pl\/wp-json\/wp\/v2\/pages\/3831\/revisions\/4302"}],"up":[{"embeddable":true,"href":"https:\/\/ewaluacja.uksw.edu.pl\/pl\/wp-json\/wp\/v2\/pages\/3825"}],"wp:attachment":[{"href":"https:\/\/ewaluacja.uksw.edu.pl\/pl\/wp-json\/wp\/v2\/media?parent=3831"}],"curies":[{"name":"wp","href":"https:\/\/api.w.org\/{rel}","templated":true}]}}