{"id":3833,"date":"2022-11-23T12:06:48","date_gmt":"2022-11-23T11:06:48","guid":{"rendered":"https:\/\/jednostki.uksw.edu.pl\/ewaluacja\/ewaluacja\/kryterium-3\/"},"modified":"2023-01-19T14:11:02","modified_gmt":"2023-01-19T13:11:02","slug":"kryterium-3","status":"publish","type":"page","link":"https:\/\/ewaluacja.uksw.edu.pl\/ewaluacja\/kryterium-3\/","title":{"rendered":"Kryterium 3"},"content":{"rendered":"\n<h2 class=\"wp-block-heading\">Wp\u0142yw dzia\u0142alno\u015bci naukowej na funkcjonowanie spo\u0142ecze\u0144stwa i gospodarki<\/h2>\n\n\n<div class=\"wp-block-image\">\n<figure class=\"alignleft size-full\"><img decoding=\"async\" width=\"300\" height=\"200\" src=\"https:\/\/ewaluacja.uksw.edu.pl\/wp-content\/uploads\/sites\/20\/2022\/11\/AdobeStock_327731939-300x200-1.jpeg\" alt=\"widok komputer\u00f3w wy\u015bwietlaj\u0105cych wykresy graficzne\" class=\"wp-image-3888\" srcset=\"https:\/\/ewaluacja.uksw.edu.pl\/wp-content\/uploads\/sites\/20\/2022\/11\/AdobeStock_327731939-300x200-1.jpeg 300w, https:\/\/ewaluacja.uksw.edu.pl\/wp-content\/uploads\/sites\/20\/2022\/11\/AdobeStock_327731939-300x200-1-251x168.jpeg 251w\" sizes=\"(max-width: 300px) 100vw, 300px\" \/><\/figure><\/div>\n\n\n<p>Ocen\u0119 wp\u0142ywu dzia\u0142alno\u015bci naukowej na funkcjonowanie spo\u0142ecze\u0144stwa i gospodarki przeprowadza si\u0119 na podstawie&nbsp;<strong>opis\u00f3w udowadniaj\u0105cych zwi\u0105zek<\/strong>&nbsp;mi\u0119dzy wynikami bada\u0144 naukowych, prac rozwojowych lub tw\u00f3rczo\u015bci artystycznej a funkcjonowaniem administracji, ochron\u0105 zdrowia, kultur\u0105 i sztuk\u0105, ochron\u0105 \u015brodowiska naturalnego, bezpiecze\u0144stwem i obronno\u015bci\u0105 pa\u0144stwa lub innymi czynnikami wp\u0142ywaj\u0105cymi na rozw\u00f3j cywilizacyjny.<\/p>\n\n\n\n<div style=\"height:16px\" aria-hidden=\"true\" class=\"wp-block-spacer\"><\/div>\n\n\n\n<p>Przy ocenie tego kryterium bierze si\u0119 pod uwag\u0119 tzw.&nbsp;<strong>studium indywidualnych przypadk\u00f3w<\/strong>: \u201ecase studies\u201d, kt\u00f3re w za\u0142o\u017ceniu ministerstwa, ma pozwala\u0107 na rzetelny pomiar i ocen\u0119 wp\u0142ywu.<\/p>\n\n\n\n<p>Wa\u017cne, aby kryterium wp\u0142ywu odnosi\u0142o si\u0119 do bada\u0144 naukowych, a nie politycznej czy publicystycznej aktywno\u015bci naukowc\u00f3w, a spos\u00f3b sprawozdania pokazywa\u0142 wyra\u017any zwi\u0105zek mi\u0119dzy wynikami dzia\u0142alno\u015bci naukowej oraz intersubiektywnie weryfikowan\u0105 zmian\u0105 zaobserwowan\u0105 poza uczelni\u0105.<\/p>\n\n\n\n<p><strong>Uwaga:<\/strong>&nbsp;W kryterium 3 mo\u017cna zg\u0142asza\u0107 osi\u0105gni\u0119cia wytworzone przed okresem obj\u0119tym ewaluacj\u0105, ale zako\u0144czone nie wcze\u015bniej ni\u017c w dwudziestym roku poprzedzaj\u0105cym pierwszy rok obj\u0119ty ewaluacj\u0105 (od 01.01.1997 r.), kt\u00f3rych wp\u0142yw da\u0142 si\u0119 odczu\u0107 w\u0142a\u015bnie w okresie bezpo\u015brednio poprzedzaj\u0105cym rok przeprowadzenia ewaluacji.<\/p>\n\n\n\r\n<div class=\"\">\r\n\r\n\r\n<div class=\"row\">\r\n\r\n  \r\n<div class=\"col-xl-12 col-lg-12 col-md-12 col-sm-12 \">\r\n\t\t<div class=\"download_detils\">\r\n\t\t\t<a href=\"https:\/\/ewaluacja.uksw.edu.pl\/wp-content\/uploads\/sites\/20\/2022\/11\/20210729_Podrecznik_Kryterium_III_KEN.pdf\"  target=\"_blank\" >\r\n\t\t\t<img decoding=\"async\" src=\"https:\/\/ewaluacja.uksw.edu.pl\/wp-content\/themes\/uksw\/images\/import.svg\" alt=\"\"> Podr\u0119cznik przygotowany przez Komisj\u0119 Ewaluacji Nauki \u2013 dost\u0119pny! [PDF,  0.27 MB]<\/a>\r\n\t\t<\/div>\r\n<\/div>\r\n\r\n\r\n\t\t\r\n<div class=\"col-xl-12 col-lg-12 col-md-12 col-sm-12 \">\r\n\t\t<div class=\"download_detils\">\r\n\t\t\t<a href=\"https:\/\/ewaluacja.uksw.edu.pl\/wp-content\/uploads\/sites\/20\/2022\/11\/kryterium-3.pdf\"  target=\"_blank\" >\r\n\t\t\t<img decoding=\"async\" src=\"https:\/\/ewaluacja.uksw.edu.pl\/wp-content\/themes\/uksw\/images\/import.svg\" alt=\"\"> Kryterium 3 \u2013 wp\u0142yw dzia\u0142alno\u015bci naukowej \u2013 prezentacja BEBN [PDF,  1.50 MB]<\/a>\r\n\t\t<\/div>\r\n<\/div>\r\n\r\n\r\n\t\t\r\n\t\t \r\n\r\n<\/div>\r\n<\/div>\r\n<div class=\"space20\"><\/div>\r\n\r\n\n\n\n<h3 class=\"wp-block-heading\">Wi\u0119cej informacji:<\/h3>\n\n\n\n<ul class=\"wp-block-list\">\n<li><a href=\"https:\/\/irsw.pl\/wplyw-spoleczny-materialy-z-webinaru\/\">Webinar&nbsp;dotycz\u0105cy Kryterium 3 \u2013 autorstwa Pani dr Katarzyny \u015awierk IRSW<\/a><\/li>\n\n\n\n<li><a href=\"https:\/\/ewaluacja.uksw.edu.pl\/wp-content\/uploads\/sites\/20\/2022\/11\/podrecznik-dla-podmiotow-v1-2.pdf\" target=\"_blank\" data-type=\"URL\" data-id=\"https:\/\/ewaluacja.uksw.edu.pl\/wp-content\/uploads\/sites\/20\/2022\/11\/podrecznik-dla-podmiotow-v1-2.pdf\" rel=\"noreferrer noopener\">Korytkowski, P., Kulczycki, E. (2019). Opis wp\u0142ywu dzia\u0142alno\u015bci naukowej na funkcjonowanie spo\u0142ecze\u0144stwa i gospodarki. Podr\u0119cznik dla ewaluowanych podmiot\u00f3w.DOI:10.6084\/m9.figshare.11385876<\/a><\/li>\n\n\n\n<li><a href=\"https:\/\/ewaluacja.uksw.edu.pl\/wp-content\/uploads\/sites\/20\/2022\/11\/podrecznik-dla-ewaluatorow-v1.pdf\" target=\"_blank\" data-type=\"URL\" data-id=\"https:\/\/ewaluacja.uksw.edu.pl\/wp-content\/uploads\/sites\/20\/2022\/11\/podrecznik-dla-ewaluatorow-v1.pdf\" rel=\"noreferrer noopener\">Korytkowski, P., Kulczycki, E. (2019). Opis wp\u0142ywu dzia\u0142alno\u015bci naukowej na funkcjonowanie spo\u0142ecze\u0144stwa i gospodarki. Podr\u0119cznik dla ekspert\u00f3w. DOI: 10.6084\/m9.figshare.11385864<\/a><\/li>\n\n\n\n<li><a href=\"https:\/\/ewaluacja.uksw.edu.pl\/wp-content\/uploads\/sites\/20\/2022\/11\/Raport-z-pilotazu-procedur-oceny-wplywu-spolecznego.pdf\" target=\"_blank\" data-type=\"URL\" data-id=\"https:\/\/ewaluacja.uksw.edu.pl\/wp-content\/uploads\/sites\/20\/2022\/11\/Raport-z-pilotazu-procedur-oceny-wplywu-spolecznego.pdf\" rel=\"noreferrer noopener\">Korytkowski, P., Kulczycki, E. (2020). Raport z pilota\u017cu procedur oceny wp\u0142ywu spo\u0142ecznego. DOI: 10.6084\/m9.figshare.12402686<\/a><\/li>\n\n\n\n<li><a href=\"https:\/\/impact.ref.ac.uk\/casestudies\/\" target=\"_blank\" rel=\"noreferrer noopener\">REF \u2013 Research Excellence Framework \u2013 Impact Case Studies<\/a><\/li>\n<\/ul>\n\n\n\n<hr class=\"wp-block-separator has-alpha-channel-opacity\"\/>\n\n\n\n<p><a href=\"http:\/\/isap.sejm.gov.pl\/isap.nsf\/DocDetails.xsp?id=WDU20190000392\" target=\"_blank\" rel=\"noreferrer noopener\">Rozporz\u0105dzenie Ministra Nauki i Szkolnictwa Wy\u017cszego z dnia 22 lutego 2019 r. w sprawie ewaluacji jako\u015bci dzia\u0142alno\u015bci naukowej \u2013 Dz.U. 2019 poz. 392,&nbsp;<\/a><a href=\"http:\/\/isap.sejm.gov.pl\/isap.nsf\/DocDetails.xsp?id=WDU20200001352\" target=\"_blank\" rel=\"noreferrer noopener\">z p\u00f3zn. zmianami, \u00a7 23<\/a><\/p>\n\n\n\r\n<div class=\"\">\r\n\r\n\r\n<div class=\"row\">\r\n\r\n  \r\n<div class=\"col-xl-12 col-lg-12 col-md-12 col-sm-12 \">\r\n\t\t<div class=\"download_detils\">\r\n\t\t\t<a href=\"https:\/\/ewaluacja.uksw.edu.pl\/wp-content\/uploads\/sites\/20\/2022\/11\/ewaluacja-jakosci-dzialalnosci-naukowej-przewodnik20190305-1.pdf\"  target=\"_blank\" >\r\n\t\t\t<img decoding=\"async\" src=\"https:\/\/ewaluacja.uksw.edu.pl\/wp-content\/themes\/uksw\/images\/import.svg\" alt=\"\"> Ewaluacja jako\u015bci dzia\u0142alno\u015bci naukowej. Przewodnik. Rozdzia\u0142 IV- Kryterium\nIII, str 78-82 [PDF,  2.65 MB]<\/a>\r\n\t\t<\/div>\r\n<\/div>\r\n\r\n\r\n\t\t\r\n\t\t \r\n\r\n<\/div>\r\n<\/div>\r\n<div class=\"space20\"><\/div>\r\n\r\n","protected":false},"excerpt":{"rendered":"<p>Wp\u0142yw dzia\u0142alno\u015bci naukowej na funkcjonowanie spo\u0142ecze\u0144stwa i gospodarki Ocen\u0119 wp\u0142ywu dzia\u0142alno\u015bci naukowej na funkcjonowanie spo\u0142ecze\u0144stwa i gospodarki przeprowadza si\u0119 na podstawie&nbsp;opis\u00f3w udowadniaj\u0105cych zwi\u0105zek&nbsp;mi\u0119dzy wynikami bada\u0144 naukowych, prac rozwojowych lub tw\u00f3rczo\u015bci artystycznej a funkcjonowaniem administracji, ochron\u0105 zdrowia, kultur\u0105 i sztuk\u0105, ochron\u0105 \u015brodowiska naturalnego, bezpiecze\u0144stwem i obronno\u015bci\u0105 pa\u0144stwa lub innymi czynnikami wp\u0142ywaj\u0105cymi na rozw\u00f3j cywilizacyjny. Przy ocenie [&hellip;]<\/p>\n","protected":false},"author":1,"featured_media":0,"parent":3825,"menu_order":9,"comment_status":"closed","ping_status":"closed","template":"page-templates\/template-sub-page.php","meta":{"_acf_changed":false,"inline_featured_image":false,"footnotes":"","_links_to":"","_links_to_target":""},"class_list":["post-3833","page","type-page","status-publish","hentry"],"acf":[],"_links":{"self":[{"href":"https:\/\/ewaluacja.uksw.edu.pl\/pl\/wp-json\/wp\/v2\/pages\/3833","targetHints":{"allow":["GET"]}}],"collection":[{"href":"https:\/\/ewaluacja.uksw.edu.pl\/pl\/wp-json\/wp\/v2\/pages"}],"about":[{"href":"https:\/\/ewaluacja.uksw.edu.pl\/pl\/wp-json\/wp\/v2\/types\/page"}],"author":[{"embeddable":true,"href":"https:\/\/ewaluacja.uksw.edu.pl\/pl\/wp-json\/wp\/v2\/users\/1"}],"replies":[{"embeddable":true,"href":"https:\/\/ewaluacja.uksw.edu.pl\/pl\/wp-json\/wp\/v2\/comments?post=3833"}],"version-history":[{"count":4,"href":"https:\/\/ewaluacja.uksw.edu.pl\/pl\/wp-json\/wp\/v2\/pages\/3833\/revisions"}],"predecessor-version":[{"id":4310,"href":"https:\/\/ewaluacja.uksw.edu.pl\/pl\/wp-json\/wp\/v2\/pages\/3833\/revisions\/4310"}],"up":[{"embeddable":true,"href":"https:\/\/ewaluacja.uksw.edu.pl\/pl\/wp-json\/wp\/v2\/pages\/3825"}],"wp:attachment":[{"href":"https:\/\/ewaluacja.uksw.edu.pl\/pl\/wp-json\/wp\/v2\/media?parent=3833"}],"curies":[{"name":"wp","href":"https:\/\/api.w.org\/{rel}","templated":true}]}}