{"id":3834,"date":"2022-11-23T12:06:48","date_gmt":"2022-11-23T11:06:48","guid":{"rendered":"https:\/\/jednostki.uksw.edu.pl\/ewaluacja\/ewaluacja\/liczba-n\/"},"modified":"2023-01-23T09:47:23","modified_gmt":"2023-01-23T08:47:23","slug":"liczba-n","status":"publish","type":"page","link":"https:\/\/ewaluacja.uksw.edu.pl\/ewaluacja\/liczba-n\/","title":{"rendered":"Liczba N"},"content":{"rendered":"\n<p><strong>Liczba N<\/strong>&nbsp;\u2013 to liczba pracownik\u00f3w ewaluowanego podmiotu (UKSW) prowadz\u0105cych dzia\u0142alno\u015b\u0107 naukow\u0105 w danej dyscyplinie naukowej lub artystycznej, kt\u00f3rzy z\u0142o\u017cyli o\u015bwiadczenie o reprezentowanej dyscyplinie (art. 343 ust.7 ustawy) oraz o\u015bwiadczenie upowa\u017cniaj\u0105ce do zaliczenia do liczby pracownik\u00f3w prowadz\u0105cych dzia\u0142alno\u015b\u0107 naukow\u0105 (art. 265 ust. 5 ustawy). Warto\u015b\u0107 liczby N uwzgl\u0119dniania jest w okre\u015blaniu kryteri\u00f3w szczeg\u00f3\u0142owych ewaluacji.<\/p>\n\n\n\n<h2 class=\"wp-block-heading\">Liczb\u0119 N ustala si\u0119:<\/h2>\n\n\n\n<ul class=\"wp-block-list\">\n<li>jako<strong>&nbsp;\u015bredni\u0105 arytmetyczn\u0105<\/strong>&nbsp;liczby tych pracownik\u00f3w w poszczeg\u00f3lnych latach z okresu obj\u0119tego ewaluacj\u0105,&nbsp;<strong>w przeliczeniu na pe\u0142ny wymiar czasu pracy<\/strong>, z uwzgl\u0119dnieniem&nbsp;<strong>udzia\u0142u czasu pracy<\/strong>&nbsp;zwi\u0105zanej z prowadzeniem dzia\u0142alno\u015bci naukowej&nbsp;<strong>w tej dyscyplinie<\/strong>, z dok\u0142adno\u015bci\u0105<strong>&nbsp;do dw\u00f3ch miejsc po przecinku,<\/strong><\/li>\n\n\n\n<li>wed\u0142ug stanu&nbsp;<strong>na dzie\u0144 31 grudnia<\/strong>&nbsp;<strong>ka\u017cdego roku<\/strong>&nbsp;obj\u0119tego ewaluacj\u0105,&nbsp;<strong>na podstawie informacji zawartych w systemie POL-on.<\/strong><\/li>\n<\/ul>\n\n\n\n<p><strong>Liczb\u0119 os\u00f3b prowadz\u0105cych dzia\u0142alno\u015b\u0107 naukow\u0105<\/strong>&nbsp;w danej dyscyplinie&nbsp;<strong>w 2017 roku<\/strong>&nbsp;ustala si\u0119 na podstawie liczby pracownik\u00f3w zaliczonych wed\u0142ug stanu na dzie\u0144 31.12.2017 r. na podstawie przepis\u00f3w&nbsp;<a href=\"http:\/\/isap.sejm.gov.pl\/isap.nsf\/DocDetails.xsp?id=WDU20100960615\" target=\"_blank\" rel=\"noreferrer noopener\">ustawy z dnia 30 kwietnia 2010 r. o zasadach finansowania nauki (Dz. U. z 2018 poz. 87)&nbsp;<\/a>do os\u00f3b uczestnicz\u0105cych w realizacji bada\u0144 naukowych lub prac rozwojowych, z uwzgl\u0119dnieniem dyscyplin wskazanych przez tych pracownik\u00f3w w o\u015bwiadczeniu, o kt\u00f3rym mowa w art. 219 ust.11 ustawy<a href=\"https:\/\/isap.sejm.gov.pl\/isap.nsf\/DocDetails.xsp?id=WDU20180001669\" target=\"_blank\" rel=\"noreferrer noopener\">&nbsp;z dnia 3 lipca 2018 r. \u2013 Przepisy wprowadzaj\u0105ce ustaw\u0119 \u2013 Prawo o szkolnictwie wy\u017cszymi nauce<\/a>. Do liczby os\u00f3b prowadz\u0105cych dzia\u0142alno\u015b\u0107 naukow\u0105 w danej dyscyplinie naukowej w 2017 r.&nbsp;<strong>nie wlicza si\u0119 pracownik\u00f3w naukowo-technicznych i in\u017cynieryjno-technicznych; udzia\u0142 czasu pracy w 2017<\/strong>&nbsp;ustala si\u0119 wed\u0142ug stanu&nbsp;<strong>na dzie\u0144 31.12.2018 r.<\/strong><\/p>\n\n\n\n<p>W zale\u017cno\u015bci od warto\u015bci, jak\u0105 przyjmuje liczba N, okre\u015bla si\u0119 m.in.&nbsp;<strong>limit liczby osi\u0105gni\u0119\u0107<\/strong>, kt\u00f3re mog\u0105 by\u0107 wzi\u0119te pod uwag\u0119 w ramach poszczeg\u00f3lnych kryteri\u00f3w.<\/p>\n\n\n\n<p>Warto zaznaczy\u0107, \u017ce w ewaluacji&nbsp;<strong>mog\u0105 by\u0107 brane pod uwag\u0119<\/strong>&nbsp;tak\u017ce osi\u0105gni\u0119cia os\u00f3b, kt\u00f3re nie s\u0105 zaliczone do&nbsp;<strong>liczby N<\/strong>, spo\u015br\u00f3d kt\u00f3rych mo\u017cna wyr\u00f3\u017cni\u0107:<\/p>\n\n\n\n<ul class=\"wp-block-list\">\n<li><strong>doktoranci (za szk\u00f3\u0142 doktorskich)<\/strong>, kt\u00f3rzy w okresie&nbsp; obj\u0119tym ewaluacj\u0105 odbywali kszta\u0142cenie w&nbsp;<a href=\"http:\/\/szkoladoktorska.uksw.edu.pl\/\" target=\"_blank\" rel=\"noreferrer noopener\">Szkole Doktorskiej<\/a>&nbsp;prowadzonej przez UKSW i przygotowywali rozpraw\u0119 doktorsk\u0105 w ewaluowanej dyscyplinie, za wyj\u0105tkiem doktorant\u00f3w zatrudnianych przez UKSW, kt\u00f3rzy z\u0142o\u017cyli o\u015bwiadczenie o zaliczeniu do liczby N, o kt\u00f3rym mowa w art. 265. ust.5 ustawy 2.0<\/li>\n\n\n\n<li><strong>osoby<\/strong>, kt\u00f3re&nbsp;<strong>prowadzi\u0142y dzia\u0142alno\u015b\u0107 naukow\u0105<\/strong>&nbsp;i by\u0142y&nbsp;<strong>zatrudnione w UKSW<\/strong>&nbsp;na podstawie stosunku pracy, spos\u00f3b ci\u0105g\u0142y przez co najmniej 12 miesi\u0119cy, ale nie z\u0142o\u017cy\u0142y ww. o\u015bwiadczenia, gdy\u017c z\u0142o\u017cy\u0142y je w innym podmiocie.<\/li>\n<\/ul>\n\n\n\n<p><a href=\"http:\/\/isap.sejm.gov.pl\/isap.nsf\/DocDetails.xsp?id=WDU20200001352\" target=\"_blank\" rel=\"noreferrer noopener\">Rozporz\u0105dzenie Ministra Nauki i Szkolnictwa Wy\u017cszego z dnia 31 lipca 2020 r. zmieniaj\u0105ce rozporz\u0105dzenie w sprawie ewaluacji jako\u015bci dzia\u0142alno\u015bci naukowej \u2013 Dz.U. 2020 poz. 1352<\/a>, \u00a7 7 i \u00a7 34a.<\/p>\n\n\n\r\n<div class=\"\">\r\n\r\n\r\n<div class=\"row\">\r\n\r\n  \r\n<div class=\"col-xl-12 col-lg-12 col-md-12 col-sm-12 \">\r\n\t\t<div class=\"download_detils\">\r\n\t\t\t<a href=\"https:\/\/ewaluacja.uksw.edu.pl\/wp-content\/uploads\/sites\/20\/2022\/11\/ewaluacja-jakosci-dzialalnosci-naukowej-przewodnik20190305.pdf\"  target=\"_blank\" >\r\n\t\t\t<img decoding=\"async\" src=\"https:\/\/ewaluacja.uksw.edu.pl\/wp-content\/themes\/uksw\/images\/import.svg\" alt=\"\"> Ewaluacja jako\u015bci dzia\u0142alno\u015bci naukowej. Przewodnik. Rozdzia\u0142 I Podstawowe\nza\u0142o\u017cenia nowego systemu ewaluacji. Liczba N, str 21-24 [PDF,  2.65 MB]<\/a>\r\n\t\t<\/div>\r\n<\/div>\r\n\r\n\r\n\t\t\r\n\t\t \r\n\r\n<\/div>\r\n<\/div>\r\n<div class=\"space20\"><\/div>\r\n\r\n","protected":false},"excerpt":{"rendered":"<p>Liczba N&nbsp;\u2013 to liczba pracownik\u00f3w ewaluowanego podmiotu (UKSW) prowadz\u0105cych dzia\u0142alno\u015b\u0107 naukow\u0105 w danej dyscyplinie naukowej lub artystycznej, kt\u00f3rzy z\u0142o\u017cyli o\u015bwiadczenie o reprezentowanej dyscyplinie (art. 343 ust.7 ustawy) oraz o\u015bwiadczenie upowa\u017cniaj\u0105ce do zaliczenia do liczby pracownik\u00f3w prowadz\u0105cych dzia\u0142alno\u015b\u0107 naukow\u0105 (art. 265 ust. 5 ustawy). Warto\u015b\u0107 liczby N uwzgl\u0119dniania jest w okre\u015blaniu kryteri\u00f3w szczeg\u00f3\u0142owych ewaluacji. Liczb\u0119 N [&hellip;]<\/p>\n","protected":false},"author":1,"featured_media":0,"parent":3825,"menu_order":10,"comment_status":"closed","ping_status":"closed","template":"page-templates\/template-sub-page.php","meta":{"_acf_changed":false,"inline_featured_image":false,"footnotes":"","_links_to":"","_links_to_target":""},"class_list":["post-3834","page","type-page","status-publish","hentry"],"acf":[],"_links":{"self":[{"href":"https:\/\/ewaluacja.uksw.edu.pl\/pl\/wp-json\/wp\/v2\/pages\/3834","targetHints":{"allow":["GET"]}}],"collection":[{"href":"https:\/\/ewaluacja.uksw.edu.pl\/pl\/wp-json\/wp\/v2\/pages"}],"about":[{"href":"https:\/\/ewaluacja.uksw.edu.pl\/pl\/wp-json\/wp\/v2\/types\/page"}],"author":[{"embeddable":true,"href":"https:\/\/ewaluacja.uksw.edu.pl\/pl\/wp-json\/wp\/v2\/users\/1"}],"replies":[{"embeddable":true,"href":"https:\/\/ewaluacja.uksw.edu.pl\/pl\/wp-json\/wp\/v2\/comments?post=3834"}],"version-history":[{"count":3,"href":"https:\/\/ewaluacja.uksw.edu.pl\/pl\/wp-json\/wp\/v2\/pages\/3834\/revisions"}],"predecessor-version":[{"id":4312,"href":"https:\/\/ewaluacja.uksw.edu.pl\/pl\/wp-json\/wp\/v2\/pages\/3834\/revisions\/4312"}],"up":[{"embeddable":true,"href":"https:\/\/ewaluacja.uksw.edu.pl\/pl\/wp-json\/wp\/v2\/pages\/3825"}],"wp:attachment":[{"href":"https:\/\/ewaluacja.uksw.edu.pl\/pl\/wp-json\/wp\/v2\/media?parent=3834"}],"curies":[{"name":"wp","href":"https:\/\/api.w.org\/{rel}","templated":true}]}}