{"id":3835,"date":"2022-11-23T12:06:49","date_gmt":"2022-11-23T11:06:49","guid":{"rendered":"https:\/\/jednostki.uksw.edu.pl\/ewaluacja\/ewaluacja\/akty-prawne\/"},"modified":"2022-11-23T12:45:25","modified_gmt":"2022-11-23T11:45:25","slug":"akty-prawne","status":"publish","type":"page","link":"https:\/\/ewaluacja.uksw.edu.pl\/ewaluacja\/akty-prawne\/","title":{"rendered":"Akty prawne"},"content":{"rendered":"\n<p>Informacje prezentowane poni\u017cej s\u0105 systematycznie aktualizowane, jednak podstawowym \u017ar\u00f3d\u0142em wiedzy o obowi\u0105zuj\u0105cych przepisach zewn\u0119trznych s\u0105 portale MEiN, a wewn\u0119trznych Monitor UKSW:&nbsp;<a href=\"https:\/\/monitor.uksw.edu.pl\/\" target=\"_blank\" rel=\"noreferrer noopener\">https:\/\/monitor.uksw.edu.pl<\/a>.<\/p>\n\n\n\n<h2 class=\"wp-block-heading\">Akty prawne zewn\u0119trzne:<\/h2>\n\n\n\n<ul class=\"wp-block-list\">\n<li><a href=\"http:\/\/isap.sejm.gov.pl\/isap.nsf\/DocDetails.xsp?id=WDU20180001668\" target=\"_blank\" rel=\"noreferrer noopener\">Ustawa z dnia 20 lipca 2018 r. \u2013&nbsp;<strong>Prawo o szkolnictwie wy\u017cszym i nauce<\/strong>&nbsp;\u2013 Dz.U. 2018 poz. 1668<\/a><\/li>\n\n\n\n<li><a href=\"http:\/\/isap.sejm.gov.pl\/isap.nsf\/DocDetails.xsp?id=WDU20200000085\" target=\"_blank\" rel=\"noreferrer noopener\">Obwieszczenie Marsza\u0142ka Sejmu Rzeczypospolitej Polskiej z dnia 9 grudnia 2019 r.<strong>&nbsp;w sprawie og\u0142oszenia jednolitego tekstu ustawy \u2013 Prawo o szkolnictwie wy\u017cszym i nauce-&nbsp;Dz.U. 2020 poz. 85<\/strong><\/a><\/li>\n\n\n\n<li><a href=\"http:\/\/isap.sejm.gov.pl\/isap.nsf\/DocDetails.xsp?id=WDU20180001669\" target=\"_blank\" rel=\"noreferrer noopener\">Ustawa z dnia 3 lipca 2018 r. \u2013&nbsp;<strong>Przepisy wprowadzaj\u0105ce ustaw\u0119<\/strong>&nbsp;\u2013 Prawo o szkolnictwie w<\/a><a href=\"http:\/\/isap.sejm.gov.pl\/isap.nsf\/DocDetails.xsp?id=WDU20180001669\" target=\"_blank\" rel=\"noreferrer noopener\">y\u017cszym i nauce \u2013 Dz.U. 2018 poz. 1669<\/a><\/li>\n<\/ul>\n\n\n\n<hr class=\"wp-block-separator has-alpha-channel-opacity\"\/>\n\n\n\n<ul class=\"wp-block-list\">\n<li><a href=\"http:\/\/isap.sejm.gov.pl\/isap.nsf\/DocDetails.xsp?id=WDU20190000392\" target=\"_blank\" rel=\"noreferrer noopener\">Rozporz\u0105dzenie Ministra Nauki i Szkolnictwa Wy\u017cszego z dnia 22 lutego 2019 r.&nbsp;<strong>w sprawie ewaluacji jako\u015bci dzia\u0142alno\u015bci naukowej<\/strong>&nbsp;\u2013 Dz.U. 2019 poz. 392<\/a><\/li>\n\n\n\n<li><a href=\"http:\/\/isap.sejm.gov.pl\/isap.nsf\/DocDetails.xsp?id=WDU20200001352\" target=\"_blank\" rel=\"noreferrer noopener\">Rozporz\u0105dzenie Ministra Nauki i Szkolnictwa Wy\u017cszego z dnia 31 lipca 2020 r.&nbsp;<strong>zmieniaj\u0105ce rozporz\u0105dzenie w sprawie ewaluacji jako\u015bci dzia\u0142alno\u015bci naukowej<\/strong>&nbsp;\u2013 Dz.U. 2020 poz. 1352<\/a><\/li>\n\n\n\n<li><strong><a href=\"https:\/\/isap.sejm.gov.pl\/isap.nsf\/DocDetails.xsp?id=WDU20210001994\" target=\"_blank\" rel=\"noreferrer noopener\">Rozporz\u0105dzenie Ministra Edukacji i Nauki z dnia 19 pa\u017adziernika 2021 r. zmieniaj\u0105ce rozporz\u0105dzenie w sprawie ewaluacji jako\u015bci dzia\u0142alno\u015bci naukowej -Dz.U. 2021 poz. 1994<\/a><\/strong><\/li>\n<\/ul>\n\n\n\n<hr class=\"wp-block-separator has-alpha-channel-opacity\"\/>\n\n\n\n<ul class=\"wp-block-list\">\n<li><a href=\"http:\/\/isap.sejm.gov.pl\/isap.nsf\/DocDetails.xsp?id=WDU20190000496\" target=\"_blank\" rel=\"noreferrer noopener\">Rozporz\u0105dzenie Ministra Nauki i Szkolnictwa Wy\u017cszego z dnia 6 marca 2019 r. w sprawie danych przetwarzanych w Zintegrowanym Systemie Informacji o Szkolnictwie Wy\u017cszym i Nauce POL-on \u2013 Dz.U. 2019 poz. 496<\/a><\/li>\n\n\n\n<li><a href=\"http:\/\/isap.sejm.gov.pl\/isap.nsf\/DocDetails.xsp?id=WDU20210000071\" target=\"_blank\" rel=\"noreferrer noopener\">Rozporz\u0105dzenie Ministra Edukacji i Nauki z dnia 22 grudnia 2020 r.&nbsp;<strong>zmieniaj\u0105ce rozporz\u0105dzenie w sprawie&nbsp;<\/strong><strong>danych przetwarzanych w Zintegrowanym Systemie Informacji o Szkolnictwie Wy\u017cszym i Nauce<\/strong>&nbsp;POL-on \u2013 Dz.U. 2021 poz. 71<\/a><\/li>\n\n\n\n<li><a href=\"http:\/\/isap.sejm.gov.pl\/isap.nsf\/DocDetails.xsp?id=WDU20210002364\" target=\"_blank\" rel=\"noreferrer noopener\">Rozporz\u0105dzenie Ministra Edukacji i Nauki z dnia 17 grudnia 2021 r. zmieniaj\u0105ce rozporz\u0105dzenie w sprawie danych przetwarzanych w Zintegrowanym Systemie Informacji o Szkolnictwie Wy\u017cszym i Nauce POL-on<\/a><\/li>\n<\/ul>\n\n\n\n<hr class=\"wp-block-separator has-alpha-channel-opacity\"\/>\n\n\n\n<ul class=\"wp-block-list\">\n<li><a href=\"http:\/\/isap.sejm.gov.pl\/isap.nsf\/DocDetails.xsp?id=WDU20180001818\" target=\"_blank\" rel=\"noreferrer noopener\">Rozporz\u0105dzenie Ministra Nauki i Szkolnictwa Wy\u017cszego z dnia 20 wrze\u015bnia 2018 r.&nbsp;<strong>w sprawie dziedzin nauki i dyscyplin naukowych oraz dyscyplin artystycznych<\/strong>&nbsp;\u2013 Dz.U. 2018 poz. 1818<\/a><\/li>\n<\/ul>\n\n\n\n<hr class=\"wp-block-separator has-alpha-channel-opacity\"\/>\n\n\n\n<ul class=\"wp-block-list\">\n<li><a href=\"https:\/\/www.gov.pl\/web\/nauka\/nowe-rozszerzone-wykazy-czasopism-naukowych-i-recenzowanych-materialow-z-konferencji-miedzynarodowych-oraz-wydawnictw-monografii-naukowych\" target=\"_blank\" rel=\"noreferrer noopener\">Komunikat Ministra Nauki i Szkolnictwa Wy\u017cszego z dnia 17 grudnia 2019 r.&nbsp;<strong>w sprawie wykazu wydawnictw publikuj\u0105cych recenzowane monografie naukowe<\/strong><\/a><\/li>\n\n\n\n<li><a href=\"https:\/\/www.gov.pl\/web\/nauka\/wykaz-wydawnictw-publikujacych-recenzowane-monografie-naukowe\" target=\"_blank\" rel=\"noreferrer noopener\">Komunikat Ministra Nauki i Szkolnictwa Wy\u017cszego z dnia 29 wrze\u015bnia 2020 r.<strong>&nbsp;w sprawie wykazu wydawnictw publikuj\u0105cych recenzowane monografie naukowe<\/strong><\/a>&nbsp;\u2013&nbsp;<a href=\"https:\/\/ewaluacja.uksw.edu.pl\/wp-content\/uploads\/2020\/12\/20200930_Komunikat_w_spr_wykazu_wydawnictw_monografii_naukowych.pdf\">dokument<\/a><\/li>\n\n\n\n<li><a href=\"https:\/\/www.gov.pl\/web\/edukacja-i-nauka\/komunikat-ministra-edukacji-i-nauki-z-dnia-22-lipca-2021-r-w-sprawie-wykazu-wydawnictw-publikujacych-recenzowane-monografie-naukowe\" target=\"_blank\" rel=\"noreferrer noopener\">Komunikat Ministra Edukacji i Nauki z dnia 22 lipca 2021 r.&nbsp;<strong>w sprawie wykazu wydawnictw publikuj\u0105cych recenzowane monografie naukowe<\/strong><\/a><\/li>\n\n\n\n<li><a href=\"https:\/\/www.bip.nauka.gov.pl\/inne2\/komunikat-ministra-nauki-i-szkolnictwa-wyzszego-z-dnia-18-grudnia-2019-r-w-sprawie-wykazu-czasopism-naukowych-i-recenzowanych-materialow-z-konferencji-miedzynarodowych.html\" target=\"_blank\" rel=\"noreferrer noopener\">Komunikat Ministra Nauki i Szkolnictwa Wy\u017cszego z dnia 18 grudnia 2019 r.<strong>&nbsp;w sprawie wykazu czasopism naukowych i recenzowanych materia\u0142\u00f3w z konferencji mi\u0119dzynarodowych<\/strong><\/a><\/li>\n\n\n\n<li><a href=\"https:\/\/www.gov.pl\/web\/edukacja-i-nauka\/komunikat-ministra-edukacji-i-nauki-z-dnia-1-grudnia-2021-r-w-sprawie-wykazu-czasopism-naukowych-i-recenzowanych-materialow-z-konferencji-miedzynarodowych\" target=\"_blank\" rel=\"noreferrer noopener\">Komunikat Ministra Edukacji i Nauki z dnia 1 grudnia 2021 r.&nbsp;<strong>w sprawie wykazu czasopism naukowych i recenzowanych materia\u0142\u00f3w z konferencji mi\u0119dzynarodowych<\/strong><\/a><\/li>\n\n\n\n<li><strong><a href=\"https:\/\/www.gov.pl\/web\/edukacja-i-nauka\/komunikat-ministra-edukacji-i-nauki-z-dnia-21-grudnia-2021-r-o-zmianie-i-sprostowaniu-komunikatu-w-sprawie-wykazu-czasopism-naukowych-i-recenzowanych-materialow-z-konferencji-miedzynarodowych\" target=\"_blank\" rel=\"noreferrer noopener\">Komunikat Ministra Edukacji i Nauki z dnia 21 grudnia 2021 r. o zmianie i sprostowaniu komunikatu w sprawie wykazu czasopism naukowych i recenzowanych materia\u0142\u00f3w z konferencji mi\u0119dzynarodowych<\/a><\/strong><\/li>\n<\/ul>\n\n\n\n<hr class=\"wp-block-separator has-alpha-channel-opacity\"\/>\n\n\n\n<h2 class=\"wp-block-heading\">Akty prawne wewn\u0119trzne:<\/h2>\n\n\n\n<ul class=\"wp-block-list\">\n<li><a href=\"https:\/\/monitor.uksw.edu.pl\/docs\/5685\" target=\"_blank\" rel=\"noreferrer noopener\"><strong>Obwieszczenie Nr 8\/2020<\/strong>&nbsp;Rektora Uniwersytetu Kardyna\u0142a Stefana Wyszy\u0144skiego w Warszawie z dnia 18 grudnia 2020 r. w sprawie og\u0142oszenia tekstu jednolitego Zarz\u0105dzenia Nr 45\/2020 Rektora Uniwersytetu Kardyna\u0142a Stefana Wyszy\u0144skiego w Warszawie z dnia 10 lipca 2020 r. w sprawie obowi\u0105zku posiadania elektronicznego identyfikatora naukowca zgodnego z mi\u0119dzynarodowymi standardami autor\u00f3w publikacji ORCID (Open Researcher and Contributor ID) oraz wzor\u00f3w o\u015bwiadcze\u0144 upowa\u017cniaj\u0105cych UKSW do wykazania osi\u0105gni\u0119\u0107 pracownika w poszczeg\u00f3lnych dyscyplinach, niezb\u0119dnych do przeprowadzania ewaluacji jako\u015bci dzia\u0142alno\u015bci naukowej<\/a><\/li>\n\n\n\n<li><a href=\"https:\/\/monitor.uksw.edu.pl\/docs\/445\" target=\"_blank\" rel=\"noreferrer noopener\"><strong>Zarz\u0105dzenie Nr 85\/2020<\/strong>&nbsp;Rektora Uniwersytetu Kardyna\u0142a Stefana Wyszy\u0144skiego w Warszawie z dnia 16 grudnia 2020 r. zmieniaj\u0105ce&nbsp;<strong>Zarz\u0105dzenie Nr 45\/2020 Rektora UKSW<\/strong>&nbsp;w sprawie obowi\u0105zku posiadania elektronicznego identyfikatora naukowca zgodnego z mi\u0119dzynarodowymi standardami autor\u00f3w publikacji ORCID (Open Researcher and Contributor ID) oraz wzor\u00f3w o\u015bwiadcze\u0144 upowa\u017cniaj\u0105cych UKSW do wykazania osi\u0105gni\u0119\u0107 pracownika w poszczeg\u00f3lnych dyscyplinach, niezb\u0119dnych do przeprowadzania ewaluacji jako\u015bci dzia\u0142alno\u015bci naukowej<\/a><\/li>\n\n\n\n<li><a href=\"https:\/\/monitor.uksw.edu.pl\/docs\/5188\" target=\"_blank\" rel=\"noreferrer noopener\"><strong>Zarz\u0105dzenie Nr 45\/2020<\/strong>&nbsp;Rektora Uniwersytetu Kardyna\u0142a Stefana Wyszy\u0144skiego w Warszawie z dnia 10 lipca 2020 r. w sprawie&nbsp;<strong>obowi\u0105zku posiadania<\/strong>&nbsp;elektronicznego identyfikatora naukowca zgodnego z mi\u0119dzynarodowymi standardami autor\u00f3w publikacji&nbsp;<strong>ORCID<\/strong>&nbsp;(Open Researcher and Contributor ID) oraz wzor\u00f3w o\u015bwiadcze\u0144 upowa\u017cniaj\u0105cych UKSW do wykazania osi\u0105gni\u0119\u0107 pracownika w poszczeg\u00f3lnych dyscyplinach, niezb\u0119dnych do przeprowadzania ewaluacji jako\u015bci dzia\u0142alno\u015bci naukowej<\/a><\/li>\n\n\n\n<li><a href=\"https:\/\/monitor.uksw.edu.pl\/docs\/5678\" target=\"_blank\" rel=\"noreferrer noopener\"><strong>Zarz\u0105dzenie Nr 86\/2020<\/strong>&nbsp;Rektora Uniwersytetu Kardyna\u0142a Stefana Wyszy\u0144skiego w Warszawie z dnia 17 grudnia 2020 roku w sprawie&nbsp;<strong>sk\u0142adania o\u015bwiadczenia upowa\u017cniaj\u0105cego do zaliczenia do liczby pracownik\u00f3w prowadz\u0105cych dzia\u0142alno\u015b\u0107 naukow\u0105 i o\u015bwiadczenia o reprezentowanej dziedzinie nauki lub sztuki i dyscyplinie naukowej lub artystycznej<\/strong><\/a><\/li>\n\n\n\n<li><a href=\"https:\/\/monitor.uksw.edu.pl\/docs\/4036\" target=\"_blank\" rel=\"noreferrer noopener\"><strong>Nieaktualne: Zarz\u0105dzenie Nr 46\/2018<\/strong>&nbsp;Rektora Uniwersytetu Kardyna\u0142a Stefana Wyszy\u0144skiego w Warszawie z dnia 15 pa\u017adziernika 2018 r. w sprawie&nbsp;<strong>o\u015bwiadcze\u0144 nauczycieli akademickich niezb\u0119dnych do przeprowadzania ewaluacji dzia\u0142alno\u015bci naukowej&nbsp;<\/strong>podmiotu oraz<strong>&nbsp;przypisania si\u0119 do dziedzin i dyscyplin naukowych<\/strong>&nbsp;lub artystycznych oraz o\u015bwiadcze\u0144 dotycz\u0105cych innych os\u00f3b prowadz\u0105cych zaj\u0119cia dydaktyczne<\/a><\/li>\n\n\n\n<li><a href=\"https:\/\/monitor.uksw.edu.pl\/docs\/445\" target=\"_blank\" rel=\"noreferrer noopener\"><strong>Nieaktualne: Zarz\u0105dzenie Nr 15\/2013<\/strong>&nbsp;Rektora UKSW z dnia 13 marca 2013 r. w sprawie sk\u0142adania o\u015bwiadcze\u0144 przez pracownik\u00f3w UKSW upowa\u017cniaj\u0105cych wydzia\u0142y do zaliczenia ich do liczby N na potrzeby algorytmu podzia\u0142u \u015brodk\u00f3w dotacji bazowej na dzia\u0142alno\u015b\u0107 statutow\u0105 oraz afiliacji dorobku naukowego oraz projekt\u00f3w badawczych i edukacyjnych<\/a><\/li>\n\n\n\n<li><a href=\"http:\/\/obwieszczenie%20nr%202\/2021%20Rektora%20Uniwersytetu%20Kardyna%C5%82a%20Stefana%20Wyszy%C5%84skiego%20w%20Warszawie%20z%20dnia%2022%20lutego%202021%20r.%20w%20sprawie%20og%C5%82oszenia%20tekstu%20jednolitego%20Uchwa%C5%82y%20Nr%20127\/2019%20Senatu%20Uniwersytetu%20Kardyna%C5%82a%20Stefana%20Wyszy%C5%84skiego%20w%20Warszawie%20z%20dnia%2027%20czerwca%202019%20r.%20w%20sprawie%20uchwalenia%20Statutu%20Uniwersytetu%20Kardyna%C5%82a%20Stefana%20Wyszy%C5%84skiego%20w%20Warszawie\" target=\"_blank\" rel=\"noreferrer noopener\"><strong>Statut UKSW<\/strong>\u2013 test jednolity<\/a><\/li>\n<\/ul>\n","protected":false},"excerpt":{"rendered":"<p>Informacje prezentowane poni\u017cej s\u0105 systematycznie aktualizowane, jednak podstawowym \u017ar\u00f3d\u0142em wiedzy o obowi\u0105zuj\u0105cych przepisach zewn\u0119trznych s\u0105 portale MEiN, a wewn\u0119trznych Monitor UKSW:&nbsp;https:\/\/monitor.uksw.edu.pl. Akty prawne zewn\u0119trzne: Akty prawne wewn\u0119trzne:<\/p>\n","protected":false},"author":1,"featured_media":0,"parent":3825,"menu_order":11,"comment_status":"closed","ping_status":"closed","template":"page-templates\/template-sub-page.php","meta":{"_acf_changed":false,"inline_featured_image":false,"footnotes":"","_links_to":"","_links_to_target":""},"class_list":["post-3835","page","type-page","status-publish","hentry"],"acf":[],"_links":{"self":[{"href":"https:\/\/ewaluacja.uksw.edu.pl\/pl\/wp-json\/wp\/v2\/pages\/3835","targetHints":{"allow":["GET"]}}],"collection":[{"href":"https:\/\/ewaluacja.uksw.edu.pl\/pl\/wp-json\/wp\/v2\/pages"}],"about":[{"href":"https:\/\/ewaluacja.uksw.edu.pl\/pl\/wp-json\/wp\/v2\/types\/page"}],"author":[{"embeddable":true,"href":"https:\/\/ewaluacja.uksw.edu.pl\/pl\/wp-json\/wp\/v2\/users\/1"}],"replies":[{"embeddable":true,"href":"https:\/\/ewaluacja.uksw.edu.pl\/pl\/wp-json\/wp\/v2\/comments?post=3835"}],"version-history":[{"count":3,"href":"https:\/\/ewaluacja.uksw.edu.pl\/pl\/wp-json\/wp\/v2\/pages\/3835\/revisions"}],"predecessor-version":[{"id":3905,"href":"https:\/\/ewaluacja.uksw.edu.pl\/pl\/wp-json\/wp\/v2\/pages\/3835\/revisions\/3905"}],"up":[{"embeddable":true,"href":"https:\/\/ewaluacja.uksw.edu.pl\/pl\/wp-json\/wp\/v2\/pages\/3825"}],"wp:attachment":[{"href":"https:\/\/ewaluacja.uksw.edu.pl\/pl\/wp-json\/wp\/v2\/media?parent=3835"}],"curies":[{"name":"wp","href":"https:\/\/api.w.org\/{rel}","templated":true}]}}