{"id":3836,"date":"2022-11-23T12:06:50","date_gmt":"2022-11-23T11:06:50","guid":{"rendered":"https:\/\/jednostki.uksw.edu.pl\/ewaluacja\/ewaluacja\/kryterium-1\/punktacja\/"},"modified":"2022-11-23T12:21:26","modified_gmt":"2022-11-23T11:21:26","slug":"punktacja","status":"publish","type":"page","link":"https:\/\/ewaluacja.uksw.edu.pl\/ewaluacja\/kryterium-1\/punktacja\/","title":{"rendered":"Punktacja"},"content":{"rendered":"\n<h2 class=\"wp-block-heading\">czasopisma naukowe<\/h2>\n\n\n\n<figure class=\"wp-block-image size-large\"><img decoding=\"async\" width=\"1024\" height=\"485\" src=\"https:\/\/ewaluacja.uksw.edu.pl\/wp-content\/uploads\/sites\/20\/2022\/11\/Screen-Shot-2020-12-14-at-1.11.16-pm-1024x485.png\" alt=\"\" class=\"wp-image-3870\" srcset=\"https:\/\/ewaluacja.uksw.edu.pl\/wp-content\/uploads\/sites\/20\/2022\/11\/Screen-Shot-2020-12-14-at-1.11.16-pm-1024x485.png 1024w, https:\/\/ewaluacja.uksw.edu.pl\/wp-content\/uploads\/sites\/20\/2022\/11\/Screen-Shot-2020-12-14-at-1.11.16-pm-300x142.png 300w, https:\/\/ewaluacja.uksw.edu.pl\/wp-content\/uploads\/sites\/20\/2022\/11\/Screen-Shot-2020-12-14-at-1.11.16-pm-768x364.png 768w, https:\/\/ewaluacja.uksw.edu.pl\/wp-content\/uploads\/sites\/20\/2022\/11\/Screen-Shot-2020-12-14-at-1.11.16-pm-1536x727.png 1536w, https:\/\/ewaluacja.uksw.edu.pl\/wp-content\/uploads\/sites\/20\/2022\/11\/Screen-Shot-2020-12-14-at-1.11.16-pm-1349x640.png 1349w, https:\/\/ewaluacja.uksw.edu.pl\/wp-content\/uploads\/sites\/20\/2022\/11\/Screen-Shot-2020-12-14-at-1.11.16-pm.png 1592w\" sizes=\"(max-width: 1024px) 100vw, 1024px\" \/><figcaption class=\"wp-element-caption\">Legenda:<br>k \u2013 liczba autor\u00f3w artyku\u0142u naukowego, kt\u00f3rzy upowa\u017cnili dany podmiot do jego wykazania w ewaluacji dyscypliny,<br>m \u2013 liczba autor\u00f3w artyku\u0142u og\u00f3\u0142em<br>Pc \u2013 ca\u0142kowita warto\u015b\u0107 punktowa<br>P- przeliczeniowa warto\u015b\u0107 punktowa publikacji<\/figcaption><\/figure>\n\n\n\n<h2 class=\"wp-block-heading\">monografie naukowe<\/h2>\n\n\n\n<figure class=\"wp-block-image size-full\"><img decoding=\"async\" width=\"1019\" height=\"683\" src=\"https:\/\/ewaluacja.uksw.edu.pl\/wp-content\/uploads\/sites\/20\/2022\/11\/punktacja-monografii.jpg\" alt=\"\" class=\"wp-image-3873\" srcset=\"https:\/\/ewaluacja.uksw.edu.pl\/wp-content\/uploads\/sites\/20\/2022\/11\/punktacja-monografii.jpg 1019w, https:\/\/ewaluacja.uksw.edu.pl\/wp-content\/uploads\/sites\/20\/2022\/11\/punktacja-monografii-300x201.jpg 300w, https:\/\/ewaluacja.uksw.edu.pl\/wp-content\/uploads\/sites\/20\/2022\/11\/punktacja-monografii-768x515.jpg 768w, https:\/\/ewaluacja.uksw.edu.pl\/wp-content\/uploads\/sites\/20\/2022\/11\/punktacja-monografii-251x168.jpg 251w, https:\/\/ewaluacja.uksw.edu.pl\/wp-content\/uploads\/sites\/20\/2022\/11\/punktacja-monografii-343x229.jpg 343w, https:\/\/ewaluacja.uksw.edu.pl\/wp-content\/uploads\/sites\/20\/2022\/11\/punktacja-monografii-423x283.jpg 423w, https:\/\/ewaluacja.uksw.edu.pl\/wp-content\/uploads\/sites\/20\/2022\/11\/punktacja-monografii-848x567.jpg 848w\" sizes=\"(max-width: 1019px) 100vw, 1019px\" \/><figcaption class=\"wp-element-caption\">Legenda:<br>k \u2013 liczba autor\u00f3w artyku\u0142u naukowego, kt\u00f3rzy upowa\u017cnili dany podmiot do jego wykazania w ewaluacji dyscypliny,<br>m \u2013 liczba autor\u00f3w artyku\u0142u og\u00f3\u0142em<br>Pc \u2013 ca\u0142kowita warto\u015b\u0107 punktowa<br>P- przeliczeniowa warto\u015b\u0107 punktowa publikacji<\/figcaption><\/figure>\n\n\n\n<p><strong>Skr\u00f3ty z tabeli:<\/strong>&nbsp;NCN \u2013 Narodowe Centrum Nauki, NCBiR \u2013 Narodowe Centrum Bada\u0144 i Rozwoju, FnrzNP- Fundacja na rzecz Nauki Polskiej<\/p>\n\n\n\n<p>Liczba punkt\u00f3w przyznawanych ewaluowanemu podmiotowi w danej dyscyplinie naukowej za autorstwo rozdzia\u0142\u00f3w w monografii naukowej nie mo\u017ce by\u0107 wi\u0119ksza ni\u017c ca\u0142kowita i przeliczeniowa warto\u015b\u0107 punktowa monografii naukowej.<\/p>\n\n\n\n<p><strong>Dla ka\u017cdej publikacji<\/strong>&nbsp;naukowej ustala si\u0119&nbsp;<strong>udzia\u0142 jednostkowy autora w danej publikacji, kt\u00f3ry wynosi dla:<\/strong><\/p>\n\n\n\n<ul class=\"wp-block-list\">\n<li>publikacji jednoautorskiej =<strong>1<\/strong><\/li>\n\n\n\n<li>publikacji wieloautorskiej:&nbsp;<strong>U=P\/Pcx1\/k<\/strong><\/li>\n<\/ul>\n\n\n\n<p>gdzie:<\/p>\n\n\n\n<p>P- przeliczeniowa warto\u015b\u0107 punktowa publikacji<\/p>\n\n\n\n<p>Pc \u2013 ca\u0142kowita warto\u015b\u0107 punktowa<\/p>\n\n\n\n<p>k \u2013 liczba wsp\u00f3\u0142autor\u00f3w publikacji, kt\u00f3rzy upowa\u017cnili dany podmiot do jej wykazania w ewaluacji dyscypliny naukowej<\/p>\n\n\n\n<p><strong>Dla ka\u017cdego udzia\u0142u<\/strong>&nbsp;<strong>jednostkowego<\/strong>&nbsp;ustala si\u0119 jego&nbsp;<strong>warto\u015b\u0107 punktow\u0105:&nbsp;<\/strong><strong>Pu=P\/k<\/strong><\/p>\n\n\n\n<p>gdzie:<\/p>\n\n\n\n<p>Pu \u2013 warto\u015b\u0107 punktowa udzia\u0142u jednostkowego<\/p>\n\n\n\n<p>P \u2013 przeliczeniowa warto\u015b\u0107 punktowa<\/p>\n\n\n\n<p>k \u2013 liczba wsp\u00f3\u0142autor\u00f3w publikacji,kt\u00f3rzy upowa\u017cnili dany podmiot do jej wykazania w ewaluacji dyscypliny naukowej<\/p>\n\n\n\n<p><a href=\"https:\/\/sedn-cp.opi.org.pl\/baza-wiedzy\/zalozenia-ewaluacji\/\" target=\"_blank\" rel=\"noreferrer noopener\"><strong>Ewaluacji mo\u017ce podlega\u0107 maksymalnie do czterech udzia\u0142\u00f3w jednostkowych osoby w osi\u0105gni\u0119ciach naukowych i artystycznych.<\/strong><\/a><\/p>\n\n\n\n<figure class=\"wp-block-image size-full\"><img decoding=\"async\" width=\"768\" height=\"362\" src=\"https:\/\/ewaluacja.uksw.edu.pl\/wp-content\/uploads\/sites\/20\/2022\/11\/Screen-Shot-2020-12-14-at-2.00.59-pm-768x362-1.png\" alt=\"tabela punktacji\" class=\"wp-image-3875\" srcset=\"https:\/\/ewaluacja.uksw.edu.pl\/wp-content\/uploads\/sites\/20\/2022\/11\/Screen-Shot-2020-12-14-at-2.00.59-pm-768x362-1.png 768w, https:\/\/ewaluacja.uksw.edu.pl\/wp-content\/uploads\/sites\/20\/2022\/11\/Screen-Shot-2020-12-14-at-2.00.59-pm-768x362-1-300x141.png 300w\" sizes=\"(max-width: 768px) 100vw, 768px\" \/><\/figure>\n\n\n\n<p>W ewaluacji uwzgl\u0119dnia si\u0119&nbsp;<strong>tylko jedno osi\u0105gni\u0119cie o najwy\u017cszej punktacji,<\/strong>&nbsp;w przypadku przyznania wi\u0119cej ni\u017c jednego patentu na ten sam wynalazek, prawa ochronnego na ten sam wz\u00f3r u\u017cytkowy lub wy\u0142\u0105cznego prawa hodowcy do tej samej odmiany ro\u015bliny.<\/p>\n\n\n\n<p><strong>Data przyznania<\/strong>&nbsp;patentu lub prawa ochronnego na wz\u00f3r u\u017cytkowy jest&nbsp;<strong>dat\u0105 og\u0142oszenia<\/strong>&nbsp;w \u201eWiadomo\u015bciach Urz\u0119du Patentowego\u201d, \u201eEuropejskim Biuletynie Urz\u0119dowym\u201d lub innej r\u00f3wnowa\u017cnej publikacji za granic\u0105. W przypadku dw\u00f3ch lub wi\u0119cej dat przyjmuje si\u0119&nbsp;<strong>najwcze\u015bniejsz\u0105.<\/strong><\/p>\n","protected":false},"excerpt":{"rendered":"<p>czasopisma naukowe monografie naukowe Skr\u00f3ty z tabeli:&nbsp;NCN \u2013 Narodowe Centrum Nauki, NCBiR \u2013 Narodowe Centrum Bada\u0144 i Rozwoju, FnrzNP- Fundacja na rzecz Nauki Polskiej Liczba punkt\u00f3w przyznawanych ewaluowanemu podmiotowi w danej dyscyplinie naukowej za autorstwo rozdzia\u0142\u00f3w w monografii naukowej nie mo\u017ce by\u0107 wi\u0119ksza ni\u017c ca\u0142kowita i przeliczeniowa warto\u015b\u0107 punktowa monografii naukowej. Dla ka\u017cdej publikacji&nbsp;naukowej ustala [&hellip;]<\/p>\n","protected":false},"author":1,"featured_media":0,"parent":3831,"menu_order":12,"comment_status":"closed","ping_status":"closed","template":"page-templates\/template-sub-page.php","meta":{"_acf_changed":false,"inline_featured_image":false,"footnotes":"","_links_to":"","_links_to_target":""},"class_list":["post-3836","page","type-page","status-publish","hentry"],"acf":[],"_links":{"self":[{"href":"https:\/\/ewaluacja.uksw.edu.pl\/pl\/wp-json\/wp\/v2\/pages\/3836","targetHints":{"allow":["GET"]}}],"collection":[{"href":"https:\/\/ewaluacja.uksw.edu.pl\/pl\/wp-json\/wp\/v2\/pages"}],"about":[{"href":"https:\/\/ewaluacja.uksw.edu.pl\/pl\/wp-json\/wp\/v2\/types\/page"}],"author":[{"embeddable":true,"href":"https:\/\/ewaluacja.uksw.edu.pl\/pl\/wp-json\/wp\/v2\/users\/1"}],"replies":[{"embeddable":true,"href":"https:\/\/ewaluacja.uksw.edu.pl\/pl\/wp-json\/wp\/v2\/comments?post=3836"}],"version-history":[{"count":3,"href":"https:\/\/ewaluacja.uksw.edu.pl\/pl\/wp-json\/wp\/v2\/pages\/3836\/revisions"}],"predecessor-version":[{"id":3877,"href":"https:\/\/ewaluacja.uksw.edu.pl\/pl\/wp-json\/wp\/v2\/pages\/3836\/revisions\/3877"}],"up":[{"embeddable":true,"href":"https:\/\/ewaluacja.uksw.edu.pl\/pl\/wp-json\/wp\/v2\/pages\/3831"}],"wp:attachment":[{"href":"https:\/\/ewaluacja.uksw.edu.pl\/pl\/wp-json\/wp\/v2\/media?parent=3836"}],"curies":[{"name":"wp","href":"https:\/\/api.w.org\/{rel}","templated":true}]}}