{"id":3837,"date":"2022-11-23T12:06:50","date_gmt":"2022-11-23T11:06:50","guid":{"rendered":"https:\/\/jednostki.uksw.edu.pl\/ewaluacja\/ewaluacja\/kryterium-1\/wykaz-wydawnictw-i-czasopism\/"},"modified":"2022-11-23T12:23:08","modified_gmt":"2022-11-23T11:23:08","slug":"wykaz-wydawnictw-i-czasopism","status":"publish","type":"page","link":"https:\/\/ewaluacja.uksw.edu.pl\/ewaluacja\/kryterium-1\/wykaz-wydawnictw-i-czasopism\/","title":{"rendered":"Wykaz wydawnictw i czasopism"},"content":{"rendered":"\n<p><strong>Liczb\u0119 punkt\u00f3w<\/strong>&nbsp;za publikacje naukowe ustala si\u0119&nbsp;<strong>zgodnie z ostatnim wykazem czasopism i wydawnictw<\/strong>&nbsp;sporz\u0105dzonym i udost\u0119pnionym przez ministra&nbsp;<strong>w roku kalendarzowym, w kt\u00f3rym dana publikacja zosta\u0142a opublikowana w ostatecznej formie, w\u0142a\u015bciwej dla danego czasopisma albo wydawnictwa<\/strong>. Je\u017celi w danym roku opublikowania publikacji naukowej nie by\u0142 sporz\u0105dzany i udost\u0119pniany wykaz w\u00f3wczas zgodnie z ostatnim wykazem sporz\u0105dzonym i udost\u0119pnionym w latach poprzednich.<\/p>\n\n\n\n<p>W ewaluacji przeprowadzanej w 2022 r. liczb\u0119 punkt\u00f3w za:<\/p>\n\n\n\n<ul class=\"wp-block-list\">\n<li>autorstwo artyku\u0142u naukowego opublikowanego&nbsp;<strong>w ostatecznej formie w latach 2017-2018<\/strong>&nbsp;w czasopi\u015bmie zamieszczonym&nbsp;<strong>w wykazie z 2017 r.<\/strong>&nbsp; (art. 324 ust 2 ustawy z 3 lipca 2018, Dz.U. poz. 1669) stanowi ca\u0142kowita warto\u015b\u0107 punktowa tego artyku\u0142u;<\/li>\n\n\n\n<li><strong>artyku\u0142y naukowe<\/strong>&nbsp;i recenzowane materia\u0142y z konferencji mi\u0119dzynarodowych opublikowane&nbsp;&nbsp;<strong>w ostatecznej formie<\/strong>&nbsp;<strong>w latach 2019-2021&nbsp;<\/strong>w czasopismach naukowych zamieszczonych w wykazie czasopism(art. 267 ust.2 pkt 2 ustawy 2.0), ustala si\u0119 zgodnie<strong>&nbsp;z ostatnim wykazem czasopism&nbsp;<\/strong>sporz\u0105dzonym i udost\u0119pnionym przez ministra w okresie obj\u0119tym ewaluacj\u0105;<\/li>\n\n\n\n<li><strong>monografie naukowe<\/strong>&nbsp;wydane przez wydawnictwa zamieszczone w wykazie wydawnictw (art. 267 ust.2 pkt 2 ustawy 2.0) opublikowane&nbsp;<strong>w ostatecznej formie w latach 2017-2021<\/strong>, ustala si\u0119 zgodnie<strong>&nbsp;z ostatnim wykazem czasopism&nbsp;<\/strong>sporz\u0105dzonym i udost\u0119pnionym przez ministra w okresie obj\u0119tym ewaluacj\u0105.<\/li>\n<\/ul>\n\n\n\n<p><strong>Wykazy czasopism naukowych i recenzowanych materia\u0142\u00f3w z konferencji mi\u0119dzynarodowych:<\/strong><\/p>\n\n\n\n<ul class=\"wp-block-list\">\n<li>2017-2018 \u2013 <a href=\"https:\/\/www.gov.pl\/web\/edukacja-i-nauka\/komunikat-w-sprawie-wykazu-czasopism-naukowych-wraz-z-liczba-punktow-przyznanych-za-publikacje-naukowe-w-tych-czasopismach-ustalony-na-podstawie-wykazow-ogloszonych-w-latach-2013-2016\" target=\"_blank\" rel=\"noreferrer noopener\">wykaz 2017<\/a><\/li>\n\n\n\n<li><a href=\"https:\/\/www.gov.pl\/web\/edukacja-i-nauka\/komunikat-ministra-edukacji-i-nauki-z-dnia-21-grudnia-2021-r-o-zmianie-i-sprostowaniu-komunikatu-w-sprawie-wykazu-czasopism-naukowych-i-recenzowanych-materialow-z-konferencji-miedzynarodowych\" target=\"_blank\" rel=\"noreferrer noopener\">2019-2021 \u2013 oficjalny wykaz czasopism naukowych \u2013 z dn. 21.12.2021<\/a><\/li>\n<\/ul>\n\n\n\n<p>Wykazy ministerialne obejmuj\u0105&nbsp;<strong>czasopisma naukowe<\/strong>&nbsp;uj\u0119te w:<\/p>\n\n\n\n<ul class=\"wp-block-list\">\n<li>bazie&nbsp;<a href=\"https:\/\/www.scopus.com\/home.uri\" target=\"_blank\" rel=\"noreferrer noopener\">Scopus<\/a>,<\/li>\n\n\n\n<li>bazie&nbsp;<a href=\"https:\/\/mjl.clarivate.com\/search-results\" target=\"_blank\" rel=\"noreferrer noopener\">Web of Science<\/a>,<\/li>\n\n\n\n<li>ramach programu&nbsp;<a href=\"https:\/\/www.gov.pl\/web\/nauka\/informacja-w-sprawie-wynikow-konkursu-ogloszonego-w-ramach-programu-wsparcie-dla-czasopism-naukowych\" target=\"_blank\" rel=\"noreferrer noopener\">\u201eWsparcie dla czasopism naukowych\u201d<\/a>,<\/li>\n\n\n\n<li>mi\u0119dzynarodowej bazie&nbsp;<a href=\"https:\/\/dbh.nsd.uib.no\/publiseringskanaler\/erihplus\/\" target=\"_blank\" rel=\"noreferrer noopener\">European Reference Index for the Humanities and Social Sciences<\/a>&nbsp;(ERIH+): polskie i zagraniczne<\/li>\n<\/ul>\n\n\n\n<p>oraz&nbsp;<strong>recenzowane materia\u0142y z konferencji mi\u0119dzynarodowych,<\/strong>&nbsp;kt\u00f3rym w bazie informatycznych konferencji naukowych&nbsp;<a href=\"https:\/\/www.core.edu.au\/\" target=\"_blank\" rel=\"noreferrer noopener\">The Computing Research and Education Association of Australasia (CORE)<\/a>&nbsp;przyznano co najmniej kategori\u0119 C:<\/p>\n\n\n\n<p><strong>Wykaz wydawnictw publikuj\u0105cych recenzowane monografie naukowe:<\/strong><\/p>\n\n\n\r\n<div class=\"\">\r\n\r\n\r\n<div class=\"row\">\r\n\r\n  \r\n<div class=\"col-xl-12 col-lg-12 col-md-12 col-sm-12 \">\r\n\t\t<div class=\"download_detils\">\r\n\t\t\t<a href=\"https:\/\/ewaluacja.uksw.edu.pl\/wp-content\/uploads\/sites\/20\/2022\/11\/20210722_komunikat_z_dnia_22072021_r.pdf\"  title=\"oficjalny wykaz wydawc\u00f3w monografii naukowych \u2013 z dn. 22.07.2021\" download >\r\n\t\t\t<img decoding=\"async\" src=\"https:\/\/ewaluacja.uksw.edu.pl\/wp-content\/themes\/uksw\/images\/import.svg\" alt=\"\"> oficjalny wykaz wydawc\u00f3w monografii naukowych \u2013 z dn. 22.07.2021 [PDF,  0.63 MB]<\/a>\r\n\t\t<\/div>\r\n<\/div>\r\n\r\n\r\n\t\t\r\n\t\t \r\n\r\n<\/div>\r\n<\/div>\r\n<div class=\"space20\"><\/div>\r\n\r\n\n\n\n<p>Rozporz\u0105dzenie Ministra Nauki i Szkolnictwa Wy\u017cszego z dnia 31 lipca 2020 r. zmieniaj\u0105ce rozporz\u0105dzenie w sprawie ewaluacji jako\u015bci dzia\u0142alno\u015bci naukowej \u2013 Dz.U. 2020 poz. 1352,&nbsp;\u00a7 11 ust. 3 oraz&nbsp; \u00a7 34 i \u00a7 35.<\/p>\n","protected":false},"excerpt":{"rendered":"<p>Liczb\u0119 punkt\u00f3w&nbsp;za publikacje naukowe ustala si\u0119&nbsp;zgodnie z ostatnim wykazem czasopism i wydawnictw&nbsp;sporz\u0105dzonym i udost\u0119pnionym przez ministra&nbsp;w roku kalendarzowym, w kt\u00f3rym dana publikacja zosta\u0142a opublikowana w ostatecznej formie, w\u0142a\u015bciwej dla danego czasopisma albo wydawnictwa. Je\u017celi w danym roku opublikowania publikacji naukowej nie by\u0142 sporz\u0105dzany i udost\u0119pniany wykaz w\u00f3wczas zgodnie z ostatnim wykazem sporz\u0105dzonym i udost\u0119pnionym w [&hellip;]<\/p>\n","protected":false},"author":1,"featured_media":0,"parent":3831,"menu_order":13,"comment_status":"closed","ping_status":"closed","template":"page-templates\/template-sub-page.php","meta":{"_acf_changed":false,"inline_featured_image":false,"footnotes":"","_links_to":"","_links_to_target":""},"class_list":["post-3837","page","type-page","status-publish","hentry"],"acf":[],"_links":{"self":[{"href":"https:\/\/ewaluacja.uksw.edu.pl\/pl\/wp-json\/wp\/v2\/pages\/3837","targetHints":{"allow":["GET"]}}],"collection":[{"href":"https:\/\/ewaluacja.uksw.edu.pl\/pl\/wp-json\/wp\/v2\/pages"}],"about":[{"href":"https:\/\/ewaluacja.uksw.edu.pl\/pl\/wp-json\/wp\/v2\/types\/page"}],"author":[{"embeddable":true,"href":"https:\/\/ewaluacja.uksw.edu.pl\/pl\/wp-json\/wp\/v2\/users\/1"}],"replies":[{"embeddable":true,"href":"https:\/\/ewaluacja.uksw.edu.pl\/pl\/wp-json\/wp\/v2\/comments?post=3837"}],"version-history":[{"count":2,"href":"https:\/\/ewaluacja.uksw.edu.pl\/pl\/wp-json\/wp\/v2\/pages\/3837\/revisions"}],"predecessor-version":[{"id":3881,"href":"https:\/\/ewaluacja.uksw.edu.pl\/pl\/wp-json\/wp\/v2\/pages\/3837\/revisions\/3881"}],"up":[{"embeddable":true,"href":"https:\/\/ewaluacja.uksw.edu.pl\/pl\/wp-json\/wp\/v2\/pages\/3831"}],"wp:attachment":[{"href":"https:\/\/ewaluacja.uksw.edu.pl\/pl\/wp-json\/wp\/v2\/media?parent=3837"}],"curies":[{"name":"wp","href":"https:\/\/api.w.org\/{rel}","templated":true}]}}