{"id":3838,"date":"2022-11-23T12:06:51","date_gmt":"2022-11-23T11:06:51","guid":{"rendered":"https:\/\/jednostki.uksw.edu.pl\/ewaluacja\/nauczyciel-akademicki\/oswiadczenia\/"},"modified":"2022-11-23T13:05:10","modified_gmt":"2022-11-23T12:05:10","slug":"oswiadczenia","status":"publish","type":"page","link":"https:\/\/ewaluacja.uksw.edu.pl\/nauczyciel-akademicki\/oswiadczenia\/","title":{"rendered":"O\u015bwiadczenia"},"content":{"rendered":"\n<h2 class=\"wp-block-heading\">O\u015bwiadczenia istotne z punktu widzenia procesu ewaluacji jako\u015bci dzia\u0142alno\u015bci naukowej:<\/h2>\n\n\n\r\n<div class=\"\">\r\n\r\n\r\n<div class=\"row\">\r\n\r\n  \r\n<div class=\"col-xl-12 col-lg-12 col-md-12 col-sm-12 \">\r\n\t\t<div class=\"download_detils\">\r\n\t\t\t<a href=\"https:\/\/ewaluacja.uksw.edu.pl\/wp-content\/uploads\/sites\/20\/2022\/11\/1608193248_zal-1-do-z-86-2020-upowaznienie.pdf\"  title=\"o\u015bwiadczenie o liczbie \u201eN\u201d, o kt\u00f3rym mowa w art. 265 ust. 5 - wersja z wykazem osi\u0105gni\u0119\u0107 naukowych\" download >\r\n\t\t\t<img decoding=\"async\" src=\"https:\/\/ewaluacja.uksw.edu.pl\/wp-content\/themes\/uksw\/images\/import.svg\" alt=\"\"> o\u015bwiadczenie o liczbie \u201eN\u201d, o kt\u00f3rym mowa w art. 265 ust. 5 &#8211; wersja z\nwykazem osi\u0105gni\u0119\u0107 naukowych [PDF,  0.09 MB]<\/a>\r\n\t\t<\/div>\r\n<\/div>\r\n\r\n\r\n\t\t\r\n<div class=\"col-xl-12 col-lg-12 col-md-12 col-sm-12 \">\r\n\t\t<div class=\"download_detils\">\r\n\t\t\t<a href=\"https:\/\/ewaluacja.uksw.edu.pl\/wp-content\/uploads\/sites\/20\/2022\/11\/zal_1_86.docx\"  title=\"o\u015bwiadczenie o liczbie \u201eN\u201d, o kt\u00f3rym mowa w art. 265 ust. 5\" download >\r\n\t\t\t<img decoding=\"async\" src=\"https:\/\/ewaluacja.uksw.edu.pl\/wp-content\/themes\/uksw\/images\/import.svg\" alt=\"\"> o\u015bwiadczenie o liczbie \u201eN\u201d, o kt\u00f3rym mowa w art. 265 ust. 5 [DOCX,  0.02 MB]<\/a>\r\n\t\t<\/div>\r\n<\/div>\r\n\r\n\r\n\t\t\r\n<div class=\"col-xl-12 col-lg-12 col-md-12 col-sm-12 \">\r\n\t\t<div class=\"download_detils\">\r\n\t\t\t<a href=\"https:\/\/ewaluacja.uksw.edu.pl\/wp-content\/uploads\/sites\/20\/2022\/11\/1608193253_zal-2-do-z-86-2020-oswiadczenie.pdf\"  title=\"o\u015bwiadczenie o dziedzinie nauk i dyscyplinie naukowej, o kt\u00f3rym mowa w art. 343 ust. 7\" download >\r\n\t\t\t<img decoding=\"async\" src=\"https:\/\/ewaluacja.uksw.edu.pl\/wp-content\/themes\/uksw\/images\/import.svg\" alt=\"\"> o\u015bwiadczenie o dziedzinie nauk i dyscyplinie naukowej, o kt\u00f3rym mowa w art.\n343 ust. 7 [PDF,  0.10 MB]<\/a>\r\n\t\t<\/div>\r\n<\/div>\r\n\r\n\r\n\t\t\r\n<div class=\"col-xl-12 col-lg-12 col-md-12 col-sm-12 \">\r\n\t\t<div class=\"download_detils\">\r\n\t\t\t<a href=\"https:\/\/ewaluacja.uksw.edu.pl\/wp-content\/uploads\/sites\/20\/2022\/11\/zal_2_86.docx\"  title=\"o\u015bwiadczenie o dziedzinie nauk i dyscyplinie naukowej, o kt\u00f3rym mowa w art. 343 ust. 7\" download >\r\n\t\t\t<img decoding=\"async\" src=\"https:\/\/ewaluacja.uksw.edu.pl\/wp-content\/themes\/uksw\/images\/import.svg\" alt=\"\"> o\u015bwiadczenie o dziedzinie nauk i dyscyplinie naukowej, o kt\u00f3rym mowa w art.\n343 ust. 7 [DOCX,  0.02 MB]<\/a>\r\n\t\t<\/div>\r\n<\/div>\r\n\r\n\r\n\t\t\r\n\t\t \r\n\r\n<\/div>\r\n<\/div>\r\n<div class=\"space20\"><\/div>\r\n\r\n\n\n\n<p><strong><a href=\"https:\/\/monitor.uksw.edu.pl\/docs\/5685\" target=\"_blank\" rel=\"noreferrer noopener\">o\u015bwiadczenie upowa\u017cniaj\u0105ce podmiot do wykazania osi\u0105gni\u0119\u0107<\/a>, o kt\u00f3rym mowa w art. 265 ust.13,\u00a0<a href=\"https:\/\/ewaluacja.uksw.edu.pl\/wp-content\/uploads\/sites\/20\/2022\/11\/Zalacznik-Nr-5-do-Zarzadzenia-45_2020-zmieniony.docx\" data-type=\"URL\" data-id=\"https:\/\/ewaluacja.uksw.edu.pl\/wp-content\/uploads\/sites\/20\/2022\/11\/Zalacznik-Nr-5-do-Zarzadzenia-45_2020-zmieniony.docx\">wraz z wykazem osi\u0105gni\u0119\u0107 naukowych<\/a>:<\/strong><\/p>\n\n\n\r\n<div class=\"\">\r\n\r\n\r\n<div class=\"row\">\r\n\r\n  \r\n<div class=\"col-xl-12 col-lg-12 col-md-12 col-sm-12 \">\r\n\t\t<div class=\"download_detils\">\r\n\t\t\t<a href=\"https:\/\/ewaluacja.uksw.edu.pl\/wp-content\/uploads\/sites\/20\/2022\/11\/1594381685_zal-1-do-zarz-45-2020-oswiadczenie-jedna-dyscyplina.pdf\"  title=\"wz\u00f3r druku \u2013 w przypadku wskazania jednej dyscypliny oraz prowadzenia dzia\u0142alno\u015bci naukowej w okresie obj\u0119tym ewaluacj\u0105 wy\u0142\u0105cznie w jednym podmiocie\" download >\r\n\t\t\t<img decoding=\"async\" src=\"https:\/\/ewaluacja.uksw.edu.pl\/wp-content\/themes\/uksw\/images\/import.svg\" alt=\"\"> wz\u00f3r druku \u2013 w przypadku wskazania jednej dyscypliny oraz prowadzenia\ndzia\u0142alno\u015bci naukowej w okresie obj\u0119tym ewaluacj\u0105 wy\u0142\u0105cznie w jednym\npodmiocie [PDF,  0.12 MB]<\/a>\r\n\t\t<\/div>\r\n<\/div>\r\n\r\n\r\n\t\t\r\n<div class=\"col-xl-12 col-lg-12 col-md-12 col-sm-12 \">\r\n\t\t<div class=\"download_detils\">\r\n\t\t\t<a href=\"https:\/\/ewaluacja.uksw.edu.pl\/wp-content\/uploads\/sites\/20\/2022\/11\/zal_1_do_zarz_45_2020_oswiadczenie_jedna_dyscyplina.docx\"  title=\"wz\u00f3r druku \u2013 w przypadku wskazania jednej dyscypliny oraz prowadzenia dzia\u0142alno\u015bci naukowej w okresie obj\u0119tym ewaluacj\u0105 wy\u0142\u0105cznie w jednym podmiocie\" download >\r\n\t\t\t<img decoding=\"async\" src=\"https:\/\/ewaluacja.uksw.edu.pl\/wp-content\/themes\/uksw\/images\/import.svg\" alt=\"\"> wz\u00f3r druku \u2013 w przypadku wskazania jednej dyscypliny oraz prowadzenia\ndzia\u0142alno\u015bci naukowej w okresie obj\u0119tym ewaluacj\u0105 wy\u0142\u0105cznie w jednym\npodmiocie [DOCX,  0.02 MB]<\/a>\r\n\t\t<\/div>\r\n<\/div>\r\n\r\n\r\n\t\t\r\n<div class=\"col-xl-12 col-lg-12 col-md-12 col-sm-12 \">\r\n\t\t<div class=\"download_detils\">\r\n\t\t\t<a href=\"https:\/\/ewaluacja.uksw.edu.pl\/wp-content\/uploads\/sites\/20\/2022\/11\/1594381696_zal-2-do-zarz-45-2020-oswiadczenie-dwie-dyscypliny.pdf\"  title=\"wz\u00f3r druku \u2013 w przypadku wskazania dw\u00f3ch dyscyplin oraz prowadzenia dzia\u0142alno\u015bci naukowej w okresie obj\u0119tym ewaluacj\u0105 w jednym podmiocie\" download >\r\n\t\t\t<img decoding=\"async\" src=\"https:\/\/ewaluacja.uksw.edu.pl\/wp-content\/themes\/uksw\/images\/import.svg\" alt=\"\"> wz\u00f3r druku \u2013 w przypadku wskazania dw\u00f3ch dyscyplin oraz prowadzenia\ndzia\u0142alno\u015bci naukowej w okresie obj\u0119tym ewaluacj\u0105 w jednym podmiocie [PDF,  0.12 MB]<\/a>\r\n\t\t<\/div>\r\n<\/div>\r\n\r\n\r\n\t\t\r\n<div class=\"col-xl-12 col-lg-12 col-md-12 col-sm-12 \">\r\n\t\t<div class=\"download_detils\">\r\n\t\t\t<a href=\"https:\/\/ewaluacja.uksw.edu.pl\/wp-content\/uploads\/sites\/20\/2022\/11\/zal_2_do_zarz_45_2020_oswiadczenie-_dwie-dyscypliny.docx\"  title=\"wz\u00f3r druku \u2013 w przypadku wskazania dw\u00f3ch dyscyplin oraz prowadzenia dzia\u0142alno\u015bci naukowej w okresie obj\u0119tym ewaluacj\u0105 w jednym podmiocie\" download >\r\n\t\t\t<img decoding=\"async\" src=\"https:\/\/ewaluacja.uksw.edu.pl\/wp-content\/themes\/uksw\/images\/import.svg\" alt=\"\"> wz\u00f3r druku \u2013 w przypadku wskazania dw\u00f3ch dyscyplin oraz prowadzenia\ndzia\u0142alno\u015bci naukowej w okresie obj\u0119tym ewaluacj\u0105 w jednym podmiocie [DOCX,  0.02 MB]<\/a>\r\n\t\t<\/div>\r\n<\/div>\r\n\r\n\r\n\t\t\r\n<div class=\"col-xl-12 col-lg-12 col-md-12 col-sm-12 \">\r\n\t\t<div class=\"download_detils\">\r\n\t\t\t<a href=\"https:\/\/ewaluacja.uksw.edu.pl\/wp-content\/uploads\/sites\/20\/2022\/11\/1594381706_zal-3-do-zarz-45-2020-oswiadczenie-wiecej-niz-jeden-podmiot.pdf\"  title=\"wz\u00f3r druku \u2013 w przypadku prowadzenia dzia\u0142alno\u015bci naukowej w okresie obj\u0119tym ewaluacj\u0105 w wi\u0119cej ni\u017c jednym podmiocie\" download >\r\n\t\t\t<img decoding=\"async\" src=\"https:\/\/ewaluacja.uksw.edu.pl\/wp-content\/themes\/uksw\/images\/import.svg\" alt=\"\"> wz\u00f3r druku \u2013 w przypadku prowadzenia dzia\u0142alno\u015bci naukowej w okresie\nobj\u0119tym ewaluacj\u0105 w wi\u0119cej ni\u017c jednym podmiocie [PDF,  0.12 MB]<\/a>\r\n\t\t<\/div>\r\n<\/div>\r\n\r\n\r\n\t\t\r\n<div class=\"col-xl-12 col-lg-12 col-md-12 col-sm-12 \">\r\n\t\t<div class=\"download_detils\">\r\n\t\t\t<a href=\"https:\/\/ewaluacja.uksw.edu.pl\/wp-content\/uploads\/sites\/20\/2022\/11\/zal_3_do_zarz_45_2020_oswiadczenie_wiecej-niz-jeden-podmiot.docx\"  title=\"wz\u00f3r druku \u2013 w przypadku prowadzenia dzia\u0142alno\u015bci naukowej w okresie obj\u0119tym ewaluacj\u0105 w wi\u0119cej ni\u017c jednym podmiocie\" download >\r\n\t\t\t<img decoding=\"async\" src=\"https:\/\/ewaluacja.uksw.edu.pl\/wp-content\/themes\/uksw\/images\/import.svg\" alt=\"\"> wz\u00f3r druku \u2013 w przypadku prowadzenia dzia\u0142alno\u015bci naukowej w okresie\nobj\u0119tym ewaluacj\u0105 w wi\u0119cej ni\u017c jednym podmiocie [DOCX,  0.02 MB]<\/a>\r\n\t\t<\/div>\r\n<\/div>\r\n\r\n\r\n\t\t\r\n<div class=\"col-xl-12 col-lg-12 col-md-12 col-sm-12 \">\r\n\t\t<div class=\"download_detils\">\r\n\t\t\t<a href=\"https:\/\/ewaluacja.uksw.edu.pl\/wp-content\/uploads\/sites\/20\/2022\/11\/1608119712_zal-1-do-zarz-Zalacznik-nr-5.pdf\"  title=\"Za\u0142\u0105cznik numer 5\" download >\r\n\t\t\t<img decoding=\"async\" src=\"https:\/\/ewaluacja.uksw.edu.pl\/wp-content\/themes\/uksw\/images\/import.svg\" alt=\"\"> Za\u0142\u0105cznik numer 5 [PDF,  0.06 MB]<\/a>\r\n\t\t<\/div>\r\n<\/div>\r\n\r\n\r\n\t\t\r\n<div class=\"col-xl-12 col-lg-12 col-md-12 col-sm-12 \">\r\n\t\t<div class=\"download_detils\">\r\n\t\t\t<a href=\"https:\/\/ewaluacja.uksw.edu.pl\/wp-content\/uploads\/sites\/20\/2022\/11\/Zalacznik-Nr-5-do-Zarzadzenia-45_2020-zmieniony-1.docx\"  title=\"Za\u0142\u0105cznik numer 5\" download >\r\n\t\t\t<img decoding=\"async\" src=\"https:\/\/ewaluacja.uksw.edu.pl\/wp-content\/themes\/uksw\/images\/import.svg\" alt=\"\"> Za\u0142\u0105cznik numer 5 [DOCX,  0.48 MB]<\/a>\r\n\t\t<\/div>\r\n<\/div>\r\n\r\n\r\n\t\t\r\n\t\t \r\n\r\n<\/div>\r\n<\/div>\r\n<div class=\"space20\"><\/div>\r\n\r\n\n\n\n<p><strong>ww. wzory obowi\u0105zuj\u0105 wraz z Za\u0142\u0105cznikiem Nr 5 stanowi\u0105cym wz\u00f3r wykazu publikacji naukowych oraz wykaz patent\u00f3w na wynalazki i prawa ochronne na wzory u\u017cytkowe.<\/strong><\/p>\n\n\n\n<p><strong>O\u015bwiadczenie o liczbie \u201eN\u201d, o kt\u00f3rym mowa w art. 265 ust.5<\/strong><\/p>\n\n\n\n<p><strong>\u2013 przepisy wewn\u0119trzne<\/strong><strong><a href=\"https:\/\/monitor.uksw.edu.pl\/docs\/5678\" target=\"_blank\" rel=\"noreferrer noopener\">&nbsp;Zarz\u0105dzenie Nr 86\/2020 Rektora UKSW z dnia 17 grudnia 2020 roku<\/a><\/strong><\/p>\n\n\n\n<p><strong>kto sk\u0142ada:<\/strong><\/p>\n\n\n\n<ul class=\"wp-block-list\">\n<li>wy\u0142\u0105cznie osoba prowadz\u0105ca dzia\u0142alno\u015b\u0107 naukow\u0105,<\/li>\n\n\n\n<li>tylko w jednym podmiocie spo\u015br\u00f3d tych, w kt\u00f3rych jest zatrudniona,<\/li>\n\n\n\n<li>w o\u015bwiadczeniu nale\u017cy wskaza\u0107 te dyscypliny (lub jedn\u0105 z nich), kt\u00f3re zosta\u0142y wskazane w o\u015bwiadczeniu o dyscyplinach z\u0142o\u017conym w UKSW.<\/li>\n<\/ul>\n\n\n\n<p><strong>terminy:<\/strong><\/p>\n\n\n\n<ul class=\"wp-block-list\">\n<li>po raz pierwszy \u2013 do 31 grudnia 2018 r.,<\/li>\n\n\n\n<li>p\u00f3\u017aniej \u2013 w terminie 14 dni od dnia zatrudnienia, nie p\u00f3\u017aniej&nbsp;ni\u017c do dnia 31 grudnia roku rozpocz\u0119cia zatrudnienia,<\/li>\n\n\n\n<li>w przypadku zmiany dyscypliny o\u015bwiadczenie sk\u0142ada si\u0119&nbsp;ponownie i niezw\u0142ocznie,<\/li>\n\n\n\n<li>o\u015bwiadczenie ma charakter bezterminowy i wygasa&nbsp;automatycznie z chwil\u0105 ustania zatrudnienia;<\/li>\n<\/ul>\n\n\n\n<p><strong>mo\u017ce zosta\u0107 wycofane w przypadku:<\/strong><\/p>\n\n\n\n<ul class=\"wp-block-list\">\n<li>ch\u0119ci z\u0142o\u017cenia o\u015bwiadczenia&nbsp;<strong>w innym miejscu pracy<\/strong>,<\/li>\n\n\n\n<li><strong>zaprzestania<\/strong>&nbsp;prowadzenia dzia\u0142alno\u015bci naukowej:<\/li>\n<\/ul>\n\n\n\n<p><strong>konsekwencje z\u0142o\u017cenia o\u015bwiadczenia:<\/strong><\/p>\n\n\n\n<ul class=\"wp-block-list\">\n<li>podmiot, w kt\u00f3rym w danej dyscyplinie co najmniej 12 pracownik\u00f3w w przeliczeniu na pe\u0142ny wymiar&nbsp;czasu pracy z\u0142o\u017cy\u0142o o\u015bwiadczenie, jest poddawany&nbsp;ewaluacji w tej dyscyplinie,<\/li>\n\n\n\n<li>kwestie finansowe \u2013 uwzgl\u0119dnianie w algorytmie&nbsp;podzia\u0142u subwencji;<\/li>\n<\/ul>\n\n\n\n<hr class=\"wp-block-separator has-alpha-channel-opacity\"\/>\n\n\n\n<p><strong>O\u015bwiadczenie o dyscyplinach naukowych, o kt\u00f3rym mowa w art. 343 ust.7<\/strong><\/p>\n\n\n\n<p><strong>\u2013 przepisy wewn\u0119trzne<\/strong><strong><a href=\"https:\/\/monitor.uksw.edu.pl\/docs\/5678\" target=\"_blank\" rel=\"noreferrer noopener\">&nbsp;Zarz\u0105dzenie Nr 86\/2020 Rektora UKSW z dnia 17 grudnia 2020 roku<\/a><\/strong><\/p>\n\n\n\n<p><strong>kto sk\u0142ada:<\/strong><\/p>\n\n\n\n<ul class=\"wp-block-list\">\n<li>osoba prowadz\u0105ca dzia\u0142alno\u015b\u0107 naukow\u0105,<\/li>\n\n\n\n<li>osoba bior\u0105ca udzia\u0142 wprowadzeniu dzia\u0142alno\u015bci naukowej;<\/li>\n<\/ul>\n\n\n\n<p><strong>ile dyscyplin mo\u017cna reprezentowa\u0107:<\/strong><\/p>\n\n\n\n<p>ka\u017cdy pracownik mo\u017ce reprezentowa\u0107 maksymalnie 2 dyscypliny we wszystkich podmiotach w kt\u00f3rych jest zatrudniony.<\/p>\n\n\n\n<p><strong>co nale\u017cy wzi\u0105\u0107 pod uwag\u0119 sk\u0142adaj\u0105c o\u015bwiadczenie:<\/strong><\/p>\n\n\n\n<p>ostatnio uzyskany stopie\u0144 (dr, dr hab.) lub tytu\u0142 profesora&nbsp;lub&nbsp;aktualny dorobek naukowy lub artystyczny<\/p>\n\n\n\n<p><strong>do kiedy nale\u017cy z\u0142o\u017cy\u0107 o\u015bwiadczenie:<\/strong><\/p>\n\n\n\n<ul class=\"wp-block-list\">\n<li>po raz pierwszy \u2013 do 30 listopada 2018 r.,<\/li>\n\n\n\n<li>p\u00f3\u017aniej \u2013 nowo zatrudniony pracownik w terminie 14 dni od&nbsp;dnia zatrudnienia, jednak nie p\u00f3\u017aniej ni\u017c do dnia 31 grudnia roku zatrudnienia,<\/li>\n\n\n\n<li>zmiana nie cz\u0119\u015bciej ni\u017c raz na 2 lata \u2013&nbsp;<strong>zapoznaj si\u0119 z instrukcj\u0105,<\/strong><\/li>\n\n\n\n<li>ma charakter bezterminowy i wygasa&nbsp;automatycznie z chwil\u0105 ustania zatrudnienia:<\/li>\n<\/ul>\n\n\n\n<p><strong>kolejno\u015b\u0107 dyscyplin:<\/strong><\/p>\n\n\n\n<ul class=\"wp-block-list\">\n<li>kolejno\u015b\u0107 wskazanych dyscyplin jest wskaz\u00f3wk\u0105 dla Zintegrowanego Systemu&nbsp;Informacji o Szkolnictwie Wy\u017cszym i Nauce POL-on, jak domy\u015blnie maj\u0105 by\u0107&nbsp;przyporz\u0105dkowywane osi\u0105gni\u0119cia pracownika prowadz\u0105cego dzia\u0142alno\u015b\u0107&nbsp;naukow\u0105 w dw\u00f3ch dyscyplinach,<\/li>\n\n\n\n<li>aby jak najbardziej u\u0142atwi\u0107 prac\u0119 sprawozdawcom, jako pierwsz\u0105 sugeruje si\u0119 wskaza\u0107 dyscyplin\u0119, w kt\u00f3rej przewidywana jest wi\u0119ksza liczba osi\u0105gni\u0119\u0107 naukowych lub w kt\u00f3rej udzia\u0142 czasu pracy b\u0119dzie wi\u0119kszy, do pierwszej ze wskazanych dyscyplin w o\u015bwiadczeniu, przyporz\u0105dkowywane b\u0119d\u0105 automatycznie w systemie POL-on osi\u0105gni\u0119cia danego pracownika (aby nie by\u0142o potrzeby wskazywania wszystkich r\u0119cznie),<\/li>\n\n\n\n<li>przyporz\u0105dkowanie osi\u0105gni\u0119\u0107 b\u0119dzie mog\u0142o by\u0107 zmienione w ka\u017cdej chwili,<\/li>\n\n\n\n<li>o\u015bwiadczenie&nbsp;<strong>nie mo\u017ce zosta\u0107 zmienione przed up\u0142ywem 2 lat od z\u0142o\u017cenia poprzedniego o\u015bwiadczenia,&nbsp;<\/strong>ale zmiana kolejno\u015bci dyscyplin mo\u017ce by\u0107 dokonana w ka\u017cdym czasie;<\/li>\n<\/ul>\n\n\n\n<p><strong>udzia\u0142 czasu pracy w dyscyplinie:<\/strong><\/p>\n\n\n\n<ul class=\"wp-block-list\">\n<li>osoby, kt\u00f3re z\u0142o\u017cy\u0142y w danym podmiocie o\u015bwiadczenie o&nbsp;reprezentowaniu 2 dyscyplin i w co najmniej jednej z nich prowadz\u0105 dzia\u0142alno\u015b\u0107 naukow\u0105, powinny wskaza\u0107 informacj\u0119 o udziale czasu pracy w dyscyplinie,<\/li>\n\n\n\n<li>udzia\u0142 czasu pracy w dyscyplinie nie jest elementem o\u015bwiadczenia,<\/li>\n\n\n\n<li>ministerstwo przewiduje, \u017ce informacje o udziale czasu pracy w dyscyplinie b\u0119d\u0105 podawane z dok\u0142adno\u015bci\u0105 do \u00bc, w zwi\u0105zku z czym s\u0105 mo\u017cliwe dwie relacje: 50\/50 oraz 75\/25.<\/li>\n\n\n\n<li>dobr\u0105 praktyk\u0105 b\u0119dzie uzgadnianie wymiaru czasu pracy mi\u0119dzy pracodawc\u0105 a zainteresowanym pracownikiem.<\/li>\n<\/ul>\n\n\n\n<hr class=\"wp-block-separator has-alpha-channel-opacity\"\/>\n\n\n\n<p><strong>O\u015bwiadczenie upowa\u017cniaj\u0105ce podmiot do wykazania osi\u0105gni\u0119\u0107, o kt\u00f3rym mowa w art. 265 ust.13<\/strong><\/p>\n\n\n\n<p><strong>\u2013 przepisy wewn\u0119trzne<\/strong><strong><a href=\"https:\/\/monitor.uksw.edu.pl\/docs\/5685\" target=\"_blank\" rel=\"noreferrer noopener\">&nbsp;Zarz\u0105dzenie Nr 45\/2020 Rektora UKSW z dnia 10 lipca 2020 rokuz p\u00f3\u017an. zmianami<\/a><\/strong><\/p>\n\n\n\n<p><strong>kto sk\u0142ada:<\/strong><\/p>\n\n\n\n<p>osoba, kt\u00f3rej osi\u0105gni\u0119cia s\u0105 wykazywane na potrzeby ewaluacji:<\/p>\n\n\n\n<ul class=\"wp-block-list\">\n<li>pracownicy prowadz\u0105cy dzia\u0142alno\u015b\u0107 naukow\u0105,<\/li>\n\n\n\n<li>doktoranci ze szko\u0142y doktorskiej:&nbsp;w dyscyplinie, w kt\u00f3rej jest przygotowywana rozprawa doktorska albo&nbsp;&nbsp;w jednej z dyscyplin zawieraj\u0105cych si\u0119 w dziedzinie, w kt\u00f3rej jest przygotowywana rozprawa doktorska;<\/li>\n<\/ul>\n\n\n\n<p><strong>terminy:<\/strong><\/p>\n\n\n\n<ul class=\"wp-block-list\">\n<li><strong>nie jest&nbsp;<\/strong>wymagane sk\u0142adanie o\u015bwiadczenia&nbsp;<strong>do ka\u017cdego osi\u0105gni\u0119cia,<\/strong><\/li>\n\n\n\n<li>w UKSW terminy sk\u0142adnia o\u015bwiadcze\u0144 reguluje\u00a0<a href=\"https:\/\/monitor.uksw.edu.pl\/docs\/5685\" target=\"_blank\" rel=\"noreferrer noopener\">Zarz\u0105dzenie Nr 45\/2020 Rektora UKSW z dn. 10 lipca 2020 r. z p\u00f3\u017cn. zmianami<\/a>;<\/li>\n<\/ul>\n\n\n\n<figure class=\"wp-block-image size-full\"><img decoding=\"async\" width=\"824\" height=\"232\" src=\"https:\/\/ewaluacja.uksw.edu.pl\/wp-content\/uploads\/sites\/20\/2022\/11\/terminy-oswiadczen-1.jpg\" alt=\"tabela termin\u00f3w o\u015bwiadcze\u0144\" class=\"wp-image-3925\" srcset=\"https:\/\/ewaluacja.uksw.edu.pl\/wp-content\/uploads\/sites\/20\/2022\/11\/terminy-oswiadczen-1.jpg 824w, https:\/\/ewaluacja.uksw.edu.pl\/wp-content\/uploads\/sites\/20\/2022\/11\/terminy-oswiadczen-1-300x84.jpg 300w, https:\/\/ewaluacja.uksw.edu.pl\/wp-content\/uploads\/sites\/20\/2022\/11\/terminy-oswiadczen-1-768x216.jpg 768w, https:\/\/ewaluacja.uksw.edu.pl\/wp-content\/uploads\/sites\/20\/2022\/11\/terminy-oswiadczen-1-350x100.jpg 350w\" sizes=\"(max-width: 824px) 100vw, 824px\" \/><\/figure>\n\n\n\n<h2 class=\"wp-block-heading\">wa\u017cne informacje:<\/h2>\n\n\n\n<ul class=\"wp-block-list\">\n<li>osi\u0105gni\u0119cia wskazane przez naukowca&nbsp;<strong>powinny by\u0107 zwi\u0105zane z dyscyplin\u0105,<\/strong>&nbsp;w ramach kt\u00f3rej b\u0119dzie dokonywana ewaluacja,<\/li>\n\n\n\n<li>w przypadku oczywistego braku zwi\u0105zku mi\u0119dzy tematyk\u0105 osi\u0105gni\u0119cia, a badaniami naukowymi lub pracami rozwojowymi prowadzonymi przez podmiot w danej dyscyplinie, KEN mo\u017ce odrzuci\u0107 takie osi\u0105gni\u0119cie,<\/li>\n\n\n\n<li>w przypadku nieuwzgl\u0119dnienia w ewaluacji nie b\u0119dzie mo\u017cliwo\u015bci dodatkowego zg\u0142oszenia innego osi\u0105gni\u0119cia,<\/li>\n\n\n\n<li>w przypadku pracownik\u00f3w prowadz\u0105cych dzia\u0142alno\u015b\u0107 naukow\u0105 w dw\u00f3ch dyscyplinach nale\u017cy przypisa\u0107 ka\u017cde z osi\u0105gni\u0119\u0107 do odpowiedniej dyscypliny.<\/li>\n<\/ul>\n","protected":false},"excerpt":{"rendered":"<p>O\u015bwiadczenia istotne z punktu widzenia procesu ewaluacji jako\u015bci dzia\u0142alno\u015bci naukowej: o\u015bwiadczenie upowa\u017cniaj\u0105ce podmiot do wykazania osi\u0105gni\u0119\u0107, o kt\u00f3rym mowa w art. 265 ust.13,\u00a0wraz z wykazem osi\u0105gni\u0119\u0107 naukowych: ww. wzory obowi\u0105zuj\u0105 wraz z Za\u0142\u0105cznikiem Nr 5 stanowi\u0105cym wz\u00f3r wykazu publikacji naukowych oraz wykaz patent\u00f3w na wynalazki i prawa ochronne na wzory u\u017cytkowe. O\u015bwiadczenie o liczbie \u201eN\u201d, [&hellip;]<\/p>\n","protected":false},"author":1,"featured_media":0,"parent":3826,"menu_order":14,"comment_status":"closed","ping_status":"closed","template":"page-templates\/template-sub-page.php","meta":{"_acf_changed":false,"inline_featured_image":false,"footnotes":"","_links_to":"","_links_to_target":""},"class_list":["post-3838","page","type-page","status-publish","hentry"],"acf":[],"_links":{"self":[{"href":"https:\/\/ewaluacja.uksw.edu.pl\/pl\/wp-json\/wp\/v2\/pages\/3838","targetHints":{"allow":["GET"]}}],"collection":[{"href":"https:\/\/ewaluacja.uksw.edu.pl\/pl\/wp-json\/wp\/v2\/pages"}],"about":[{"href":"https:\/\/ewaluacja.uksw.edu.pl\/pl\/wp-json\/wp\/v2\/types\/page"}],"author":[{"embeddable":true,"href":"https:\/\/ewaluacja.uksw.edu.pl\/pl\/wp-json\/wp\/v2\/users\/1"}],"replies":[{"embeddable":true,"href":"https:\/\/ewaluacja.uksw.edu.pl\/pl\/wp-json\/wp\/v2\/comments?post=3838"}],"version-history":[{"count":2,"href":"https:\/\/ewaluacja.uksw.edu.pl\/pl\/wp-json\/wp\/v2\/pages\/3838\/revisions"}],"predecessor-version":[{"id":3927,"href":"https:\/\/ewaluacja.uksw.edu.pl\/pl\/wp-json\/wp\/v2\/pages\/3838\/revisions\/3927"}],"up":[{"embeddable":true,"href":"https:\/\/ewaluacja.uksw.edu.pl\/pl\/wp-json\/wp\/v2\/pages\/3826"}],"wp:attachment":[{"href":"https:\/\/ewaluacja.uksw.edu.pl\/pl\/wp-json\/wp\/v2\/media?parent=3838"}],"curies":[{"name":"wp","href":"https:\/\/api.w.org\/{rel}","templated":true}]}}