{"id":3839,"date":"2022-11-23T12:06:51","date_gmt":"2022-11-23T11:06:51","guid":{"rendered":"https:\/\/jednostki.uksw.edu.pl\/ewaluacja\/nauczyciel-akademicki\/zmiana-dyscypliny\/"},"modified":"2022-11-23T13:07:47","modified_gmt":"2022-11-23T12:07:47","slug":"zmiana-dyscypliny","status":"publish","type":"page","link":"https:\/\/ewaluacja.uksw.edu.pl\/nauczyciel-akademicki\/zmiana-dyscypliny\/","title":{"rendered":"Zmiana dyscypliny"},"content":{"rendered":"\n<h2 class=\"wp-block-heading\">Zmiana dotychczasowo reprezentowanej dziedziny nauki i dyscypliny naukowej<\/h2>\n\n\n\n<p>Zmiany w zakresie reprezentowanej dyscypliny lub dyscyplin naukowych, a tak\u017ce procentowego udzia\u0142u czasu pracy w dyscyplinach&nbsp;<strong>mo\u017cna dokona\u0107 po up\u0142ywie okresu minimum dw\u00f3ch lat od daty z\u0142o\u017cenia ostatniego o\u015bwiadczenia o dyscyplinach<\/strong>, zgodnie z art. 343 ust. 7 ustawy.<\/p>\n\n\n\n<p>Zasady zmiany reguluj\u0105 zapisy w&nbsp;<a href=\"https:\/\/monitor.uksw.edu.pl\/docs\/5678\" target=\"_blank\" rel=\"noreferrer noopener\">Zarz\u0105dzeniu Nr 86\/2020 Rektora UKSW z dnia 17 grudnia 2020 roku.<\/a><\/p>\n\n\n\r\n<div class=\"\">\r\n\r\n\r\n<div class=\"row\">\r\n\r\n  \r\n<div class=\"col-xl-12 col-lg-12 col-md-12 col-sm-12 \">\r\n\t\t<div class=\"download_detils\">\r\n\t\t\t<a href=\"https:\/\/ewaluacja.uksw.edu.pl\/wp-content\/uploads\/sites\/20\/2022\/11\/zal_4_86.docx\"  title=\"Informacja o zamiarze zmiany dziedziny nauki lub sztuki i dyscypliny naukowej   lub artystycznej\" download >\r\n\t\t\t<img decoding=\"async\" src=\"https:\/\/ewaluacja.uksw.edu.pl\/wp-content\/themes\/uksw\/images\/import.svg\" alt=\"\"> Informacja o zamiarze zmiany dziedziny nauki lub sztuki i dyscypliny naukowej  \nlub artystycznej [DOCX,  0.02 MB]<\/a>\r\n\t\t<\/div>\r\n<\/div>\r\n\r\n\r\n\t\t\r\n<div class=\"col-xl-12 col-lg-12 col-md-12 col-sm-12 \">\r\n\t\t<div class=\"download_detils\">\r\n\t\t\t<a href=\"https:\/\/ewaluacja.uksw.edu.pl\/wp-content\/uploads\/sites\/20\/2022\/11\/zal_3_86.docx\"  title=\"Wz\u00f3r druku zmiany dyscypliny naukowej\" download >\r\n\t\t\t<img decoding=\"async\" src=\"https:\/\/ewaluacja.uksw.edu.pl\/wp-content\/themes\/uksw\/images\/import.svg\" alt=\"\"> Wz\u00f3r druku zmiany dyscypliny naukowej [DOCX,  0.02 MB]<\/a>\r\n\t\t<\/div>\r\n<\/div>\r\n\r\n\r\n\t\t\r\n\t\t \r\n\r\n<\/div>\r\n<\/div>\r\n<div class=\"space20\"><\/div>\r\n\r\n","protected":false},"excerpt":{"rendered":"<p>Zmiana dotychczasowo reprezentowanej dziedziny nauki i dyscypliny naukowej Zmiany w zakresie reprezentowanej dyscypliny lub dyscyplin naukowych, a tak\u017ce procentowego udzia\u0142u czasu pracy w dyscyplinach&nbsp;mo\u017cna dokona\u0107 po up\u0142ywie okresu minimum dw\u00f3ch lat od daty z\u0142o\u017cenia ostatniego o\u015bwiadczenia o dyscyplinach, zgodnie z art. 343 ust. 7 ustawy. Zasady zmiany reguluj\u0105 zapisy w&nbsp;Zarz\u0105dzeniu Nr 86\/2020 Rektora UKSW z [&hellip;]<\/p>\n","protected":false},"author":1,"featured_media":0,"parent":3826,"menu_order":15,"comment_status":"closed","ping_status":"closed","template":"page-templates\/template-sub-page.php","meta":{"_acf_changed":false,"inline_featured_image":false,"footnotes":"","_links_to":"","_links_to_target":""},"class_list":["post-3839","page","type-page","status-publish","hentry"],"acf":[],"_links":{"self":[{"href":"https:\/\/ewaluacja.uksw.edu.pl\/pl\/wp-json\/wp\/v2\/pages\/3839","targetHints":{"allow":["GET"]}}],"collection":[{"href":"https:\/\/ewaluacja.uksw.edu.pl\/pl\/wp-json\/wp\/v2\/pages"}],"about":[{"href":"https:\/\/ewaluacja.uksw.edu.pl\/pl\/wp-json\/wp\/v2\/types\/page"}],"author":[{"embeddable":true,"href":"https:\/\/ewaluacja.uksw.edu.pl\/pl\/wp-json\/wp\/v2\/users\/1"}],"replies":[{"embeddable":true,"href":"https:\/\/ewaluacja.uksw.edu.pl\/pl\/wp-json\/wp\/v2\/comments?post=3839"}],"version-history":[{"count":3,"href":"https:\/\/ewaluacja.uksw.edu.pl\/pl\/wp-json\/wp\/v2\/pages\/3839\/revisions"}],"predecessor-version":[{"id":3933,"href":"https:\/\/ewaluacja.uksw.edu.pl\/pl\/wp-json\/wp\/v2\/pages\/3839\/revisions\/3933"}],"up":[{"embeddable":true,"href":"https:\/\/ewaluacja.uksw.edu.pl\/pl\/wp-json\/wp\/v2\/pages\/3826"}],"wp:attachment":[{"href":"https:\/\/ewaluacja.uksw.edu.pl\/pl\/wp-json\/wp\/v2\/media?parent=3839"}],"curies":[{"name":"wp","href":"https:\/\/api.w.org\/{rel}","templated":true}]}}