{"id":3840,"date":"2022-11-23T12:06:52","date_gmt":"2022-11-23T11:06:52","guid":{"rendered":"https:\/\/jednostki.uksw.edu.pl\/ewaluacja\/nauczyciel-akademicki\/orcid\/"},"modified":"2022-11-23T13:12:34","modified_gmt":"2022-11-23T12:12:34","slug":"orcid","status":"publish","type":"page","link":"https:\/\/ewaluacja.uksw.edu.pl\/nauczyciel-akademicki\/orcid\/","title":{"rendered":"ORCID"},"content":{"rendered":"\n<figure class=\"wp-block-image size-large\"><img decoding=\"async\" width=\"221\" height=\"67\" src=\"https:\/\/ewaluacja.uksw.edu.pl\/wp-content\/uploads\/sites\/20\/2022\/11\/orcid.logo_.svg\" alt=\"ORCID\" class=\"wp-image-3947\"\/><\/figure>\n\n\n\n<div style=\"height:16px\" aria-hidden=\"true\" class=\"wp-block-spacer\"><\/div>\n\n\n\n<blockquote class=\"wp-block-quote is-layout-flow wp-block-quote-is-layout-flow\">\n<p><strong>Obowi\u0105zek posiadania przez osob\u0119 prowadz\u0105c\u0105 dzia\u0142alno\u015b\u0107 naukow\u0105 elektronicznego&nbsp;identyfikatora zgodnego z mi\u0119dzynarodowymi standardami&nbsp;<a href=\"http:\/\/orcid.org\/\" target=\"_blank\" rel=\"noreferrer noopener\">Open Researcher and Contributor ID (ORCID)<\/a>&nbsp;reguluje zapis ustawy 2.0&nbsp; art. 265 ust. 11.<\/strong><\/p>\n<cite><em>Monografie naukowe i artyku\u0142y naukowe uwzgl\u0119dnia si\u0119 w ewaluacji, je\u017celi informacje o nich s\u0105 umieszczone w bazie danych dost\u0119pnej za po\u015brednictwem elektronicznego identyfikatora naukowca zgodnego z mi\u0119dzynarodowymi standardami okre\u015blonego na podstawie przepis\u00f3w wydanych na podstawie art. 353 pkt 1.<\/em><\/cite><\/blockquote>\n\n\n\n<p><strong>Informacje wprowadzaj\u0105 do bazy danych osoby prowadz\u0105ce dzia\u0142alno\u015b\u0107 naukow\u0105.<\/strong><\/p>\n\n\n\n<p><strong>Bior\u0105c pod uwag\u0119 powy\u017csze zapisy nale\u017cy pami\u0119ta\u0107 o bie\u017c\u0105cej aktualizacji dorobku naukowego na indywidualnym koncie.<\/strong><\/p>\n\n\n\n<p><strong>Czym jest&nbsp;<a href=\"http:\/\/orcid.org\/\" target=\"_blank\" rel=\"noreferrer noopener\">Open Researcher and Contributor ID (ORCID):<\/a><\/strong><\/p>\n\n\n\n<ul class=\"wp-block-list\">\n<li><strong>unikalny identyfikator naukowca<\/strong>,&nbsp;jednoznacznie identyfikuje autora publikacji;<\/li>\n\n\n\n<li><strong>osi\u0105gni\u0119cia<\/strong>&nbsp;s\u0105&nbsp;<strong>uwzgl\u0119dniane w ewaluacji pod warunkiem&nbsp;<\/strong><strong>umieszczenia<\/strong>&nbsp;ich&nbsp;<strong>na koncie ORCID<\/strong>;<\/li>\n\n\n\n<li><strong>informacje<\/strong>&nbsp;dotycz\u0105ce osi\u0105gni\u0119\u0107,&nbsp;<strong>wprowadzaj\u0105 do ORCID osoby prowadz\u0105ce dzia\u0142alno\u015b\u0107 naukow\u0105;<\/strong><\/li>\n\n\n\n<li>na koncie ORCID mo\u017cna zamieszcza\u0107 r\u00f3wnie\u017c informacje o w\u0142asnych&nbsp;grantach, zatrudnieniu oraz wykszta\u0142ceniu czy&nbsp;uzyskanych stopniach lub tytu\u0142ach.<\/li>\n<\/ul>\n\n\n\n<p><strong>Korzy\u015bci z powi\u0105zania ORCID z PBN:<\/strong><\/p>\n\n\n\n<ul class=\"wp-block-list\">\n<li>brak ryzyka b\u0142\u0119d\u00f3w w numerach ORCID;<\/li>\n\n\n\n<li>dzi\u0119ki powi\u0105zaniu konta PBN z profilem autora w ORCID i POL-on, numery ORCID b\u0119d\u0105&nbsp;mog\u0142y zasili\u0107 rejestry PBN;<\/li>\n\n\n\n<li>mo\u017cliwe szybkie pobieranie danych z konta autora w ORCID do systemu PBN;<\/li>\n\n\n\n<li>mo\u017cliwe wysy\u0142anie przez PBN publikacji na konta autor\u00f3w w ORCID (po uzyskaniu zgody autora).<\/li>\n<\/ul>\n\n\n\n<p><strong>Uwaga:&nbsp;<\/strong>przy zak\u0142adaniu konta nale\u017cy w ustawieniach widoczno\u015bci, pami\u0119ta\u0107 o wyborze opcji konta publicznego:&nbsp;<strong>\u201eEveryone\u201d<\/strong>, co umo\u017cliwi wymian\u0119 informacji pomi\u0119dzy systemami bior\u0105cymi udzia\u0142 w procesie ewaluacji.<\/p>\n\n\n\n<figure class=\"wp-block-image size-full\"><img decoding=\"async\" width=\"768\" height=\"173\" src=\"https:\/\/ewaluacja.uksw.edu.pl\/wp-content\/uploads\/sites\/20\/2022\/11\/do-orcid-768x173-1.jpg\" alt=\"\" class=\"wp-image-3942\" srcset=\"https:\/\/ewaluacja.uksw.edu.pl\/wp-content\/uploads\/sites\/20\/2022\/11\/do-orcid-768x173-1.jpg 768w, https:\/\/ewaluacja.uksw.edu.pl\/wp-content\/uploads\/sites\/20\/2022\/11\/do-orcid-768x173-1-300x68.jpg 300w\" sizes=\"(max-width: 768px) 100vw, 768px\" \/><\/figure>\n\n\n\n<p><strong>Jak za\u0142o\u017cy\u0107 ORCID?<\/strong><a href=\"https:\/\/ewaluacja.uksw.edu.pl\/wp-content\/uploads\/2020\/11\/PBN_ORCID_V2.pdf\" target=\"_blank\" rel=\"noreferrer noopener\">&nbsp;<\/a><\/p>\n\n\n\r\n<div class=\"\">\r\n\r\n\r\n<div class=\"row\">\r\n\r\n  \r\n<div class=\"col-xl-12 col-lg-12 col-md-12 col-sm-12 \">\r\n\t\t<div class=\"download_detils\">\r\n\t\t\t<a href=\"https:\/\/ewaluacja.uksw.edu.pl\/wp-content\/uploads\/sites\/20\/2022\/11\/PBN_ORCID_V2.pdf\"  target=\"_blank\" >\r\n\t\t\t<img decoding=\"async\" src=\"https:\/\/ewaluacja.uksw.edu.pl\/wp-content\/themes\/uksw\/images\/import.svg\" alt=\"\"> Instrukcja zak\u0142adania konta ORCID i powi\u0105za\u0144 [PDF,  0.50 MB]<\/a>\r\n\t\t<\/div>\r\n<\/div>\r\n\r\n\r\n\t\t\r\n\t\t \r\n\r\n<\/div>\r\n<\/div>\r\n<div class=\"space20\"><\/div>\r\n\r\n","protected":false},"excerpt":{"rendered":"<p>Obowi\u0105zek posiadania przez osob\u0119 prowadz\u0105c\u0105 dzia\u0142alno\u015b\u0107 naukow\u0105 elektronicznego&nbsp;identyfikatora zgodnego z mi\u0119dzynarodowymi standardami&nbsp;Open Researcher and Contributor ID (ORCID)&nbsp;reguluje zapis ustawy 2.0&nbsp; art. 265 ust. 11. Monografie naukowe i artyku\u0142y naukowe uwzgl\u0119dnia si\u0119 w ewaluacji, je\u017celi informacje o nich s\u0105 umieszczone w bazie danych dost\u0119pnej za po\u015brednictwem elektronicznego identyfikatora naukowca zgodnego z mi\u0119dzynarodowymi standardami okre\u015blonego na podstawie [&hellip;]<\/p>\n","protected":false},"author":1,"featured_media":0,"parent":3826,"menu_order":16,"comment_status":"closed","ping_status":"closed","template":"page-templates\/template-sub-page.php","meta":{"_acf_changed":false,"inline_featured_image":false,"footnotes":"","_links_to":"","_links_to_target":""},"class_list":["post-3840","page","type-page","status-publish","hentry"],"acf":[],"_links":{"self":[{"href":"https:\/\/ewaluacja.uksw.edu.pl\/pl\/wp-json\/wp\/v2\/pages\/3840","targetHints":{"allow":["GET"]}}],"collection":[{"href":"https:\/\/ewaluacja.uksw.edu.pl\/pl\/wp-json\/wp\/v2\/pages"}],"about":[{"href":"https:\/\/ewaluacja.uksw.edu.pl\/pl\/wp-json\/wp\/v2\/types\/page"}],"author":[{"embeddable":true,"href":"https:\/\/ewaluacja.uksw.edu.pl\/pl\/wp-json\/wp\/v2\/users\/1"}],"replies":[{"embeddable":true,"href":"https:\/\/ewaluacja.uksw.edu.pl\/pl\/wp-json\/wp\/v2\/comments?post=3840"}],"version-history":[{"count":7,"href":"https:\/\/ewaluacja.uksw.edu.pl\/pl\/wp-json\/wp\/v2\/pages\/3840\/revisions"}],"predecessor-version":[{"id":4057,"href":"https:\/\/ewaluacja.uksw.edu.pl\/pl\/wp-json\/wp\/v2\/pages\/3840\/revisions\/4057"}],"up":[{"embeddable":true,"href":"https:\/\/ewaluacja.uksw.edu.pl\/pl\/wp-json\/wp\/v2\/pages\/3826"}],"wp:attachment":[{"href":"https:\/\/ewaluacja.uksw.edu.pl\/pl\/wp-json\/wp\/v2\/media?parent=3840"}],"curies":[{"name":"wp","href":"https:\/\/api.w.org\/{rel}","templated":true}]}}